{"id":11563,"date":"2024-09-13T13:19:49","date_gmt":"2024-09-13T13:19:49","guid":{"rendered":"https:\/\/travelshelper.com\/staging\/?page_id=11563"},"modified":"2026-03-12T17:15:17","modified_gmt":"2026-03-12T17:15:17","slug":"kaunas","status":"publish","type":"page","link":"https:\/\/travelshelper.com\/cs\/destinations\/europe\/lithuania\/kaunas\/","title":{"rendered":"Kaunas"},"content":{"rendered":"<p>Kaunas je druh\u00e9 nejv\u011bt\u0161\u00ed m\u011bsto v Litv\u011b, kde \u017eije p\u0159ibli\u017en\u011b 391 000 obyvatel ve funk\u010dn\u00ed m\u011bstsk\u00e9 oblasti (2021) a p\u0159ibli\u017en\u011b 448 000 obyvatel v \u0161ir\u0161\u00ed m\u011bstsk\u00e9 a okresn\u00ed oblasti (2022), a rozkl\u00e1d\u00e1 se na plo\u0161e 15 700 hektar\u016f. Od sv\u00fdch st\u0159edov\u011bk\u00fdch po\u010d\u00e1tk\u016f jako\u017eto okresn\u00edho m\u011bsta v r\u00e1mci Litevsk\u00e9ho velkokn\u00ed\u017eectv\u00ed a\u017e po sou\u010dasn\u00fd status pam\u00e1tky UNESCO z\u016fstal Kaunas centrem hospod\u00e1\u0159sk\u00e9, akademick\u00e9 a kulturn\u00ed vitality.<\/p>\n<p>Od sv\u00e9 prvn\u00ed zm\u00ednky na po\u010d\u00e1tku patn\u00e1ct\u00e9ho stolet\u00ed zauj\u00edm\u00e1 Kaunas strategick\u00fd uzlov\u00fd bod v administrativn\u00edm r\u00e1mci Trakajsk\u00e9ho kn\u00ed\u017eectv\u00ed. Do roku 1413 osada dos\u00e1hla statusu okresu a b\u011bhem rusk\u00e9ho carsk\u00e9ho obdob\u00ed (1843\u20131915) fungovala jako hlavn\u00ed m\u011bsto Kaunask\u00e9 gubernie. P\u0159\u00edchod \u017eeleznice v roce 1862 \u2013 poznamenan\u00fd v\u00fdstavbou viaduktu p\u0159es N\u011bman a dvouproud\u00e9ho \u017eelezni\u010dn\u00edho tunelu \u2013 katalyzoval expanzi m\u011bst a prom\u011bnil m\u011bsto v kl\u00ed\u010dov\u00e9 logistick\u00e9 spojen\u00ed mezi Petrohradem a n\u011bmeckou celn\u00ed uni\u00ed. Pod\u00e9l b\u0159eh\u016f \u0159eky se rozr\u016fstaly textiln\u00ed, metalurgick\u00e9 a potravin\u00e1\u0159sk\u00e9 pr\u016fmyslov\u00e9 podniky, zat\u00edmco prvn\u00ed most spojuj\u00edc\u00ed dne\u0161n\u00ed \u017daliakalnis vznikl v roce 1889 a p\u0159edznamenal r\u016fst m\u011bsta za jeho st\u0159edov\u011bk\u00e9 j\u00e1dro.<\/p>\n<p>Meziv\u00e1le\u010dn\u00e9 obdob\u00ed nov\u011b definovalo identitu Kaunasu. Kdy\u017e Vilnius v roce 1920 padl pod polskou spr\u00e1vu, Kaunas p\u0159evzal roli do\u010dasn\u00e9ho n\u00e1rodn\u00edho hlavn\u00edho m\u011bsta. B\u011bhem n\u00e1sleduj\u00edc\u00edch dvou desetilet\u00ed se m\u011bsto vyvinulo v ohnisko intelektu\u00e1ln\u00edho b\u00e1d\u00e1n\u00ed a estetick\u00fdch inovac\u00ed. Architekti a stavitel\u00e9 p\u0159ijali jak styl art deco, tak i lidov\u00fd jazyk litevsk\u00e9ho n\u00e1rodn\u00edho obrozen\u00ed a vytvo\u0159ili soubor budov, jejich\u017e hranat\u00e9 profily a geometrick\u00e9 ornamenty p\u0159ipom\u00ednaj\u00ed ducha modernismu po\u010d\u00e1tku dvac\u00e1t\u00e9ho stolet\u00ed. Kav\u00e1rny se mno\u017eily pod\u00e9l t\u0159\u00eddy Svobody \u2013 Laisv\u0117s al\u0117ja \u2013 zat\u00edmco salony a p\u0159edn\u00e1\u0161kov\u00e9 s\u00e1ly hostily debaty o literatu\u0159e, filozofii a baltsk\u00e9m regionalismu. Tato epocha rozkv\u011btu zanechala m\u011bstsk\u00fd palimpsest tak osobit\u00fd, \u017ee v roce 2023 UNESCO zapsalo meziv\u00e1le\u010dn\u00e9 centrum Kaunasu na seznam sv\u011btov\u00e9ho d\u011bdictv\u00ed UNESCO a uznalo ho za jedine\u010dn\u00fd evropsk\u00fd m\u011bstsk\u00fd projev modernistick\u00e9ho urbanistick\u00e9ho pl\u00e1nov\u00e1n\u00ed a designov\u00e9ho d\u011bdictv\u00ed.<\/p>\n<p>Sov\u011btsk\u00e1 okupace p\u0159inesla kontrastn\u00ed kapitolu centralizovan\u00e9ho pl\u00e1nov\u00e1n\u00ed a d\u016frazu na t\u011b\u017ek\u00fd pr\u016fmysl. Na okraji m\u011bsta se rozr\u016fstaly tov\u00e1rny zam\u011b\u0159en\u00e9 na chemickou v\u00fdrobu, farmaceutick\u00fd pr\u016fmysl a zpracov\u00e1n\u00ed d\u0159eva. Obytn\u00e9 mikro\u010dtvrti se ty\u010dily v opakuj\u00edc\u00edch se siluetech, jejich\u017e jednotn\u00e9 fas\u00e1dy byly p\u0159eru\u0161ov\u00e1ny pouze spole\u010dn\u00fdmi dvorky a prefabrikovan\u00fdmi vchody. Kulturn\u00ed instituce sice byly pod ideologick\u00fdm drobnohledem, p\u0159esto i nad\u00e1le \u017eivily m\u00edstn\u00ed um\u011bleck\u00e9 vrstvy \u2013 zejm\u00e9na prost\u0159ednictv\u00edm Kaunask\u00e9ho st\u00e1tn\u00edho hudebn\u00edho divadla a Muzea Dev\u00e1t\u00e9 pevnosti, kde byly v\u00e1le\u010dn\u00e9 krutosti p\u0159ipom\u00edn\u00e1ny st\u0159\u00edzliv\u00fdmi v\u00fdstavami. Dv\u011b m\u011bstsk\u00e9 lanovky, slavnostn\u011b otev\u0159en\u00e9 ve 30. letech 20. stolet\u00ed, st\u00e1le stoupaj\u00ed po svaz\u00edch \u017daliakalnis a Aleksotas, poz\u016fstatk\u016f ob\u010dansky sm\u00fd\u0161lej\u00edc\u00edho \u00e9tosu infrastruktury, kter\u00fd p\u0159e\u017eil ideologick\u00e9 ot\u0159esy poloviny dvac\u00e1t\u00e9ho stolet\u00ed.<\/p>\n<p>S obnoven\u00edm nez\u00e1vislosti v roce 1990 se Kaunas pustil do procesu architektonick\u00e9 renovac\u00ed a ob\u010dansk\u00e9 p\u0159estavby. Ch\u00e1traj\u00edc\u00ed meziv\u00e1le\u010dn\u00e9 s\u00eddla pro\u0161la pe\u010dlivou rekonstrukc\u00ed; radnice z\u00edskala zp\u011bt svou kopuli z osmn\u00e1ct\u00e9ho stolet\u00ed; bulv\u00e1r Liberty Avenue byl obnoven a prom\u011bn\u011bn v p\u011b\u0161\u00ed z\u00f3nu. V roce 2022 se Kaunas stal Evropsk\u00fdm hlavn\u00edm m\u011bstem kultury, co\u017e je symbolick\u00e9 znovuzrozen\u00ed, kter\u00e9 podtrhuje jeho vyv\u00edjej\u00edc\u00ed se kulturn\u00ed panorama: galerie vystavuj\u00edc\u00ed keramiku a st\u0159edov\u011bk\u00e9 rukopisy, experiment\u00e1ln\u00ed divadeln\u00ed soubory a designov\u00e1 bien\u00e1le zd\u016fraz\u0148uj\u00ed trval\u00e9 spojen\u00ed m\u011bsta s lini\u00ed art deco. S\u00eddlo region\u00e1ln\u00edho parku Kaunask\u00e9 p\u0159ehrady a botanick\u00e1 zahrada Univerzity Vytautase Velik\u00e9ho p\u0159ipom\u00ednaj\u00ed obyvatel\u016fm i n\u00e1v\u0161t\u011bvn\u00edk\u016fm ekologick\u00e9 d\u011bdictv\u00ed regionu.<\/p>\n<p>Topograficky se Kaunas rozkl\u00e1d\u00e1 na n\u00ed\u017einn\u00fdch ba\u017ein\u00e1ch a \u0159\u00ed\u010dn\u00edch teras\u00e1ch, kter\u00e9 byly po tis\u00edcilet\u00ed formov\u00e1ny fluvi\u00e1ln\u00edmi z\u00e1\u0159ezy. Soused\u00edc\u00ed les Kazl\u0173 R\u016bda vytv\u00e1\u0159\u00ed lokalizovan\u00e9 mikroklima, kter\u00e9 zm\u00edr\u0148uje zimn\u00ed p\u0159\u00edsnost a sni\u017euje prudkost z\u00e1padn\u00edch poryv\u016f v\u011btru. P\u0159esto\u017ee se m\u011bsto nach\u00e1z\u00ed na pades\u00e1t\u00e9 \u010dtvrt\u00e9 rovnob\u011b\u017ece, m\u00e1 pom\u011brn\u011b m\u00edrn\u00e9 kontinent\u00e1ln\u00ed klima: denn\u00ed sv\u011btlo v letn\u00edm slunci se prodlu\u017euje na sedmn\u00e1ct hodin, zat\u00edmco v zimn\u00edm obdob\u00ed se sni\u017euje na sedm. Pr\u016fm\u011brn\u00e9 letn\u00ed maxima se pohybuj\u00ed kolem 21\u201322 \u00b0C, za \u00fasvitu klesaj\u00ed na zhruba 12 \u00b0C a b\u011bhem obdob\u00ed veder sporadicky stoupaj\u00ed na 30 \u00b0C. V zim\u011b se pr\u016fm\u011brn\u00e9 teploty pohybuj\u00ed mezi -8 a 0 \u00b0C, z\u0159\u00eddka klesaj\u00ed pod -15 \u00b0C. Jaro a podzim proch\u00e1zej\u00ed prudk\u00fdm gradientem od chladn\u00fdch r\u00e1n k m\u00edrn\u00fdm odpoledn\u00edm, \u010d\u00edm\u017e si udr\u017euj\u00ed sez\u00f3nn\u00ed rytmus, kter\u00fd o\u010dek\u00e1vaj\u00ed jak obyvatel\u00e9, tak migruj\u00edc\u00ed ptactvo.<\/p>\n<p>Metropole se rozkl\u00e1d\u00e1 ve dvou hlavn\u00edch \u010dtvrt\u00edch. Star\u00e9 M\u011bsto \u2013 le\u017e\u00edc\u00ed p\u0159esn\u011b na soutoku \u0159ek \u2013 si uchov\u00e1v\u00e1 sm\u011bsici gotick\u00fdch, renesan\u010dn\u00edch a barokn\u00edch pam\u00e1tek. Kaunask\u00fd hrad ze 14. stolet\u00ed s kruhovou v\u011b\u017e\u00ed a cimbu\u0159\u00edm nyn\u00ed host\u00ed st\u0159\u00eddaj\u00edc\u00ed se v\u00fdstavy sou\u010dasn\u00e9ho um\u011bn\u00ed. Nedaleko se nach\u00e1z\u00ed radnice z let 1771\u20131780, kde se nach\u00e1z\u00ed Rotu\u0161\u0117s aik\u0161t\u0117, dl\u00e1\u017ed\u011bn\u00e9 n\u00e1m\u011bst\u00ed, kter\u00e9 bylo kdysi st\u0159edem st\u0159edov\u011bk\u00fdch trh\u016f, soudn\u00edch shrom\u00e1\u017ed\u011bn\u00ed a slavnostn\u00edch ok\u00e1zalost\u00ed. Na ulici Vilniaus stoj\u00ed Prezidentsk\u00fd pal\u00e1c z meziv\u00e1le\u010dn\u00e9 republiky, jeho\u017e neoklasicistn\u00ed portikus evokuje slavnostnost rod\u00edc\u00edho se litevsk\u00e9ho st\u00e1tu. \u00dazk\u00e9 uli\u010dky vedou ke kostelu sv. Ji\u0159\u00ed \u2013 jeho\u017e cihlov\u00e9 klenby sleduj\u00ed poutn\u00ed linie z 15. stolet\u00ed \u2013 a d\u00e1le ke gotick\u00e9mu Perkunasovu domu, kde se kdysi pod vy\u0159ez\u00e1van\u00fdmi d\u0159ev\u011bn\u00fdmi tr\u00e1my sch\u00e1zeli hanzovn\u00ed obchodn\u00edci.<\/p>\n<p>Sm\u011brem na v\u00fdchod se t\u00e1hne Nov\u00e9 M\u011bsto, uspo\u0159\u00e1dan\u00e9 pod\u00e9l klikat\u00e9 p\u011b\u0161\u00ed z\u00f3ny Laisv\u0117s al\u0117ja. Tato 1,6 kilometru dlouh\u00e1 promen\u00e1da, lemovan\u00e1 lipami a dobov\u00fdmi sv\u00edtidly, tvo\u0159\u00ed spole\u010denskou tepnu m\u011bsta. Pod jej\u00edmi korunami prodejci nab\u00edzej\u00ed prchav\u00e9 \u0159emesln\u00e9 v\u00fdrobky, studentsk\u00e9 kav\u00e1rny hu\u010d\u00ed debatami a \u017eiv\u00e1 okna Historick\u00e9ho prezidentsk\u00e9ho pal\u00e1ce l\u00e1kaj\u00ed kolemjdouc\u00ed k prohl\u00eddce origin\u00e1ln\u00edho n\u00e1bytku a st\u00e1tn\u00edch odznak\u016f. Soust\u0159edn\u00e9 polom\u011bry bo\u010dn\u00edch uli\u010dek odhaluj\u00ed instituce, jako je N\u00e1rodn\u00ed muzeum um\u011bn\u00ed M. K. \u010ciurlionise, jeho\u017e fas\u00e1da ve stylu art deco poch\u00e1z\u00ed z 30. let 20. stolet\u00ed, a V\u00e1le\u010dn\u00e9 muzeum Vytautase Velik\u00e9ho s zvonkohrou, z n\u00ed\u017e v poledne zn\u00ed v\u00e1le\u010dn\u00e9 lidov\u00e9 melodie.<\/p>\n<p>Zelen\u00e9 plochy prostupuj\u00ed m\u011bstskou matic\u00ed. \u0104\u017euolynas \u2013 nejv\u011bt\u0161\u00ed m\u011bstsk\u00fd dubov\u00fd porost v Evrop\u011b \u2013 se rozkl\u00e1d\u00e1 na 63 hektarech severov\u00fdchodn\u011b od Star\u00e9ho M\u011bsta a jeho sukovit\u00e9 kmeny chr\u00e1n\u00ed b\u011b\u017eeck\u00e9 stezky a d\u011btsk\u00e1 h\u0159i\u0161t\u011b. Region\u00e1ln\u00ed park Kaunask\u00e9 p\u0159ehrady, zalo\u017een\u00fd v roce 1992 za \u00fa\u010delem ochrany ekologick\u00e9 integrity nejv\u011bt\u0161\u00edho um\u011bl\u00e9ho jezera v Litv\u011b, nab\u00edz\u00ed trasy pro k\u00e1noe a pozorov\u00e1n\u00ed pt\u00e1k\u016f pod\u00e9l pono\u0159en\u00fdch \u0159\u00ed\u010dn\u00edch \u00fadol\u00ed. Po cel\u00e9m m\u011bst\u011b je roztrou\u0161eno \u0161estn\u00e1ct m\u011bstsk\u00fdch park\u016f a n\u011bkolik lesn\u00edch a krajinn\u00fdch rezervac\u00ed, kter\u00e9 dohromady tvo\u0159\u00ed v\u00edce ne\u017e polovinu m\u011bstsk\u00e9ho \u00fazem\u00ed. Botanick\u00e1 zahrada, zalo\u017een\u00e1 v roce 1923, ukr\u00fdv\u00e1 tematick\u00e9 sb\u00edrky \u2013 od alpsk\u00fdch skalek a\u017e po p\u016fvodn\u00ed mok\u0159adn\u00ed fl\u00f3ru \u2013 zat\u00edmco zoologick\u00e1 zahrada v Kaunasu uchov\u00e1v\u00e1 druhy od zubra evropsk\u00e9ho a\u017e po pandy \u010derven\u00e9 z D\u00e1ln\u00e9ho v\u00fdchodu.<\/p>\n<p>Kulturn\u00ed infrastruktura Kaunasu se rozprost\u00edr\u00e1 v des\u00edtk\u00e1ch muze\u00ed a galeri\u00ed. Muzeum \u010f\u00e1bl\u016f vystavuje celosv\u011btovou sb\u00edrku p\u0159ibli\u017en\u011b 3 000 socha\u0159sk\u00fdch reprezentac\u00ed, kter\u00e9 odr\u00e1\u017eej\u00ed folkl\u00f3rn\u00ed p\u0159edstavy lidstva o pekeln\u00e9m sv\u011bt\u011b. Muzeum Dev\u00e1t\u00e9 pevnosti slavnostn\u011b l\u00ed\u010d\u00ed prom\u011bnu pevnosti z carsk\u00e9ho opevn\u011bn\u00ed na m\u00edsto masov\u00fdch vra\u017ed v dob\u011b holocaustu, jej\u00ed betonov\u00e9 st\u0159\u00edlny a podzemn\u00ed tunely jsou tich\u00fdmi sv\u011bdky. Zoologick\u00e9 muzeum Tadase Ivanauskase uchov\u00e1v\u00e1 preparovan\u00e9 exempl\u00e1\u0159e z expedic z devaten\u00e1ct\u00e9ho stolet\u00ed, zat\u00edmco Muzeum drahokam\u016f p\u0159edstavuje k\u0159i\u0161\u0165\u00e1lovou odyseu miner\u00e1l\u016f ze v\u0161ech kontinent\u016f. Akademick\u00e9 instituce \u2013 mezi nimi i Univerzita Vytautase Velik\u00e9ho \u2013 p\u0159itahuj\u00ed tis\u00edce student\u016f a podporuj\u00ed demografick\u00fd dynamismus, kter\u00fd o\u017eivuje sousedsk\u00e9 kav\u00e1rny a knihkupectv\u00ed.<\/p>\n<p>Dopravn\u00ed s\u00ed\u0165 integruje n\u011bkolik druh\u016f dopravy. Mezin\u00e1rodn\u00ed leti\u0161t\u011b Kaunas odbavuje region\u00e1ln\u00ed a n\u00edzkon\u00e1kladov\u00e9 dopravce, zat\u00edmco stolet\u00e9 leti\u0161t\u011b S. Darius a S. Gir\u0117nas slou\u017e\u00ed sportovn\u00edmu letectv\u00ed a Litevsk\u00e9mu leteck\u00e9mu muzeu. Autobusov\u00fd termin\u00e1l po roce 2017 \u2013 nejv\u011bt\u0161\u00ed v Litv\u011b \u2013 spojuje vnitrost\u00e1tn\u00ed a mezin\u00e1rodn\u00ed linky p\u0159es dvacet bran. \u017delezni\u010dn\u00ed doprava proch\u00e1z\u00ed panevropsk\u00fdm koridorem IX a panevropsk\u00fdm koridorem I a spojuje Var\u0161avu, Vilnius a d\u00e1le; p\u0159ipravovan\u00fd segment standardn\u00ed trati Rail Baltica slibuje roz\u0161\u00ed\u0159en\u00ed spojen\u00ed se st\u0159edn\u00ed Evropou. D\u00e1lnice se pavoukovit\u011b roztahuj\u00ed sm\u011brem k Vilniusu (A1) a Klaip\u0117d\u011b (A1 sm\u011br z\u00e1pad) a prot\u00ednaj\u00ed osu Via Baltica (E67) do Var\u0161avy a pobaltsk\u00fdch hlavn\u00edch m\u011bst. Ve m\u011bst\u011b \u010dtrn\u00e1ct trolejbusov\u00fdch a \u010dty\u0159icet t\u0159i autobusov\u00fdch linek \u2013 spravovan\u00fdch spole\u010dnost\u00ed Kauno vie\u0161asis transportas \u2013 zaji\u0161\u0165uje ka\u017edodenn\u00ed doj\u00ed\u017ed\u011bn\u00ed, zat\u00edmco mobiln\u00ed aplikace \u017diogas digitalizuje prodej j\u00edzdenek s bezkontaktn\u00edm komfortem. \u0158\u00ed\u010dn\u00ed doprava p\u0159etrv\u00e1v\u00e1 v podob\u011b mol na \u0159ece Nemunas, a\u010dkoli slu\u017eby k\u0159\u00eddlov\u00fdch lod\u00ed z\u016fst\u00e1vaj\u00ed sporadick\u00e9.<\/p>\n<p>Za m\u011bstsk\u00fdm okrajem obohacuje region \u0159ada pam\u00e1tek. Kl\u00e1\u0161ter Pa\u017eaislis \u2013 barokn\u00ed soubor ze sedmn\u00e1ct\u00e9ho stolet\u00ed, stoj\u00edc\u00ed na \u0159\u00ed\u010dn\u00edm ostrohu \u2013 nese freskovan\u00e9 k\u0159\u00ed\u017eov\u00e9 chodby a zdoben\u00fd kostel Nav\u0161t\u00edven\u00ed Panny Marie. Muzeum Dev\u00e1t\u00e9 pevnosti, zhruba p\u011bt kilometr\u016f severn\u011b, p\u0159ipom\u00edn\u00e1 ob\u011bti v\u00e1le\u010dn\u00fdch zv\u011brstev pod dvaat\u0159icetimetrovou pam\u011btn\u00ed v\u011b\u017e\u00ed. Etnografick\u00e9 d\u011bdictv\u00ed p\u0159etrv\u00e1v\u00e1 v muzeu pod \u0161ir\u00fdm nebem v Rum\u0161i\u0161k\u0117s, kde lidov\u00e9 usedlosti ztv\u00e1r\u0148uj\u00ed venkovskou minulost Litvy. V l\u00e9t\u011b lemuj\u00ed p\u00edse\u010dn\u00e9 pl\u00e1\u017ee pl\u00e1\u017e v parku Panemun\u0117s a pl\u00e1\u017e u jezera Kaunas, kam se lze dostat trolejbusem nebo cyklistick\u00fdmi stezkami pod\u00e9l pono\u0159en\u00fdch \u0159\u00ed\u010dn\u00edch ostr\u016fvk\u016f. D\u016fm Chiune Sugihary p\u0159ipom\u00edn\u00e1 vyd\u00e1n\u00ed \u017eivot zachra\u0148uj\u00edc\u00edch v\u00edz japonsk\u00fdm konzulem v roce 1940 a jeho skromn\u00e9 \u200b\u200bpokoje sv\u011bd\u010d\u00ed o mor\u00e1ln\u00edm p\u0159esv\u011bd\u010den\u00ed uprost\u0159ed geopolitick\u00e9ho kolapsu.<\/p>\n<p>Kaunas byl v pr\u016fb\u011bhu epoch kn\u00ed\u017eec\u00ed vl\u00e1dy, c\u00edsa\u0159sk\u00e9 spr\u00e1vy, republik\u00e1nsk\u00e9 nez\u00e1vislosti a sov\u011btsk\u00e9 okupace sv\u011bdkem prom\u011bnlivosti litevsk\u00fdch d\u011bjin. Jeho vrstevnat\u00e1 architektura \u2013 od st\u0159edov\u011bk\u00fdch hradeb a\u017e po modernistick\u00e9 miln\u00edky \u2013 zt\u011bles\u0148uje m\u011bsto, kter\u00e9 je neust\u00e1le v dialogu se svou minulost\u00ed i budoucnost\u00ed. Kaunas, kter\u00fd dok\u00e1\u017ee zvl\u00e1dat vyv\u00e1\u017een\u00ed p\u0159\u00edrodn\u00ed krajiny s r\u016fstem m\u011bst, kulturn\u00edho d\u011bdictv\u00ed s inovacemi, je d\u016fkazem odolnosti a kreativity v geografick\u00e9m srdci Litvy.<\/p>","protected":false},"excerpt":{"rendered":"<p>Kaunas, druh\u00e9 nejv\u011bt\u0161\u00ed m\u011bsto Litvy, je p\u0159\u00edkladem spletit\u00e9 historie, kultury a ekonomick\u00e9ho pokroku n\u00e1roda. Toto metropolitn\u00ed m\u011bsto, kter\u00e9 se nach\u00e1z\u00ed na soutoku \u0159ek Nemunas a Neris, v\u00fdrazn\u011b utv\u00e1\u0159elo charakter zem\u011b a nad\u00e1le p\u0159edstavuje rozvoj oblasti Baltsk\u00e9ho mo\u0159e.<\/p>","protected":false},"author":1,"featured_media":3040,"parent":11553,"menu_order":0,"comment_status":"closed","ping_status":"closed","template":"elementor_theme","meta":{"_eb_attr":"","footnotes":""},"class_list":["post-11563","page","type-page","status-publish","has-post-thumbnail"],"_links":{"self":[{"href":"https:\/\/travelshelper.com\/cs\/wp-json\/wp\/v2\/pages\/11563","targetHints":{"allow":["GET"]}}],"collection":[{"href":"https:\/\/travelshelper.com\/cs\/wp-json\/wp\/v2\/pages"}],"about":[{"href":"https:\/\/travelshelper.com\/cs\/wp-json\/wp\/v2\/types\/page"}],"author":[{"embeddable":true,"href":"https:\/\/travelshelper.com\/cs\/wp-json\/wp\/v2\/users\/1"}],"replies":[{"embeddable":true,"href":"https:\/\/travelshelper.com\/cs\/wp-json\/wp\/v2\/comments?post=11563"}],"version-history":[{"count":0,"href":"https:\/\/travelshelper.com\/cs\/wp-json\/wp\/v2\/pages\/11563\/revisions"}],"up":[{"embeddable":true,"href":"https:\/\/travelshelper.com\/cs\/wp-json\/wp\/v2\/pages\/11553"}],"wp:featuredmedia":[{"embeddable":true,"href":"https:\/\/travelshelper.com\/cs\/wp-json\/wp\/v2\/media\/3040"}],"wp:attachment":[{"href":"https:\/\/travelshelper.com\/cs\/wp-json\/wp\/v2\/media?parent=11563"}],"curies":[{"name":"wp","href":"https:\/\/api.w.org\/{rel}","templated":true}]}}