{"id":11520,"date":"2024-09-13T01:07:08","date_gmt":"2024-09-13T01:07:08","guid":{"rendered":"https:\/\/travelshelper.com\/staging\/?page_id=11520"},"modified":"2026-03-12T18:25:02","modified_gmt":"2026-03-12T18:25:02","slug":"lucembursko","status":"publish","type":"page","link":"https:\/\/travelshelper.com\/cs\/destinations\/europe\/luxembourg\/","title":{"rendered":"Lucembursko"},"content":{"rendered":"<p>Lucembursk\u00e9 velkov\u00e9vodstv\u00ed zauj\u00edm\u00e1 2 586 kilometr\u016f \u010dtvere\u010dn\u00edch v srdci z\u00e1padn\u00ed Evropy a v roce 2025 zde \u017eilo 681 973 obyvatel. Toto suver\u00e9nn\u00ed velkov\u00e9vodstv\u00ed, zasazen\u00e9 mezi Belgii na z\u00e1pad\u011b a severu, N\u011bmecko na v\u00fdchod\u011b a Francii na jihu, kombinuje kompaktn\u00ed rozm\u011bry s nadm\u011brn\u00fdm v\u00fdznamem. Jeho hlavn\u00ed m\u011bsto Lucemburk se ty\u010d\u00ed nad dramatick\u00fdmi \u0159\u00ed\u010dn\u00edmi \u00fadol\u00edmi a slou\u017e\u00ed jako jedno z hlavn\u00edch s\u00eddel Evropsk\u00e9 unie, kde mimo jin\u00e9 s\u00eddl\u00ed Soudn\u00ed dv\u016fr Evropsk\u00e9 unie. Na sv\u00e9 skromn\u00e9 \u200b\u200brozloze Lucembursko prol\u00edn\u00e1 stalet\u00ed historie, kulturn\u00ed proudy \u010derpaj\u00edc\u00ed od sv\u00fdch soused\u016f a ekonomiku, kter\u00e1 se podle kupn\u00ed s\u00edly trvale \u0159ad\u00ed mezi nejbohat\u0161\u00ed na sv\u011bt\u011b.<\/p>\n<p>Historie Lucemburska za\u010d\u00edn\u00e1 ve vrcholn\u00e9m st\u0159edov\u011bku, kdy se Lucembursk\u00e9 hrabstv\u00ed v jeden\u00e1ct\u00e9m stolet\u00ed dostalo pod z\u00e1\u0161titu Svat\u00e9 \u0159\u00ed\u0161e \u0159\u00edmsk\u00e9. Vzestup jeho vl\u00e1dc\u016f vyvrcholil pov\u00fd\u0161en\u00edm Jind\u0159icha VII. na c\u00edsa\u0159e na po\u010d\u00e1tku \u010dtrn\u00e1ct\u00e9ho stolet\u00ed, \u010d\u00edm\u017e se vytvo\u0159il precedens pro dynastick\u00fd vliv, kter\u00fd sahal i za jeho hranice. Habsbursk\u00e1 nadvl\u00e1da dorazila v patn\u00e1ct\u00e9m stolet\u00ed a po francouzsk\u00e9 anexi v osmn\u00e1ct\u00e9m stolet\u00ed \u00fazem\u00ed pro\u0161lo t\u0159emi po sob\u011b jdouc\u00edmi rozd\u011blen\u00edmi, kter\u00e1 jeho \u00fazem\u00ed zna\u010dn\u011b ukrajovala. V\u00edde\u0148sk\u00fd kongres v roce 1815 obnovil lucemburskou suverenitu, ale teprve po lucembursk\u00e9 krizi v roce 1867 \u2013 kdy evropsk\u00e9 mocnosti st\u00e1ly na pokraji konfliktu o jeho osud \u2013 byla zaru\u010dena pln\u00e1 nez\u00e1vislost a jeho pevnostn\u00ed m\u011bsto zru\u0161eno.<\/p>\n<p>Topografie rozd\u011bluje velkov\u00e9vodstv\u00ed na dv\u011b kontrastn\u00ed oblasti. Severn\u00ed t\u0159etina, zn\u00e1m\u00e1 jako \u00c9islek nebo Oesling, tvo\u0159\u00ed sou\u010d\u00e1st Arden s jeho zvln\u011bn\u00fdmi kopci a zalesn\u011bn\u00fdmi vrchovinami. Zde se vesnice shlukuj\u00ed pod\u00e9l \u00fazk\u00fdch \u00fadol\u00ed a nejvy\u0161\u0161\u00ed nadmo\u0159sk\u00e9 v\u00fd\u0161ky \u2013 Kneiff s nadmo\u0159skou v\u00fd\u0161kou 560 metr\u016f a Buurgplaatz s nadmo\u0159skou v\u00fd\u0161kou 559 metr\u016f \u2013 se ty\u010d\u00ed jen tak tak, aby nab\u00edzely v\u00fdhled, ale ne aby izolovaly. Naproti tomu ji\u017en\u00ed dv\u011b t\u0159etiny, Guttland, odhaluj\u00ed m\u00edrn\u011bj\u0161\u00ed ter\u00e9n a host\u00ed v\u011bt\u0161inu obyvatelstva. P\u00edskovcov\u00e1 plo\u0161ina, kter\u00e1 le\u017e\u00ed kolem Lucemburska, ustupuje na v\u00fdchod\u011b skalnat\u00fdm les\u016fm \u201eMal\u00e9ho \u0160v\u00fdcarska\u201c, zat\u00edmco \u00fadol\u00ed Mosely na jihov\u00fdchod\u011b se rozprost\u00edr\u00e1 do vinic. \u010cerven\u00e9 zem\u011b, kdysi pulzuj\u00edc\u00ed srdce ocel\u00e1\u0159sk\u00e9ho pr\u016fmyslu, st\u00e1le host\u00ed mnoho v\u011bt\u0161\u00edch m\u011bst zem\u011b.<\/p>\n<p>Tuto rozmanitou krajinu prot\u00ednaj\u00ed \u0159eky, kter\u00e9 utv\u00e1\u0159ej\u00ed jak hranice, tak i identitu. \u0158eky Mosela, Sauer a Our vymezuj\u00ed v\u00fdchodn\u00ed hranici s N\u011bmeckem a jejich \u00fadol\u00ed vytv\u00e1\u0159ej\u00ed cesty pro obchod a kulturu. Ve vnitrozem\u00ed p\u0159\u00edtoky jako Alzette, Attert, Clerve a Wiltz vytv\u00e1\u0159ej\u00ed \u00fadol\u00ed, kter\u00e1 kdysi definovala feud\u00e1ln\u00ed panstv\u00ed a dnes spojuj\u00ed m\u011bsta silnic\u00ed a \u017eeleznic\u00ed. St\u0159edn\u00ed \u00fadol\u00ed Sauer a Attert slou\u017e\u00ed tak\u00e9 jako p\u0159irozen\u00e9 odd\u011blen\u00ed mezi zalesn\u011bn\u00fdm severem a lidnat\u011bj\u0161\u00edm jihem, kde \u00farodn\u00e9 p\u016fdy podporovaly os\u00eddlen\u00ed a pr\u016fmysl.<\/p>\n<p>V\u00edcejazy\u010dn\u00fd charakter Lucemburska odr\u00e1\u017e\u00ed jeho polohu mezi rom\u00e1nskou a germ\u00e1nskou Evropou. Lucembur\u0161tina \u2013 moselsk\u00fd franck\u00fd dialekt horn\u00ed n\u011bm\u010diny \u2013 slou\u017e\u00ed jako n\u00e1rodn\u00ed jazyk a symbol m\u00edstn\u00ed identity, zat\u00edmco francouz\u0161tina m\u00e1 v\u00fdhradn\u00ed status v legislativ\u011b a francouz\u0161tina i n\u011bm\u010dina se d\u011bl\u00ed o administrativn\u00ed povinnosti. Toto jazykov\u00e9 trio prostupuje ka\u017edodenn\u00edm \u017eivotem: rodi\u010de na trhu hovo\u0159\u00ed v l\u00ebtzebuergesch, \u00fa\u0159edn\u00edci sleduj\u00ed z\u00e1kony ve francouz\u0161tin\u011b a region\u00e1ln\u00ed tisk st\u0159\u00edd\u00e1 n\u011bmeck\u00e9 titulky s francouzsk\u00fdmi popisky. V\u00fdsledkem je kontinuum komunikace, kter\u00e9 odr\u00e1\u017e\u00ed stalet\u00ed m\u011bn\u00edc\u00edch se suverenity a spojenectv\u00ed.<\/p>\n<p>Z ekonomick\u00e9ho hlediska se velkov\u00e9vodstv\u00ed vzp\u00edr\u00e1 sv\u00e9 velikosti. D\u00edky vysok\u00fdm p\u0159\u00edjm\u016fm, diverzifikaci a zam\u011b\u0159en\u00ed na sv\u011bt se \u0159ad\u00ed mezi nejbohat\u0161\u00ed zem\u011b na sv\u011bt\u011b v p\u0159epo\u010dtu na obyvatele. Siln\u00e9 finan\u010dn\u00ed slu\u017eby, trval\u00e9 ocel\u00e1\u0159sk\u00e9 d\u011bdictv\u00ed, kter\u00e9 se prom\u011bnilo ve \u0161pi\u010dkov\u00e9 technologie, a \u0159ada evropsk\u00fdch instituc\u00ed jsou z\u00e1kladem m\u00edrn\u00e9ho r\u016fstu a n\u00edzk\u00e9 inflace. Lucembursko tak\u00e9 siln\u011b investuje do inovac\u00ed: jeho pozice v Glob\u00e1ln\u00edm indexu inovac\u00ed, hodnocen\u00ed kvality \u017eivota a ukazatele lidsk\u00e9ho rozvoje jej pravideln\u011b \u0159ad\u00ed na p\u0159edn\u00ed m\u00edsta mezi \u010dlensk\u00fdmi st\u00e1ty EU i OECD. Nezam\u011bstnanost z\u016fstala tradi\u010dn\u011b n\u00edzk\u00e1, a\u010dkoli se n\u00e1rod sotva vyhnul ot\u0159es\u016fm glob\u00e1ln\u00edch pokles\u016f.<\/p>\n<p>Doprava zt\u011bles\u0148uje z\u00e1vazek Lucemburska k propojen\u00ed a ob\u010dansk\u00e9 pohod\u011b. Silni\u010dn\u00ed infrastruktura k\u0159i\u017euje zemi a spojuje hlavn\u00ed m\u011bsto s Bruselem, Pa\u0159\u00ed\u017e\u00ed a Frankfurtem b\u011bhem n\u011bkolika hodin. Od prosince 2017 znovuzaveden\u00ed tramvajov\u00e9 linky dopl\u0148uje hustou autobusovou s\u00ed\u0165 a n\u00e1rodn\u00ed \u017eeleznici CFL, jej\u00ed\u017e linky se t\u00e1hnou do v\u0161ech kout\u016f velkov\u00e9vodstv\u00ed i mimo n\u011bj. V r\u00e1mci p\u0159elomov\u00e9 reformy z 29. \u00fanora 2020 se Lucembursko stalo prvn\u00edm n\u00e1rodem, kter\u00fd zp\u0159\u00edstupnil cel\u00fd sv\u016fj syst\u00e9m vnitrost\u00e1tn\u00ed ve\u0159ejn\u00e9 dopravy zdarma a vyzval obyvatele i n\u00e1v\u0161t\u011bvn\u00edky k prozkoum\u00e1v\u00e1n\u00ed okol\u00ed autobusem, vlakem nebo tramvaj\u00ed bez bari\u00e9r v oblasti j\u00edzdenek.<\/p>\n<p>Tento pocit otev\u0159enosti se roz\u0161i\u0159uje i do hlavn\u00edho m\u011bsta zem\u011b. Star\u00e9 \u010dtvrti Lucemburku, rozkl\u00e1daj\u00edc\u00ed se na \u00fatesech, kde se sb\u00edhaj\u00ed \u00fadol\u00ed Alzette a P\u00e9trusse, jsou prodchnuty pocitem vrstevnat\u00e9ho \u010dasu. Opevn\u011bn\u00ed vytesan\u00e1 ze sk\u00e1ly p\u0159e\u017eila stalet\u00ed vojensk\u00fdch souboj\u016f a nyn\u00ed tvo\u0159\u00ed slo\u017eitou s\u00ed\u0165 kasemat a bran pod mysem Bock. Proch\u00e1zka po Chemin de la Corniche, \u010dasto naz\u00fdvan\u00e9 \u201enejkr\u00e1sn\u011bj\u0161\u00edm balkonem Evropy\u201c, nab\u00edz\u00ed panoramatick\u00e9 v\u00fdhledy na doln\u00ed m\u011bsto, kde opatstv\u00ed Neum\u00fcnster na\u0161lo nov\u00fd \u017eivot jako kulturn\u00ed centrum. Nedaleko se ty\u010d\u00ed gotick\u00e9 v\u011b\u017ee katedr\u00e1ly Notre-Dame, zat\u00edmco velkov\u00e9vodsk\u00fd pal\u00e1c se svou strohou fas\u00e1dou a ceremoni\u00e1ln\u00ed str\u00e1\u017e\u00ed stoj\u00ed jako d\u016fkaz jedin\u00e9ho zb\u00fdvaj\u00edc\u00edho suver\u00e9nn\u00edho velkov\u00e9vodstv\u00ed na sv\u011bt\u011b.<\/p>\n<p>Za hlavn\u00edm m\u011bstem zt\u011bles\u0148uj\u00ed lucembursk\u00e1 m\u011bsta klidn\u011bj\u0161\u00ed rytmy a jedine\u010dn\u00e9 kouzlo. Echternach, zalo\u017een\u00fd v sedm\u00e9m stolet\u00ed kolem benediktinsk\u00e9ho opatstv\u00ed, si dodnes nese baziliku, kde odpo\u010d\u00edv\u00e1 svat\u00fd Willibrord. Jeho ka\u017edoro\u010dn\u00ed pr\u016fvod na Svatodu\u0161n\u00ed \u00fater\u00fd, stalet\u00fd zvyk tance a pouti \u00fazk\u00fdmi uli\u010dkami, evokuje v\u00edru i spole\u010denskou pam\u011b\u0165. Vianden, na severov\u00fdchodn\u00edm okraji m\u011bsta, r\u00e1muje ty\u010d\u00edc\u00ed se st\u0159edov\u011bk\u00fd hrad nad \u0159ekou Our. Pevnost, obnoven\u00e1 do sv\u00e9 majest\u00e1tnosti z devaten\u00e1ct\u00e9ho stolet\u00ed, p\u0159ipom\u00edn\u00e1 rom\u00e1ny Viktora Huga, kter\u00fd se ubytoval pobl\u00ed\u017e a v jej\u00edch hradb\u00e1ch na\u0161el m\u00fazu romantick\u00e9 fantazie. Na jihu se vine Moselsk\u00e1 vina\u0159sk\u00e1 stezka vesnicemi, jako je Remich, kde se na b\u0159ehu \u0159eky shlukuj\u00ed domy s b\u0159idlicov\u00fdmi st\u0159echami a svahy lemuj\u00ed r\u00e9vy ryzlinkov\u00e9.<\/p>\n<p>Lucembursk\u00fd kulturn\u00ed \u017eivot rezonuje za hranice architektury a krajiny. Muzea v hlavn\u00edm m\u011bst\u011b sahaj\u00ed od N\u00e1rodn\u00edho muzea historie a um\u011bn\u00ed s \u0159\u00edmsk\u00fdmi mozaikami a sb\u00edrkami v\u00fdtvarn\u00e9ho um\u011bn\u00ed a\u017e po Muzeum modern\u00edho um\u011bn\u00ed velkov\u00e9vody Jeana (MU DAM), jeho\u017e sklen\u011bn\u00e9 a betonov\u00e9 galerie shl\u00ed\u017eej\u00ed na \u00fadol\u00ed P\u00e9trusse. V Diekirchu N\u00e1rodn\u00ed muzeum vojensk\u00e9 historie zaznamen\u00e1v\u00e1 bitvu v Arden\u00e1ch pomoc\u00ed model\u016f a \u00fastn\u00edch vypr\u00e1v\u011bn\u00ed a uchov\u00e1v\u00e1 tak pam\u00e1tku na ob\u011bti, kter\u00e9 formovaly dvac\u00e1t\u00e9 stolet\u00ed. Lidov\u00e9 tradice p\u0159etrv\u00e1vaj\u00ed tak\u00e9 ve venkovsk\u00fdch slavnostech a koncertech dechov\u00fdch orchestr\u016f, kter\u00e9 p\u0159ipom\u00ednaj\u00ed dobu, kdy p\u0159evl\u00e1dalo zem\u011bd\u011blstv\u00ed a venkovsk\u00e1 \u0159emesla.<\/p>\n<p>Kulin\u00e1\u0159sk\u00e9 tradice se vyzna\u010duj\u00ed stejnou souhrou vliv\u016f. Vydatn\u00e9 lidov\u00e9 pokrmy odr\u00e1\u017eej\u00ed venkovsk\u00e9 d\u011bdictv\u00ed: judd mat gaardebounen, uzen\u00fd vep\u0159ov\u00fd krk s bobem, z\u016fst\u00e1v\u00e1 neofici\u00e1ln\u00edm n\u00e1rodn\u00edm j\u00eddlem, zat\u00edmco gromperekichelcher \u2013 k\u0159upav\u011b sma\u017een\u00e9 bramborov\u00e9 kol\u00e1\u010dky \u2013 se objevuj\u00ed na trz\u00edch a slavnostech. Bistra ve francouzsk\u00e9m stylu pod\u00e1vaj\u00ed \u0161t\u011bdr\u00e9 porce kohouta r\u00fdnsk\u00e9ho a odkaz portugalsk\u00e9 a italsk\u00e9 imigrace je patrn\u00fd v past\u00e9is de nata a pizz\u00e1ch s tenk\u00fdm t\u011bstem spolu s lucembursk\u00fdmi pivy, jako jsou Diekirch a Bofferding. B\u00edl\u00e1 v\u00edna z \u00fadol\u00ed Mosely \u2013 Ryzlink r\u00fdnsk\u00fd, Auxerrois, Rulandsk\u00e9 \u0161ed\u00e9 a Elbling \u2013 doprov\u00e1zej\u00ed podzimn\u00ed slavnosti vinobran\u00ed, kdy se ve vesnic\u00edch konaj\u00ed st\u00e1le obl\u00edben\u00e9 degusta\u010dn\u00ed trhy v\u00edn.<\/p>\n<p>A\u010dkoli cestovn\u00ed ruch hraje roli, velkov\u00e9vodstv\u00ed z\u016fst\u00e1v\u00e1 neochv\u011bjn\u011b samo sebou: je to mal\u00e1 zem\u011b, na kter\u00e9 z\u00e1le\u017e\u00ed. Jeho rozhodnut\u00ed zru\u0161it j\u00edzdn\u00e9 ve ve\u0159ejn\u00e9 doprav\u011b odr\u00e1\u017e\u00ed hodnotu, kter\u00e1 se klade nikoli na po\u010det n\u00e1v\u0161t\u011bvn\u00edk\u016f, ale na ob\u010danskou dostupnost. Jeho z\u00e1vazek k v\u00edcejazy\u010dnosti podtrhuje v\u00edru v dialog sp\u00ed\u0161e ne\u017e v monolog. A jeho zachov\u00e1n\u00ed opevn\u011bn\u00ed a star\u00fdch \u010dtvrt\u00ed odhaluje pochopen\u00ed, \u017ee d\u011bdictv\u00ed nen\u00ed komer\u010dn\u00edm aktivem, ale \u017eiv\u00fdm dialogem mezi minulost\u00ed a p\u0159\u00edtomnost\u00ed.<\/p>\n<p>B\u011bhem stalet\u00ed st\u0159\u00edd\u00e1n\u00ed dynasti\u00ed a posun\u016f hranic si Lucembursko vytvo\u0159ilo identitu, kter\u00e1 p\u0159esahuje jeho velikost. Nen\u00ed to ani Belgie, ani Francie, ani N\u011bmecko, ale samostatn\u00e1 \u0159\u00ed\u0161e formovan\u00e1 v\u0161emi t\u0159emi. Je to velkov\u00e9vodstv\u00ed, parlamentn\u00ed demokracie, finan\u010dn\u00ed centrum, zelen\u00e1 s\u00ed\u0165 les\u016f a vinic, k\u0159i\u017eovatka jazyk\u016f a my\u0161lenek. Pro cestovatele, kter\u00fd hled\u00e1 v\u00edce ne\u017e jen prohl\u00eddku pam\u00e1tek \u2013 hlub\u0161\u00ed pocit m\u00edsta \u2013 nab\u00edz\u00ed Lucembursko intimitu i rozlehlost: intimn\u00ed jako vesnick\u00e1 ulice zah\u0159\u00e1t\u00e1 poledn\u00edm sluncem, rozlehl\u00e9 jako samotn\u00e1 my\u0161lenka Evropy, prodchnut\u00e9 histori\u00ed a vn\u00edmav\u00e9 k z\u00edt\u0159ku.<\/p>\n<p>Na kontinentu definovan\u00e9m velikost\u00ed a superlativy Lucembursko prosazuje sv\u016fj v\u00fdznam prost\u0159ednictv\u00edm rovnov\u00e1hy a soudr\u017enosti. Ukazuje, \u017ee bohatstv\u00ed m\u016f\u017ee spo\u010d\u00edvat stejn\u011b tak v lidsk\u00e9m m\u011b\u0159\u00edtku jako v rozlehlosti: v uzav\u0159en\u00fdch opatstv\u00edch a ty\u010d\u00edc\u00edch se viaduktech, v \u0161eptan\u00fdch dialektech a dun\u011bn\u00ed rychlovlak\u016f, v miniaturn\u00edch hradech na pozad\u00ed rozlehl\u00e9 oblohy. Toto je zem\u011b, kde se hranice sb\u00edhaj\u00ed ne proto, aby rozd\u011blovaly, ale aby se prol\u00ednaj\u00ed, kde kultura nen\u00ed redukov\u00e1na na slogany, ale \u017eije v kadenci \u0159e\u010di a chuti m\u00edstn\u00edho v\u00edna. Lucembursko sv\u00fdm tich\u00fdm zp\u016fsobem vyb\u00edz\u00ed k zamy\u0161len\u00ed nad t\u00edm, co m\u016f\u017ee znamenat jednota \u2013 a jak m\u016f\u017ee mal\u00fd politick\u00fd celek, pozn\u00e1v\u00e1j\u00edc\u00ed s\u00e1m sebe, osv\u011btlit \u0161ir\u0161\u00ed sv\u011bt.<\/p>","protected":false},"excerpt":{"rendered":"<p>Lucembursko, form\u00e1ln\u011b ozna\u010dovan\u00e9 jako Lucembursk\u00e9 velkov\u00e9vodstv\u00ed, je mal\u00fd, ale pozoruhodn\u00fd n\u00e1rod nach\u00e1zej\u00edc\u00ed se v j\u00e1dru z\u00e1padn\u00ed Evropy. Tato vnitrozemsk\u00e1 zem\u011b, navzdory sv\u00fdm omezen\u00fdm rozm\u011br\u016fm, hraje kl\u00ed\u010dovou roli v evropsk\u00fdch z\u00e1le\u017eitostech a vyzna\u010duje se v\u00fdrazn\u00fdm slou\u010den\u00edm kulturn\u00edch vliv\u016f, ekonomick\u00e9ho blahobytu a politick\u00e9ho v\u00fdznamu. Lucembursko se nach\u00e1z\u00ed na k\u0159i\u017eovatce z\u00e1padn\u00ed Evropy a soused\u00ed se t\u0159emi st\u00e1ty: Belgi\u00ed na z\u00e1pad\u011b a severu, N\u011bmeckem na v\u00fdchod\u011b a Franci\u00ed na jihu. Tato strategick\u00e1 poloha ovlivnila lucemburskou historii, kulturu a jazykovou rozmanitost v pr\u016fb\u011bhu let.<\/p>","protected":false},"author":1,"featured_media":3095,"parent":24078,"menu_order":0,"comment_status":"closed","ping_status":"closed","template":"elementor_theme","meta":{"_eb_attr":"","footnotes":""},"class_list":["post-11520","page","type-page","status-publish","has-post-thumbnail"],"_links":{"self":[{"href":"https:\/\/travelshelper.com\/cs\/wp-json\/wp\/v2\/pages\/11520","targetHints":{"allow":["GET"]}}],"collection":[{"href":"https:\/\/travelshelper.com\/cs\/wp-json\/wp\/v2\/pages"}],"about":[{"href":"https:\/\/travelshelper.com\/cs\/wp-json\/wp\/v2\/types\/page"}],"author":[{"embeddable":true,"href":"https:\/\/travelshelper.com\/cs\/wp-json\/wp\/v2\/users\/1"}],"replies":[{"embeddable":true,"href":"https:\/\/travelshelper.com\/cs\/wp-json\/wp\/v2\/comments?post=11520"}],"version-history":[{"count":0,"href":"https:\/\/travelshelper.com\/cs\/wp-json\/wp\/v2\/pages\/11520\/revisions"}],"up":[{"embeddable":true,"href":"https:\/\/travelshelper.com\/cs\/wp-json\/wp\/v2\/pages\/24078"}],"wp:featuredmedia":[{"embeddable":true,"href":"https:\/\/travelshelper.com\/cs\/wp-json\/wp\/v2\/media\/3095"}],"wp:attachment":[{"href":"https:\/\/travelshelper.com\/cs\/wp-json\/wp\/v2\/media?parent=11520"}],"curies":[{"name":"wp","href":"https:\/\/api.w.org\/{rel}","templated":true}]}}