{"id":11487,"date":"2024-09-13T00:33:41","date_gmt":"2024-09-13T00:33:41","guid":{"rendered":"https:\/\/travelshelper.com\/staging\/?page_id=11487"},"modified":"2026-03-12T18:24:38","modified_gmt":"2026-03-12T18:24:38","slug":"malta","status":"publish","type":"page","link":"https:\/\/travelshelper.com\/cs\/destinations\/europe\/malta\/","title":{"rendered":"Malta"},"content":{"rendered":"<p>Republika Malta je suver\u00e9nn\u00ed souostrov\u00ed o rozloze 316 kilometr\u016f \u010dtvere\u010dn\u00edch ve st\u0159edn\u00ed \u010d\u00e1sti St\u0159edozemn\u00edho mo\u0159e, le\u017e\u00edc\u00ed osmdes\u00e1t kilometr\u016f ji\u017en\u011b od Sic\u00edlie, dv\u011b st\u011b osmdes\u00e1t \u010dty\u0159i kilometr\u016f v\u00fdchodn\u011b od Tuniska a t\u0159i sta t\u0159icet t\u0159i kilometr\u016f severn\u011b od Libye. S p\u0159ibli\u017en\u011b 542 000 obyvateli se \u0159ad\u00ed mezi des\u00e1t\u00e9 nejmen\u0161\u00ed zem\u011b co do rozlohy a dev\u00e1t\u00e9 nejhust\u011bji os\u00eddlen\u00e9 zem\u011b na sv\u011bt\u011b. Valletta, jej\u00ed hlavn\u00ed m\u011bsto, je nejmen\u0161\u00edm hlavn\u00edm m\u011bstem Evropsk\u00e9 unie co do po\u010dtu obyvatel i rozlohy a v roce 2018 se stala prvn\u00edm evropsk\u00fdm m\u011bstem zapsan\u00fdm na seznamu sv\u011btov\u00e9ho d\u011bdictv\u00ed, kter\u00e9 se stalo Evropsk\u00fdm hlavn\u00edm m\u011bstem kultury. Malta se skl\u00e1d\u00e1 ze t\u0159\u00ed obydlen\u00fdch ostrov\u016f \u2013 Malty, Goza a Comina \u2013 kter\u00e9 vznikly na odkryt\u00fdch vyv\u00fd\u0161en\u00fdch m\u00edstech starov\u011bk\u00e9ho pevninsk\u00e9ho mostu, kter\u00fd je nyn\u00ed pono\u0159en pod m\u011blk\u00fdm kontinent\u00e1ln\u00edm \u0161elfem.<\/p>\n<p>Od doby, kdy byla kolem roku 6500 p\u0159. n. l. poprv\u00e9 zaznamen\u00e1na lidsk\u00e1 p\u0159\u00edtomnost, strategick\u00e1 poloha ostrov\u016f ve st\u0159edn\u00ed \u010d\u00e1sti St\u0159edomo\u0159\u00ed vedla k postupn\u00fdm vln\u00e1m vn\u011bj\u0161\u00ed nadvl\u00e1dy, od F\u00e9ni\u010dan\u016f a Kartaginc\u016f p\u0159es \u0158\u00edmany, Araby, Normany, Aragonce a\u017e po ryt\u00ed\u0159e Hospitallery, Francouze a Brity. Malta slou\u017eila v devaten\u00e1ct\u00e9m stolet\u00ed jako nervov\u00e9 centrum britsk\u00e9 st\u0159edomo\u0159sk\u00e9 flotily a b\u011bhem druh\u00e9 sv\u011btov\u00e9 v\u00e1lky vydr\u017eela vy\u010derp\u00e1vaj\u00edc\u00ed obl\u00e9h\u00e1n\u00ed, za co\u017e byla za odolnost civilist\u016f vyznamen\u00e1na \u0158\u00e1dem Ji\u0159\u00edho k\u0159\u00ed\u017ee. Nez\u00e1vislost z\u00edskala v roce 1964, republika byla vyhl\u00e1\u0161ena v roce 1974 a Malta v roce 2004 vstoupila do Evropsk\u00e9 unie a v roce 2008 p\u0159ijala euro.<\/p>\n<p>Kultura souostrov\u00ed odr\u00e1\u017e\u00ed jeho slo\u017eitou minulost a bl\u00edzkost k ji\u017en\u00ed Evrop\u011b a severn\u00ed Africe. Malt\u0161tina, n\u00e1rodn\u00ed jazyk se semitsk\u00fdmi ko\u0159eny, a angli\u010dtina slou\u017e\u00ed jako dva \u00fa\u0159edn\u00ed jazyky. Ital\u0161tina je mezi obyvatelstvem zna\u010dn\u011b roz\u0161\u00ed\u0159en\u00e1, co\u017e je poz\u016fstatek stalet\u00e9 jazykov\u00e9 sp\u0159\u00edzn\u011bnosti. Katolicismus z\u016fst\u00e1v\u00e1 st\u00e1tn\u00edm n\u00e1bo\u017eenstv\u00edm, a\u010dkoli svoboda vyzn\u00e1n\u00ed je \u00fastavou zaru\u010dena.<\/p>\n<p>Malta se vyvinula ve vysokop\u0159\u00edjmovou a diverzifikovanou ekonomiku. Cestovn\u00ed ruch se pod\u00edl\u00ed zhruba 11,6 procenty hrub\u00e9ho dom\u00e1c\u00edho produktu, ro\u010dn\u011b p\u0159il\u00e1k\u00e1 p\u0159ibli\u017en\u011b 1,6 milionu n\u00e1v\u0161t\u011bvn\u00edk\u016f \u2013 t\u0159ikr\u00e1t v\u00edce ne\u017e obyvatel \u2013 a podporuje zna\u010dnou komunitu cizinc\u016f. Mezi m\u00edsta mimo\u0159\u00e1dn\u00e9 historick\u00e9 hodnoty pat\u0159\u00ed t\u0159i pam\u00e1tky sv\u011btov\u00e9ho d\u011bdictv\u00ed UNESCO: podzemn\u00ed hypogeum \u0126al Saflieni, opevn\u011bn\u00e9 ulice Valletty a komplex sedmi megalitick\u00fdch chr\u00e1m\u016f, kter\u00e9 p\u0159edch\u00e1zely pyramid\u00e1m. Z\u00e1kladem \u0161ir\u0161\u00ed ekonomiky jsou v\u00e1pencov\u00e9 lomy, v\u00fdroba elektroniky a textilu, rostouc\u00ed sektor finan\u010dn\u00edch slu\u017eeb a kontejnerov\u00fd termin\u00e1l Malta Freeport.<\/p>\n<p>Ostrovy se vyzna\u010duj\u00ed st\u0159edomo\u0159sk\u00fdm klimatem s m\u00edrn\u00fdmi, vlhk\u00fdmi zimami a hork\u00fdmi, such\u00fdmi l\u00e9ty, zm\u00edrn\u011bn\u00fdmi p\u0159\u00edmo\u0159sk\u00fdmi vlivy a s pr\u016fm\u011brnou ro\u010dn\u00ed teplotou mo\u0159e 20 \u00b0C. Topograficky je ter\u00e9n tvo\u0159en n\u00edzk\u00fdmi kopci poset\u00fdmi terasovit\u00fdmi poli, p\u0159i\u010dem\u017e Ta&#039; Dmejrek pobl\u00ed\u017e Dingli se ty\u010d\u00ed do nadmo\u0159sk\u00e9 v\u00fd\u0161ky 253 metr\u016f. Sladk\u00e1 voda je vz\u00e1cn\u00e1, omezen\u00e1 na sez\u00f3nn\u00ed potoky a izolovan\u00e9 celoro\u010dn\u00ed prameny. Fl\u00f3ra a fauna se shoduj\u00ed s tyrh\u00e9nsko-jadransk\u00fdm ekoregionem sklerofyln\u00edch a sm\u00ed\u0161en\u00fdch les\u016f.<\/p>\n<p>Silnice kl\u00ednaj\u00ed 2 254 kilometr\u016f a vlastnictv\u00ed soukrom\u00fdch automobil\u016f se \u0159ad\u00ed k nejvy\u0161\u0161\u00edm v Evropsk\u00e9 unii, p\u0159esto ve\u0159ejn\u00e1 autobusov\u00e1 doprava \u2013 nyn\u00ed pro obyvatele zdarma \u2013 z\u016fst\u00e1v\u00e1 prim\u00e1rn\u00edm sd\u00edlen\u00fdm zp\u016fsobem dopravy. Navrhovan\u00fd syst\u00e9m podzemn\u00edho metra m\u00e1 p\u0159edpokl\u00e1dan\u00e9 n\u00e1klady ve v\u00fd\u0161i 6,2 miliardy eur. N\u00e1mo\u0159n\u00ed spojen\u00ed, zd\u011bd\u011bn\u00e9 ze starov\u011bku, spojuje hlavn\u00ed ostrov s Gozem a Sic\u00edli\u00ed, zat\u00edmco mezin\u00e1rodn\u00ed leti\u0161t\u011b na Malt\u011b zaji\u0161\u0165uje leteck\u00e9 spojen\u00ed do Evropy a severn\u00ed Afriky a slou\u017e\u00ed jako uzlov\u00e9 leti\u0161t\u011b pro KM Malta Airlines, kter\u00e9 v b\u0159eznu 2024 nahradily Air Malta.<\/p>\n<p>Maltsk\u00e1 kultura je zako\u0159en\u011bna v synt\u00e9ze evropsk\u00fdch a severoafrick\u00fdch vliv\u016f. M\u00edstn\u00ed kuchyn\u011b se zam\u011b\u0159uje na kr\u00e1li\u010d\u00ed gul\u00e1\u0161, sez\u00f3nn\u00ed produkty a m\u00edstn\u00ed odr\u016fdy hrozn\u016f, jako jsou Girgentina a \u0120ellew\u017ca. Vesnick\u00e9 slavnosti oslavuj\u00ed patrony Panny Marie pr\u016fvody, pochody kapel a pyrotechnikou a vrchol\u00ed 15. srpna na Nanebevzet\u00ed Panny Marie; karneval p\u0159edch\u00e1z\u00ed Popele\u010dn\u00ed st\u0159edu s ma\u0161karn\u00edmi plesy a alegorick\u00fdmi pr\u016fvody; a Mnarja koncem \u010dervna ct\u00ed svat\u00e9 Petra a Pavla venkovsk\u00fdmi trhy a tradi\u010dn\u00edmi hrami. Mezi ka\u017edoro\u010dn\u00ed akce pat\u0159\u00ed festivaly v\u00edna a piva, mezin\u00e1rodn\u00ed sout\u011b\u017e oh\u0148ostroj\u016f a koncert Isle of MTV.<\/p>\n<p>Mezi hlavn\u00ed centra souostrov\u00ed pat\u0159\u00ed Valletta a t\u0159i m\u011bsta Birgu, Isla a Bormla; Mdina, Tich\u00e9 m\u011bsto le\u017e\u00edc\u00ed ve vnitrozem\u00ed; Sliema a St. Julian&#039;s pod\u00e9l severn\u00edho pob\u0159e\u017e\u00ed; a Victoria na ostrov\u011b Gozo. Historick\u00e1 m\u00edsta sahaj\u00ed od chr\u00e1m\u016f z doby bronzov\u00e9 v \u0126a\u0121ar Qim, Mnajdra, \u0120gantija a Tarxien a\u017e po st\u0159edov\u011bk\u00e9 katakomby a barokn\u00ed vzne\u0161enost konkatedr\u00e1ly sv. Jana. Venkovsk\u00e9 osady na jihu Malty si zachov\u00e1vaj\u00ed klidn\u00fd rytmus a vesnick\u00e9 kostely, kter\u00e9 odr\u00e1\u017eej\u00ed stalet\u00ed n\u00e1bo\u017eensk\u00e9ho um\u011bn\u00ed a architektury.<\/p>\n<p>Nejlidnat\u011bj\u0161\u00ed ostrov Malty je sv\u011bdkem tis\u00edcilet\u00ed lidsk\u00e9ho \u00fasil\u00ed. Neoliti\u010dt\u00ed zem\u011bd\u011blci p\u0159ed v\u00edce ne\u017e p\u011bti tis\u00edci lety postavili monolitick\u00e9 chr\u00e1my z kamene s vynikaj\u00edc\u00edm zpracov\u00e1n\u00edm a astronomick\u00fdm uspo\u0159\u00e1d\u00e1n\u00edm. F\u00e9ni\u010dt\u00ed obchodn\u00edci zakl\u00e1dali pob\u0159e\u017en\u00ed osady; Kartaginci soupe\u0159ili o nadvl\u00e1du; \u0158\u00edman\u00e9 opev\u0148ovali p\u0159\u00edstavy; Byzantinci dohl\u00ed\u017eeli na zem\u011bd\u011blsk\u00e9 statky; Arabov\u00e9 zavedli pokro\u010dil\u00e9 zavla\u017eov\u00e1n\u00ed a novou lexikon; Norman\u00e9, aragon\u0161t\u00ed a sicil\u0161t\u00ed vl\u00e1dci opev\u0148ovali ba\u0161ty a obl\u00e9hali m\u011bsta; a v roce 1530 se svrchovanosti ujali ryt\u00ed\u0159i sv. Jana, kte\u0159\u00ed po osmansk\u00e9m obl\u00e9h\u00e1n\u00ed v roce 1565 postavili nemocnice, ba\u0161ty a m\u0159\u00ed\u017ekovan\u00e9 ulice Valletty.<\/p>\n<p>Francouzsk\u00e1 okupace za Napoleona v roce 1798 trvala dva roky a byla ukon\u010dena maltsk\u00fdm povst\u00e1n\u00edm podporovan\u00fdm britsk\u00fdm n\u00e1mo\u0159n\u00edm silami. Anexe Velkou Brit\u00e1ni\u00ed v roce 1813 prom\u011bnila Maltu v uhelnou stanici a n\u00e1mo\u0159n\u00ed pevnost. Ostrov v letech 1940 a\u017e 1942 za\u017e\u00edval dlouhodob\u00e9 leteck\u00e9 \u00fatoky Osy, utrp\u011bl civiln\u00ed \u00fatrapy a z\u00e1rove\u0148 si zachoval neporu\u0161enou obrannou pozici, kter\u00e1 mu vynesla kolektivn\u00ed Ji\u0159\u00edho k\u0159\u00ed\u017e. Pov\u00e1le\u010dn\u00e1 \u00e9ra byla sv\u011bdkem dekolonizace, zaveden\u00ed parlamentn\u00ed spr\u00e1vy a integrace do struktur Commonwealthu, Organizace spojen\u00fdch n\u00e1rod\u016f a nakonec Evropsk\u00e9 unie.<\/p>\n<p>T\u0159i obydlen\u00e9 ostrovy \u2013 Malta, Gozo a Comino \u2013 le\u017e\u00ed na tektonick\u00e9 plo\u0161in\u011b, kter\u00e1 kdysi sousedila se Sic\u00edli\u00ed a severn\u00ed Afrikou. Stoupaj\u00edc\u00ed hladina mo\u0159e po ledovci zanechala p\u0159ed strm\u00fdmi pob\u0159e\u017en\u00edmi \u00fatesy p\u00e1s jemn\u00fdch kontur. Chr\u00e1n\u011bn\u00e9 z\u00e1toky a z\u00e1livy, v\u010detn\u011b p\u0159\u00edrodn\u00edch p\u0159\u00edstav\u016f Grand Harbour, Marsamxett a Marsaxlokk, slou\u017eily n\u00e1mo\u0159n\u00edmu obchodu ji\u017e od starov\u011bku. Na Gozu evokuj\u00ed Vnitrozemsk\u00e9 mo\u0159e a Citadela Victoria agr\u00e1rn\u00ed n\u00e1dheru a obrann\u00e9 d\u011bdictv\u00ed v kompaktn\u00ed podob\u011b; Comino, z velk\u00e9 \u010d\u00e1sti zachovan\u00e9 jako p\u0159\u00edrodn\u00ed rezervace, nab\u00edz\u00ed \u00fatesy a z\u00e1toky, kter\u00e9 se nejl\u00e9pe hod\u00ed ke koup\u00e1n\u00ed a klidn\u00e9mu odpo\u010dinku.<\/p>\n<p>Pole m\u011bkk\u00e9ho v\u00e1pence poskytuj\u00ed kalcarenit, kter\u00fd formuje lidov\u00e1 obydl\u00ed i barokn\u00ed kostely. Tradice t\u011b\u017eby zanechala nerovn\u00fd ter\u00e9n, zm\u00edrn\u011bn\u00fd pergolami porostl\u00fdmi vinnou r\u00e9vou, olivov\u00fdmi h\u00e1ji a skupinami sm\u00ed\u0161en\u00fdch les\u016f typick\u00fdch pro tyrh\u00e9nsko-jadranskou fl\u00f3ru. Na ja\u0159e kvetou divok\u00e9 kv\u011btiny, st\u011bhovav\u00ed pt\u00e1ci se zastavuj\u00ed na sv\u00fdch migra\u010dn\u00edch tras\u00e1ch a mo\u0159sk\u00e9 ekosyst\u00e9my \u2013 i kdy\u017e jsou zat\u00ed\u017eeny cestovn\u00edm ruchem a rozvojem \u2013 poskytuj\u00ed \u00fato\u010di\u0161t\u011b pro louky s posidoni\u00ed a sez\u00f3nn\u00ed v\u00fdskyt ryb.<\/p>\n<p>Sou\u010dasn\u00e1 maltsk\u00e1 dopravn\u00ed s\u00ed\u0165 odr\u00e1\u017e\u00ed jej\u00ed mal\u00fd rozsah a historick\u00e9 vrstven\u00ed. Dopravn\u00ed toky se sm\u011b\u0159uj\u00ed vlevo v souladu s britsk\u00fdm d\u011bdictv\u00edm; autobusov\u00e9 trasy vedou po historick\u00fdch silnic\u00edch; a trajekty udr\u017euj\u00ed pravideln\u00e9 plavby do p\u0159\u00edstavu M\u0121arr na ostrov\u011b Gozo a sez\u00f3nn\u00ed spojen\u00ed na Sic\u00edlii. Maltsk\u00fd svobodn\u00fd p\u0159\u00edstav v Bir\u017cebbu\u0121a pat\u0159\u00ed k nejru\u0161n\u011bj\u0161\u00edm kontejnerov\u00fdm za\u0159\u00edzen\u00edm v Evrop\u011b, zat\u00edmco v\u00fdletn\u00ed lod\u011b \u010dasto vyu\u017e\u00edvaj\u00ed p\u0159\u00edstav Grand Harbour a jachty kotv\u00ed v p\u0159\u00edstavech Marsamxett. Navrhovan\u00e9 metro p\u0159edpokl\u00e1d\u00e1 podzemn\u00ed tunely pod Vallettou a jej\u00edm okol\u00edm, co\u017e slibuje radik\u00e1ln\u00ed posun v m\u011bstsk\u00e9 mobilit\u011b, a\u017e a pokud k n\u011bmu dojde.<\/p>\n<p>Ekonomick\u00fd \u017eivot vyva\u017euje tradi\u010dn\u00ed odv\u011btv\u00ed a modern\u00ed slu\u017eby. T\u011b\u017eba v\u00e1pence pro m\u00edstn\u00ed stavebnictv\u00ed pokra\u010duje; zem\u011bd\u011blstv\u00ed produkuje zlomek dom\u00e1c\u00edch potravinov\u00fdch pot\u0159eb; v\u00fdrobn\u00ed centra se zab\u00fdvaj\u00ed elektronikou, l\u00e9\u010divy a textilem; filmov\u00e1 studia host\u00ed mezin\u00e1rodn\u00ed produkce; a finan\u010dn\u00ed slu\u017eby se roz\u0161i\u0159uj\u00ed d\u00edky p\u0159\u00edzniv\u00e9 regulaci. Cestovn\u00ed ruch vzkv\u00e9tal na v\u00edce ne\u017e dva miliony n\u00e1v\u0161t\u011bvn\u00edk\u016f v roce 2019, ne\u017e do\u0161lo k glob\u00e1ln\u00edmu zpomalen\u00ed; zdravotn\u00ed turistika p\u0159edstavuje potenci\u00e1l, a\u010dkoli m\u00edstn\u00ed nemocnice \u010dekaj\u00ed na mezin\u00e1rodn\u00ed akreditaci; a cizinci p\u0159isp\u00edvaj\u00ed k v\u00edcejazy\u010dn\u00e9mu a multikulturn\u00edmu prost\u0159ed\u00ed.<\/p>\n<p>Maltsk\u00e1 gastronomie odr\u00e1\u017e\u00ed region\u00e1ln\u00ed souhrn: kr\u00e1l\u00edk du\u0161en\u00fd na v\u00edn\u011b s \u010desnekem, \u010derstv\u00e9 ryby grilovan\u00e9 s kapary a olivami, d\u00fd\u0148ov\u00e9 rizoto s drcen\u00fdm bobem, cihlov\u00e9 pece, z nich\u017e se o Velikonoc\u00edch vyr\u00e1b\u00ed pe\u010divo g\u0127aw\u0121at, a sladkosti von\u00edc\u00ed medem, mandlemi a citrusovou k\u016frou. M\u00edstn\u00ed vinn\u00e9 r\u00e9vy dosahuj\u00ed statusu Denominazzjoni ta&#039; l-Ori\u0121ini Kontrollata a letn\u00ed vina\u0159sk\u00e9 festivaly zvou k ochutn\u00e1vce uprost\u0159ed st\u0159edov\u011bk\u00fdch n\u00e1dvo\u0159\u00ed. Ned\u011bln\u00ed r\u00e1na v Marsaxlokku zdob\u00ed pouli\u010dn\u00ed trhy a st\u00e1nky s mo\u0159sk\u00fdmi plody, kde oran\u017eov\u00e9 s\u00edt\u011b a malovan\u00e9 lod\u011b luzzu zdob\u00ed funguj\u00edc\u00ed p\u0159\u00edstav.<\/p>\n<p>Slavnostn\u00ed \u017eivot z\u016fst\u00e1v\u00e1 zakotven\u00fd v n\u00e1bo\u017eensk\u00e9m kalend\u00e1\u0159i a komunitn\u00ed identit\u011b. B\u011bhem vesnick\u00fdch slavnostn\u00edch t\u00fddn\u016f jsou m\u011bsta ozdobena sv\u011btly, vlajkami a oblouky; sochy svat\u00fdch jsou neseny ve vzduchu; dechovky proch\u00e1zej\u00ed ulicemi obklopen\u00fdmi j\u00e1saj\u00edc\u00edmi obyvateli; a ka\u017edou noc propuk\u00e1 oh\u0148ostroj v o\u010dek\u00e1van\u00e9 pod\u00edvan\u00e9. Karneval spojuje maskovan\u00e9 \u00fa\u010dastn\u00edky v alegorick\u00e9 ok\u00e1zalosti; pr\u016fvody Svat\u00e9ho t\u00fddne evokuj\u00ed pochmurnou oddanost; Mnarja o\u017eivuje starov\u011bk\u00e9 ritu\u00e1ly osv\u011btlen\u00ed a kr\u00e1li\u010d\u00edch hod\u016f; a sou\u010dasn\u00e9 ud\u00e1losti \u2013 sout\u011b\u017ee v oh\u0148ostroj\u00edch, hudebn\u00ed festivaly a ochutn\u00e1vky piva \u2013 koexistuj\u00ed se stalet\u00fdmi zvyky.<\/p>\n<p>Tich\u00e9 hradby Mdiny a strm\u00e9 ulice Valletty odhaluj\u00ed kontrastn\u00ed m\u011bstsk\u00e9 temperamenty: jeden tich\u00fd a st\u0159edov\u011bk\u00fd, druh\u00fd kompaktn\u00ed, ale energick\u00fd, s muzei, pal\u00e1ci a opevn\u011bnou s\u00edt\u00ed ur\u010denou k obran\u011b. Za m\u011bstsk\u00fdmi centry se venkovsk\u00e9 uli\u010dky vine mezi kamenn\u00fdmi chatr\u010demi, olivovn\u00edky a z\u00e1hony divok\u00e9ho tymi\u00e1nu. Pob\u0159e\u017en\u00ed okraje nesou z\u00e1toky s p\u00edskem a obl\u00e1zky, od m\u00edrn\u00fdch svah\u016f z\u00e1livu Mellie\u0127a a\u017e po skalnat\u00e9 plo\u0161iny G\u0127ajn Tuffie\u0127a a azurov\u00e9 jeskyn\u011b Modr\u00e9 jeskyn\u011b.<\/p>\n<p>Megalitick\u00e9 chr\u00e1my v \u0120gantiji, \u0126a\u0121ar Qim, Mnajdra a Tarxien stoj\u00ed jako nejstar\u0161\u00ed pam\u00e1tky lidsk\u00e9 architektury, jejich sedlov\u00e9 st\u0159echy a monument\u00e1ln\u00ed olt\u00e1\u0159e sv\u011bd\u010d\u00ed o prehistorick\u00e9 vynal\u00e9zavosti. Hypogeum \u0126ala Saflieniho kles\u00e1 t\u0159i \u00farovn\u011b pod zem\u00ed, je to podzemn\u00ed svatyn\u011b vytesan\u00e1 p\u0159ed tis\u00edci lety. P\u0159\u00edstup je st\u00e1le p\u0159\u00edsn\u011b kontrolov\u00e1n, aby se zachovala k\u0159ehk\u00e1 mikroklimata a starov\u011bk\u00e9 pigmenty.<\/p>\n<p>Sou\u010dasn\u00e1 Malta se pot\u00fdk\u00e1 s nap\u011bt\u00edm mezi rozvojem a ochranou p\u0159\u00edrody. Hotelov\u00e9 v\u011b\u017ee shl\u00ed\u017eej\u00ed na p\u00edse\u010dn\u00e9 pl\u00e1\u017ee, zat\u00edmco ochr\u00e1nci p\u0159\u00edrody prosazuj\u00ed tradi\u010dn\u00ed m\u011bstsk\u00e9 domy v \u00fazk\u00fdch uli\u010dk\u00e1ch. Roz\u0161\u00ed\u0159en\u00ed m\u011bst tla\u010d\u00ed na zem\u011bd\u011blskou p\u016fdu a venkovsk\u00e9 osady. Nedostatek vody a energetick\u00e1 z\u00e1vislost podn\u011bcuj\u00ed investice do odsolov\u00e1n\u00ed a obnoviteln\u00fdch sol\u00e1rn\u00edch panel\u016f. Vzd\u011bl\u00e1vac\u00ed instituce podporuj\u00ed v\u00fdzkum v archeologii, mo\u0159sk\u00e9 biologii a odolnosti v\u016f\u010di zm\u011bn\u011b klimatu.<\/p>\n<p>Identita Malty vych\u00e1z\u00ed ze slo\u017eit\u00e9ho vrstven\u00ed epoch, z jej\u00edch n\u00e1mo\u0159n\u00edch k\u0159i\u017eovatek a z odolnosti lid\u00ed, kte\u0159\u00ed se neust\u00e1le p\u0159izp\u016fsobovali. Kompaktn\u00ed rozm\u011bry ostrov\u016f umo\u017e\u0148uj\u00ed cestovatel\u016fm jak pono\u0159en\u00ed se do mnohovrstevnat\u00e9 historie, tak i chv\u00edle samoty uprost\u0159ed mo\u0159e a k\u0159ovin. P\u0159\u00edb\u011bh souostrov\u00ed z\u016fst\u00e1v\u00e1 veps\u00e1n do kamene, nesen\u00fd v\u011btry vanouc\u00edmi z Afriky i Evropy, a \u017eiv\u00fd v rytmu v\u00edry, sv\u00e1tk\u016f a ka\u017edodenn\u00edho \u017eivota jeho p\u016flmilionov\u00fdch obyvatel.<\/p>\n<p>Malta jako celek p\u0159edstavuje studii kontinuity a prom\u011bny: krajinu formovanou mo\u0159em a kamenem, kulturu formovanou dobyvateli, ale definovanou domorodou vytrvalost\u00ed a budoucnost balancuj\u00edc\u00ed mezi d\u011bdictv\u00edm a modernitou. P\u0159ipom\u00edn\u00e1, \u017ee i to nejmen\u0161\u00ed \u00fazem\u00ed m\u016f\u017ee b\u00fdt sv\u011bdkem nej\u0161ir\u0161\u00edch proud\u016f lidsk\u00fdch aspirac\u00ed a p\u0159e\u017eit\u00ed.<\/p>","protected":false},"excerpt":{"rendered":"<p>Malta, ostrovn\u00ed st\u00e1t v ji\u017en\u00ed Evrop\u011b le\u017e\u00edc\u00ed ve St\u0159edozemn\u00edm mo\u0159i, m\u00e1 p\u0159ibli\u017en\u011b 542 000 obyvatel na plo\u0161e 316 kilometr\u016f \u010dtvere\u010dn\u00edch. Ofici\u00e1ln\u011b Maltsk\u00e1 republika zahrnuje souostrov\u00ed 80 kilometr\u016f ji\u017en\u011b od It\u00e1lie, 284 kilometr\u016f v\u00fdchodn\u011b od Tuniska a 333 kilometr\u016f severn\u011b od Libye. Valletta je hlavn\u00ed m\u011bsto; Malt\u0161tina a angli\u010dtina jsou dva \u00fa\u0159edn\u00ed jazyky. Valletta je jedine\u010dn\u00e1 mezi hlavn\u00edmi m\u011bsty Evropsk\u00e9 unie, pokud jde o rozlohu i po\u010det obyvatel, proto\u017ee je nejmen\u0161\u00ed. Malta je \u010dasto pova\u017eov\u00e1na za m\u011bstsk\u00fd st\u00e1t kv\u016fli sv\u00fdm m\u011bstsk\u00fdm rys\u016fm a je des\u00e1t\u00fdm nejmen\u0161\u00edm n\u00e1rodem na sv\u011bt\u011b podle zem\u011b a dev\u00e1t\u00fdm nejhust\u011bji os\u00eddlen\u00fdm.<\/p>","protected":false},"author":1,"featured_media":3892,"parent":24078,"menu_order":0,"comment_status":"closed","ping_status":"closed","template":"elementor_theme","meta":{"_eb_attr":"","footnotes":""},"class_list":["post-11487","page","type-page","status-publish","has-post-thumbnail"],"_links":{"self":[{"href":"https:\/\/travelshelper.com\/cs\/wp-json\/wp\/v2\/pages\/11487","targetHints":{"allow":["GET"]}}],"collection":[{"href":"https:\/\/travelshelper.com\/cs\/wp-json\/wp\/v2\/pages"}],"about":[{"href":"https:\/\/travelshelper.com\/cs\/wp-json\/wp\/v2\/types\/page"}],"author":[{"embeddable":true,"href":"https:\/\/travelshelper.com\/cs\/wp-json\/wp\/v2\/users\/1"}],"replies":[{"embeddable":true,"href":"https:\/\/travelshelper.com\/cs\/wp-json\/wp\/v2\/comments?post=11487"}],"version-history":[{"count":0,"href":"https:\/\/travelshelper.com\/cs\/wp-json\/wp\/v2\/pages\/11487\/revisions"}],"up":[{"embeddable":true,"href":"https:\/\/travelshelper.com\/cs\/wp-json\/wp\/v2\/pages\/24078"}],"wp:featuredmedia":[{"embeddable":true,"href":"https:\/\/travelshelper.com\/cs\/wp-json\/wp\/v2\/media\/3892"}],"wp:attachment":[{"href":"https:\/\/travelshelper.com\/cs\/wp-json\/wp\/v2\/media?parent=11487"}],"curies":[{"name":"wp","href":"https:\/\/api.w.org\/{rel}","templated":true}]}}