{"id":11481,"date":"2024-09-13T00:27:22","date_gmt":"2024-09-13T00:27:22","guid":{"rendered":"https:\/\/travelshelper.com\/staging\/?page_id=11481"},"modified":"2026-03-12T18:33:09","modified_gmt":"2026-03-12T18:33:09","slug":"monako","status":"publish","type":"page","link":"https:\/\/travelshelper.com\/cs\/destinations\/europe\/monaco\/","title":{"rendered":"Monako"},"content":{"rendered":"<p>Monako, suver\u00e9nn\u00ed m\u011bstsk\u00fd st\u00e1t na Francouzsk\u00e9 rivi\u00e9\u0159e, se rozkl\u00e1d\u00e1 na 2,08 km\u00b2 skalnat\u00e9ho v\u00fdb\u011b\u017eku a rekultivovan\u00e9 p\u016fdy. Na za\u010d\u00e1tku roku 2025 z jeho 38 400 obyvatel bylo m\u00e9n\u011b ne\u017e 10 000 monack\u00fdch st\u00e1tn\u00edch p\u0159\u00edslu\u0161n\u00edk\u016f, zbytek poch\u00e1zel z Francie, It\u00e1lie, Spojen\u00e9ho kr\u00e1lovstv\u00ed a dal\u0161\u00edch zem\u00ed. Tento mikrost\u00e1t, ohrani\u010den\u00fd ze t\u0159\u00ed stran Franci\u00ed a otev\u0159en\u00fd do St\u0159edozemn\u00edho mo\u0159e, kombinuje staletou dynastickou vl\u00e1du s modern\u00edm luxusem a zaslou\u017e\u00ed si m\u00edsto mezi nejhust\u011bji os\u00eddlen\u00fdmi a nejbohat\u0161\u00edmi \u00fazem\u00edmi na sv\u011bt\u011b.<\/p>\n<p>Od prvn\u00edho okam\u017eiku, kdy \u010dlov\u011bk zahl\u00e9dne kompaktn\u00ed panorama Monaka, je kontrast st\u0159edov\u011bk\u00e9ho opevn\u011bn\u00ed a modern\u00edch mrakodrap\u016f nezam\u011bniteln\u00fd. V srdci star\u00e9 \u010dtvrti, hovorov\u011b zn\u00e1m\u00e9 jako Le Rocher, se z mo\u0159e strm\u011b ty\u010d\u00ed Monack\u00e1 sk\u00e1la. Zde se \u00fazk\u00e9 dl\u00e1\u017ed\u011bn\u00e9 uli\u010dky vine mezi bled\u00fdmi kamenn\u00fdmi domy a vedou k Kn\u00ed\u017eec\u00edmu pal\u00e1ci, jeho\u017e fas\u00e1da poch\u00e1z\u00ed ze sedmn\u00e1ct\u00e9ho stolet\u00ed. Ka\u017ed\u00e9 odpoledne, dlouho p\u0159edt\u00edm, ne\u017e slunce zapadne za obzor, se po pal\u00e1cov\u00fdch hradb\u00e1ch majest\u00e1tn\u011b proch\u00e1z\u00ed mal\u00fd odd\u00edl uniformovan\u00fdch voj\u00e1k\u016f, co\u017e je ritu\u00e1ln\u00ed p\u0159ipom\u00ednka polokonstitu\u010dn\u00ed monarchie kn\u00ed\u017eectv\u00ed za kn\u00ed\u017eete Alberta II.<\/p>\n<p>Dole se nach\u00e1z\u00ed star\u00fd p\u0159\u00edstav La Condamine, kter\u00fd hem\u017e\u00ed zcela jinou energi\u00ed. V Port Hercule kotv\u00ed jachty v\u0161ech mysliteln\u00fdch d\u00e9lek, jejich\u017e leskl\u00e9 trupy se odr\u00e1\u017eej\u00ed ve vod\u011b jemn\u011b se vln\u00edc\u00ed pod st\u0159edomo\u0159sk\u00fdm sluncem. Ryb\u00e1\u0159i vyplouvaj\u00ed za \u00fasvitu, aby se v\u011bnovali jedin\u00e9mu p\u0159\u00edrodn\u00edmu pr\u016fmyslu v regionu, zat\u00edmco st\u00e1nky na trhu na Place d&#039;Armes nab\u00edzej\u00ed produkty dov\u00e1\u017een\u00e9 z nedalek\u00e9 Provence a Ligurie. Trh se svou sm\u011bs\u00ed \u010derstv\u00e9 zeleniny, provens\u00e1lsk\u00fdch bylinek a italsk\u00fdch oliv odhaluje kulin\u00e1\u0159skou identitu, kter\u00e1 je utv\u00e1\u0159ena jedine\u010dnou polohou Monaka na k\u0159i\u017eovatce dvou velk\u00fdch tradic.<\/p>\n<p>Expanze na z\u00e1pad na b\u00fdval\u00e9 mo\u0159sk\u00e9 dno dala vzniknout Fontvieille, \u010dtvrti \u0161irok\u00fdch promen\u00e1d, lehk\u00e9ho pr\u016fmyslu a zelen\u00fdch promen\u00e1d. Stromy zde lemuj\u00ed aleje vedouc\u00ed k p\u0159\u00edstavu Port Fontvieille, kde men\u0161\u00ed plavidla sd\u00edlej\u00ed n\u00e1b\u0159e\u017e\u00ed s historick\u00fdmi deskami p\u0159ipom\u00ednaj\u00edc\u00edmi prvn\u00ed rekultivaci p\u016fdy rodinou Grimaldi\u016f v 70. letech 20. stolet\u00ed. Na severoz\u00e1pad\u011b se nad starobyl\u00fdm v\u00e1pencov\u00fdm \u00fatesem ty\u010d\u00ed Jardin Exotique, jej\u00ed\u017e sklen\u00edkov\u00e9 dve\u0159e se otev\u00edraj\u00ed do vz\u00e1cn\u00fdch sukulent\u016f a kaktus\u016f, jejich\u017e tvary odr\u00e1\u017eej\u00ed skalnatou fas\u00e1du samotn\u00e9ho mysu.<\/p>\n<p>N\u00e1dra\u017e\u00ed Monaco Monte-Carlo, \u010d\u00e1ste\u010dn\u011b postaven\u00e9 v roce 1999 pod zem\u00ed, propojuje kn\u00ed\u017eectv\u00ed s \u0161ir\u0161\u00ed francouzskou \u017eelezni\u010dn\u00ed s\u00edt\u00ed. Vysokorychlostn\u00ed vlaky TGV jezd\u00ed do Pa\u0159\u00ed\u017ee, zat\u00edmco region\u00e1ln\u00ed vlaky obsluhuj\u00ed Nice, Cannes a dal\u0161\u00ed m\u011bsta. Nad zem\u00ed se silnice kn\u00ed\u017eectv\u00ed t\u00e1hnou pouze sedmdes\u00e1t sedm kilometr\u016f, ale s\u00ed\u0165 eskal\u00e1tor\u016f a v\u00fdtah\u016f umo\u017e\u0148uje p\u011b\u0161\u00ed turistiku i s nejprud\u0161\u00edmi stoup\u00e1n\u00edmi. Monako zdaleka nen\u00ed m\u011bstem, kter\u00e9 odrazuje od ch\u016fze, ale naopak si v\u00e1\u017e\u00ed sv\u00e9 topografie a zve chodce k zastaven\u00ed na vyhl\u00eddk\u00e1ch na \u00fatesech nebo k odpo\u010dinku v jedn\u00e9 z mnoha tematick\u00fdch zahrad.<\/p>\n<p>V \u017e\u00e1dn\u00e9m zm\u00edn\u011bn\u00e9m monack\u00e9m p\u0159\u00edb\u011bhu nelze opomenout kasino Monte Carlo, budovu stylu Belle \u00c9poque, kterou v roce 1879 dokon\u010dil Charles Garnier. Jeho v\u00edcebarevn\u00e1 keramika, zdoben\u00e9 balkony a v\u011b\u017eovit\u00e9 st\u0159echy nazna\u010duj\u00ed architektonickou fantazii, z\u00e1m\u011brn\u00e9 vytvo\u0159en\u00ed luxusu a pot\u011b\u0161en\u00ed. Mu\u017ei v tmav\u00fdch kab\u00e1tech a kravat\u00e1ch ka\u017ed\u00fd ve\u010der stoupaj\u00ed po \u0161irok\u00fdch mramorov\u00fdch schodech a p\u0159ech\u00e1zej\u00ed pod vitr\u00e1\u017eov\u00fdmi baldach\u00fdny k hern\u00e1m, kde se pod freskov\u00fdmi stropy odehr\u00e1v\u00e1 baccarat a ruleta. A\u010dkoli se na obyvatele nevztahuje da\u0148 z p\u0159\u00edjmu fyzick\u00fdch osob, zisky kasina dlouhodob\u011b podporuj\u00ed finance kn\u00ed\u017eectv\u00ed a financuj\u00ed ve\u0159ejn\u00e9 slu\u017eby, kter\u00e9 odr\u00e1\u017eej\u00ed slu\u017eby mnohem v\u011bt\u0161\u00edch st\u00e1t\u016f.<\/p>\n<p>Klima Monaka je utv\u00e1\u0159eno jeho p\u0159\u00edmo\u0159skou polohou. L\u00e9ta jsou tepl\u00e1, ale zm\u00edr\u0148ov\u00e1na mo\u0159sk\u00fdm v\u00e1nkem a teploty z\u0159\u00eddka p\u0159ekra\u010duj\u00ed 30 \u00b0C. Noci z\u016fst\u00e1vaj\u00ed m\u00edrn\u00e9, jemn\u00e9 teplo St\u0159edomo\u0159\u00ed p\u0159etrv\u00e1v\u00e1 a\u017e do nejran\u011bj\u0161\u00edch hodin. I zimy vzdoruj\u00ed zem\u011bpisn\u00e9 \u0161\u00ed\u0159ce a mr\u00e1z a sn\u00edh se objevuj\u00ed mo\u017en\u00e1 jednou za deset let. 27. \u00fanora 2018 vz\u00e1cn\u00e9 sn\u011b\u017een\u00ed pokrylo Monaco-Ville i Monte Carlo a na st\u0159ech\u00e1ch pal\u00e1c\u016f a v\u011b\u017e\u00edch kasin zanechalo jen tenkou, p\u0159echodnou vrstvu sn\u011b\u017een\u00ed.<\/p>\n<p>Takov\u00e9 m\u00edrn\u00e9 podm\u00ednky ji\u017e dlouho l\u00e1kaj\u00ed n\u00e1v\u0161t\u011bvn\u00edky hledaj\u00edc\u00ed odpo\u010dinek od drsn\u011bj\u0161\u00edho podneb\u00ed. Na konci devaten\u00e1ct\u00e9ho stolet\u00ed zaveden\u00ed \u017eelezni\u010dn\u00edho spojen\u00ed do Pa\u0159\u00ed\u017ee a otev\u0159en\u00ed kasina prom\u011bnilo kn\u00ed\u017eectv\u00ed v destinaci evropsk\u00e9 spole\u010densk\u00e9 elity. Dnes si Monako zachov\u00e1v\u00e1 svou p\u0159ita\u017elivost pro n\u00e1mo\u0159n\u00edky, hazardn\u00ed hr\u00e1\u010de a milovn\u00edky slunce, ale z\u00e1rove\u0148 se diverzifikovalo i ekonomicky. Bankovnictv\u00ed a spr\u00e1va majetku vzkv\u00e9taj\u00ed vedle mal\u00fdch, vysoce hodnotn\u00fdch v\u00fdrobc\u016f \u2013 kosmetiky, p\u0159esn\u00fdch p\u0159\u00edstroj\u016f a technologick\u00fdch firem, kter\u00e9 se vyh\u00fdbaj\u00ed zne\u010di\u0161t\u011bn\u00ed. Re\u017eim n\u00edzk\u00fdch dan\u00ed povzbuzuje korporace k udr\u017een\u00ed region\u00e1ln\u00edch s\u00eddel v Monaku, zat\u00edmco doj\u00ed\u017ed\u011bj\u00edc\u00ed ze sousedn\u00ed Francie a It\u00e1lie, kte\u0159\u00ed nejsou rezidenty, po\u010detn\u011b p\u0159evy\u0161uj\u00ed m\u00edstn\u00ed pracovn\u00ed s\u00edlu.<\/p>\n<p>Politicky Monako funguje jako polokonstitu\u010dn\u00ed monarchie. Kn\u00ed\u017ee Albert II. m\u00e1 zna\u010dnou pravomoc, zejm\u00e9na v zahrani\u010dn\u00edch v\u011bcech a jmenov\u00e1n\u00ed hlavy vl\u00e1dy. V soudnictv\u00ed slou\u017e\u00ed francouz\u0161t\u00ed soudci a obrana spo\u010d\u00edv\u00e1 na Francii, a\u010dkoli Monako si udr\u017euje dv\u011b mal\u00e9 vojensk\u00e9 jednotky. Od doby, kdy Grimaldiov\u00e9 poprv\u00e9 dobyli Sk\u00e1lu v roce 1297, je dynastick\u00e1 kontinuita z\u00e1kladem identity kn\u00ed\u017eectv\u00ed, p\u0159i\u010dem\u017e svrchovanost je kodifikov\u00e1na ve smlouv\u00e1ch, jako je ta z roku 1861, a potvrzena \u010dlenstv\u00edm v Organizaci spojen\u00fdch n\u00e1rod\u016f v roce 1993.<\/p>\n<p>Kulturn\u00ed \u017eivot v Monaku sah\u00e1 za hranice kasin a fanf\u00e1r Grand Prix. Oce\u00e1nografick\u00e9 muzeum, kter\u00e9 se nach\u00e1z\u00ed na okraji Le Rocher, uchov\u00e1v\u00e1 slavnou sb\u00edrku mo\u0159sk\u00fdch expon\u00e1t\u016f, model\u016f v\u00fdzkumn\u00fdch plavidel a interaktivn\u00edch expon\u00e1t\u016f, kter\u00e9 dokumentuj\u00ed pr\u016fkopnick\u00e9 oce\u00e1nografick\u00e9 expedice kn\u00ed\u017eete Alberta I. Nedaleko se nach\u00e1zej\u00ed Laborato\u0159e mo\u0159sk\u00e9ho prost\u0159ed\u00ed Mezin\u00e1rodn\u00ed agentury pro atomovou energii, jedin\u00e9 takov\u00e9 za\u0159\u00edzen\u00ed OSN v\u011bnovan\u00e9 n\u00e1mo\u0159n\u00edmu v\u00fdzkumu. Ve st\u00ednu pal\u00e1ce galerie, jako je Villa Sauber, po\u0159\u00e1daj\u00ed v\u00fdstavy sou\u010dasn\u00e9ho um\u011bn\u00ed, zat\u00edmco Nov\u00e9 n\u00e1rodn\u00ed muzeum Monaka zkoum\u00e1 prol\u00edn\u00e1n\u00ed d\u011bdictv\u00ed a modernity ve vil\u00e1ch Belle \u00c9poque.<\/p>\n<p>Automobilov\u00ed nad\u0161enci se ka\u017edoro\u010dn\u011b sj\u00ed\u017ed\u011bj\u00ed do Monte Carla na Velkou cenu Formule 1, pod\u00edvanou konaj\u00edc\u00ed se koncem kv\u011btna, kter\u00e1 prom\u011bn\u00ed ve\u0159ejn\u00e9 silnice v nejn\u00e1ro\u010dn\u011bj\u0161\u00ed okruh v motoristick\u00e9m sportu. Ostr\u00e9 zat\u00e1\u010dky, zm\u011bny p\u0159ev\u00fd\u0161en\u00ed a tunelov\u00fd \u00fasek prov\u011b\u0159\u00ed dovednosti jezdc\u016f na 3,34 km m\u011bstsk\u00fdch ulic. O dva t\u00fddny d\u0159\u00edve v sud\u00fdch letech oslavuje historick\u00e1 Velk\u00e1 cena historick\u00fdch z\u00e1vodn\u00edch stroj\u016f; ve st\u0159\u00eddav\u00fdch letech ohla\u0161uje budoucnost motoristick\u00e9ho sportu elektrick\u00e1 Formule E Monaco ePrix. Mezin\u00e1rodn\u00ed cirkusov\u00fd festival v lednu a Monack\u00e1 jachta\u0159sk\u00e1 show, kter\u00e1 se kon\u00e1 ka\u017ed\u00fd z\u00e1\u0159\u00ed, d\u00e1le obohacuj\u00ed kalend\u00e1\u0159 o akce, kter\u00e9 p\u0159itahuj\u00ed um\u011blce a n\u00e1v\u0161t\u011bvn\u00edky ze v\u0161ech kontinent\u016f.<\/p>\n<p>Gastronomie odr\u00e1\u017e\u00ed kosmopolitn\u00ed strukturu Monaka. Kuchyn\u011b ocen\u011bn\u00e9 michelinskou hv\u011bzdou funguj\u00ed vedle neform\u00e1ln\u00edch kav\u00e1ren, kter\u00e9 nab\u00edzej\u00ed pizzu, sal\u00e1ty a region\u00e1ln\u00ed speciality. Le Louis XV se sv\u00fdmi t\u0159emi hv\u011bzdi\u010dkami je zt\u011blesn\u011bn\u00edm haute cuisine, zat\u00edmco Caf\u00e9 de Paris \u2013 otev\u0159en\u00e9 v roce 1868 vedle kasina \u2013 pokra\u010duje v tradici velk\u00fdch kav\u00e1ren. V uli\u010dk\u00e1ch vzd\u00e1len\u00fdch od n\u00e1b\u0159e\u017e\u00ed m\u00edstn\u00ed bistra nab\u00edzej\u00ed pokrmy provens\u00e1lsk\u00e9 ryb\u00ed pol\u00e9vky a t\u011bstoviny v ligursk\u00e9m stylu za m\u00edrn\u011bj\u0161\u00ed ceny, pod\u00e1van\u00e9 pod \u0161ir\u00fdm nebem pod korunami vist\u00e1rie.<\/p>\n<p>Monack\u00e9 \u010dtvrti se vyv\u00edjely jak politick\u00fdmi reformami, tak kreativn\u00edm in\u017een\u00fdrstv\u00edm. Kn\u00ed\u017eectv\u00ed, tradi\u010dn\u011b rozd\u011blen\u00e9 na Monaco-Ville, Monte Carlo, La Condamine a Fontvieille, nyn\u00ed zahrnuje dev\u011bt administrativn\u00edch obvod\u016f. Le Portier, \u0161estihektarov\u00e1 \u010dtvr\u0165 z\u00edskan\u00e1 z mo\u0159e, byla otev\u0159ena v prosinci 2024 a roz\u0161i\u0159uje reziden\u010dn\u00ed a komer\u010dn\u00ed prostor do tyrkysov\u00e9ho St\u0159edomo\u0159\u00ed. Pl\u00e1ny na dal\u0161\u00ed roz\u0161\u00ed\u0159en\u00ed odr\u00e1\u017eej\u00ed prob\u00edhaj\u00edc\u00ed dialog mezi ochranou historick\u00fdch pam\u00e1tek a po\u017eadavky modern\u00edho \u017eivota.<\/p>\n<p>Navzdory sv\u00e9 mal\u00e9 rozloze nab\u00edz\u00ed Monako \u0159adu zelen\u00fdch ploch. R\u016f\u017eov\u00e1 zahrada princezny Grace, vysazen\u00e1 v roce 1984 na pam\u00e1tku zesnul\u00e9 princezny, pln\u00ed sv\u00e9 terasy v\u00edce ne\u017e 4 000 kv\u011bty. Japonsk\u00e1 zahrada, or\u00e1movan\u00e1 bambusov\u00fdmi h\u00e1ji a kamenn\u00fdmi lucernami, poskytuje m\u00edsto pro klidnou meditaci pobl\u00ed\u017e n\u00e1m\u011bst\u00ed Casino Square. Na nejvy\u0161\u0161\u00edm m\u00edst\u011b m\u011bsta se nach\u00e1z\u00ed jeskyn\u011b Exotick\u00e9 zahrady, kter\u00e1 odhaluje stalaktity a stalagmity vytesan\u00e9 po tis\u00edcilet\u00ed, zat\u00edmco zahrady Saint-Martin nab\u00edzej\u00ed stinn\u00e9 cesti\u010dky s v\u00fdhledem na p\u0159\u00edstav.<\/p>\n<p>Doprava v Monaku p\u0159eklenuje modern\u00ed efektivitu i ter\u00e9nn\u00ed omezen\u00ed. Jedin\u00e1 autobusov\u00e1 s\u00ed\u0165, provozovan\u00e1 spole\u010dnost\u00ed CAM, spojuje 143 zast\u00e1vek na p\u011bti tras\u00e1ch, zat\u00edmco no\u010dn\u00ed autobusy jezd\u00ed do 4:00. Trajekt pouze pro p\u011b\u0161\u00ed proj\u00ed\u017ed\u00ed Port Hercule ka\u017ed\u00fdch dvacet minut a bezplatn\u00fd eskal\u00e1torov\u00fd syst\u00e9m p\u0159epravuje p\u011b\u0161\u00ed z n\u00edzko polo\u017een\u00fdch \u010dtvrt\u00ed do horsk\u00fdch \u010dtvrt\u00ed. Soukrom\u00e1 vozidla se t\u011b\u0161\u00ed velk\u00e9 oblib\u011b mezi obyvateli i n\u00e1v\u0161t\u011bvn\u00edky, proto\u017ee nedostatek parkovac\u00edch m\u00edst a \u00fazk\u00e9 silnice je sp\u00ed\u0161e komplikuj\u00ed ne\u017e zp\u0159\u00edjem\u0148uj\u00ed. Elektrokola, kolob\u011b\u017eky a p\u011b\u0161\u00ed stezky naopak povzbuzuj\u00ed k objevov\u00e1n\u00ed okol\u00ed p\u011b\u0161ky nebo prost\u0159ednictv\u00edm sd\u00edlen\u00fdch syst\u00e9m\u016f mobility.<\/p>\n<p>Hodnoty nemovitost\u00ed pat\u0159\u00ed k nejvy\u0161\u0161\u00edm na sv\u011bt\u011b a \u010dasto p\u0159esahuj\u00ed 100 000 eur za metr \u010dtvere\u010dn\u00ed. Byt v penthousu Odeon Tower byl v roce 2016 ocen\u011bn na 335 milion\u016f americk\u00fdch dolar\u016f, co\u017e odr\u00e1\u017e\u00ed jak nedostatek prostoru, tak presti\u017e kn\u00ed\u017eectv\u00ed. V\u00edce ne\u017e t\u0159icet procent obyvatel jsou milion\u00e1\u0159i a Monako m\u00e1 nejvy\u0161\u0161\u00ed koncentraci miliard\u00e1\u0159\u016f na obyvatele na sv\u011bt\u011b. Pod pl\u00e1\u0161t\u00edkem opulentnosti v\u0161ak urbanist\u00e9 i environmentalist\u00e9 \u010del\u00ed v\u00fdzv\u00e1m udr\u017eitelnosti, od spot\u0159eby energie a\u017e po ochranu mo\u0159\u00ed.<\/p>\n<p>Vzd\u011bl\u00e1v\u00e1n\u00ed a zdravotnictv\u00ed t\u011b\u017e\u00ed z p\u0159\u00edjm\u016f generovan\u00fdch cestovn\u00edm ruchem a financemi. Mezin\u00e1rodn\u00ed \u0161koly se vzd\u011bl\u00e1vaj\u00ed podle britsk\u00fdch, americk\u00fdch nebo francouzsko-mon\u00e1ck\u00fdch osnov, zat\u00edmco syst\u00e9m ve\u0159ejn\u00fdch \u0161kol poskytuje v\u00fduku ve francouz\u0161tin\u011b, mon\u00e1\u0161\u0161tin\u011b a dal\u0161\u00edch jazyc\u00edch. Nemocnice s nep\u0159etr\u017eit\u00fdm provozem na Boulevard du Jardin Exotique slou\u017e\u00ed rezident\u016fm i zahrani\u010dn\u00edmu person\u00e1lu a m\u00e1 specializovan\u00e1 odd\u011blen\u00ed kardiologie, onkologie a urgentn\u00ed medic\u00edny. Pr\u016fm\u011brn\u00e1 d\u00e9lka \u017eivota v Monaku se pohybuje t\u00e9m\u011b\u0159 devades\u00e1t let, co\u017e je jedna z nejvy\u0161\u0161\u00edch na sv\u011bt\u011b, a to d\u00edky kombinaci st\u0159edomo\u0159sk\u00e9 stravy, komplexn\u00edch ve\u0159ejn\u00fdch slu\u017eeb a bohat\u00e9 zelen\u011b.<\/p>\n<p>N\u00e1bo\u017eenstv\u00ed a tradice zauj\u00edmaj\u00ed v ob\u010dansk\u00e9m \u017eivot\u011b viditeln\u00e9 m\u00edsto. Katedr\u00e1la Notre-Dame-Immacul\u00e9e, vysv\u011bcen\u00e1 v roce 1875, ukr\u00fdv\u00e1 hrobky b\u00fdval\u00fdch princ\u016f a princezny Grace. Ka\u017ed\u00fd leden nev\u011bsta panovnick\u00e9ho prince vkl\u00e1d\u00e1 svou svatebn\u00ed kytici do kaple Sainte-D\u00e9vote, jej\u00ed\u017e patronka p\u0159edsed\u00e1 svatyni na rohu ulice. 27. ledna slav\u00ed Mona\u010dan\u00e9 sv\u00e1tek svat\u00e9 Devoty mal\u00fdm lodn\u00edm pr\u016fvodem, kter\u00fd na mo\u0159i zapaluje sv\u011bti\u010din znak.<\/p>\n<p>Obchod vzkv\u00e9t\u00e1 v mal\u00fdch osad\u00e1ch rozm\u00edst\u011bn\u00fdch po cel\u00e9m \u00fazem\u00ed. Zlat\u00fd kruh \u2013 ohrani\u010den\u00fd Avenue Monte Carlo a All\u00e9es Lumi\u00e8res \u2013 host\u00ed vlajkov\u00e9 lod\u011b zna\u010dek Herm\u00e8s, Dior, Gucci a dal\u0161\u00edch luxusn\u00edch dom\u016f. Nedaleko se nach\u00e1z\u00ed trh Condamine Market a p\u011b\u0161\u00ed z\u00f3na Rue Princess Caroline, kter\u00e9 nab\u00edzej\u00ed kontrast mezi \u0159emesln\u00fdmi v\u00fdrobky, \u010derstv\u00fdmi produkty a ka\u017edodenn\u00edm zbo\u017e\u00edm. N\u00e1kupn\u00ed centrum Fontvieille, v jeho\u017e centru se nach\u00e1z\u00ed supermarket Carrefour, poskytuje ka\u017edodenn\u00ed pohodl\u00ed, zat\u00edmco \u010dtvr\u0165 Carr\u00e9 d&#039;Or uspokoj\u00ed znalce luxusn\u00edch \u0161perk\u016f a vysok\u00e9 m\u00f3dy.<\/p>\n<p>Pro ty, kte\u0159\u00ed hledaj\u00ed odpo\u010dinek od ve\u0159ejn\u00fdch tepen, se monack\u00e9 pob\u0159e\u017e\u00ed t\u00e1hne pod\u00e9l \u0159ady pl\u00e1\u017e\u00ed a skalnat\u00fdch z\u00e1tok. Larvotto, hlavn\u00ed pl\u00e1\u017e kn\u00ed\u017eectv\u00ed, zve plavce pod kulisou lemovan\u00fdch palmami a pastelov\u00fdch fas\u00e1d. Pl\u00e1ny na nov\u00e9 promen\u00e1dy a l\u00e1vky pro p\u011b\u0161\u00ed slibuj\u00ed zlep\u0161en\u00ed p\u0159\u00edstupu k mo\u0159i a pos\u00edlen\u00ed stalet\u00e9ho vztahu Monaka se St\u0159edomo\u0159\u00edm.<\/p>\n<p>V posledn\u00edch letech Monako p\u0159ijalo p\u00e9\u010di o \u017eivotn\u00ed prost\u0159ed\u00ed za svou hlavn\u00ed z\u00e1sadu. Projekty Oce\u00e1nografick\u00e9ho muzea na obnovu kor\u00e1l\u016f a iniciativy Nadace kn\u00ed\u017eete Alberta II. v oblasti ochrany mo\u0159\u00ed podtrhuj\u00ed z\u00e1vazek k ekologick\u00e9 rovnov\u00e1ze. Sol\u00e1rn\u00ed panely nyn\u00ed zdob\u00ed ve\u0159ejn\u00e9 budovy a nab\u00edjec\u00ed stanice pro elektromobily jsou rozm\u00edst\u011bny v podzemn\u00edch parkovi\u0161t\u00edch. Iniciativy rozvoje m\u011bst usiluj\u00ed o integraci zelen\u00fdch st\u0159ech a propustn\u00fdch povrch\u016f, \u010d\u00edm\u017e zm\u00edr\u0148uj\u00ed dopad hust\u00e9 z\u00e1stavby na odtok de\u0161\u0165ov\u00e9 vody a m\u011bstsk\u00e9 teplo.<\/p>\n<p>Kouzlo Monaka v\u0161ak nepramen\u00ed jen z jeho zastav\u011bn\u00e9ho prost\u0159ed\u00ed nebo ekonomick\u00e9ho statusu, ale i z lidsk\u00fdch p\u0159\u00edb\u011bh\u016f propleten\u00fdch s kameny a mo\u0159em. \u0158emesln\u00edci, jejich\u017e linie sahaj\u00ed a\u017e k d\u00edln\u00e1m Belle \u00c9poque, st\u00e1le vyr\u00e1b\u011bj\u00ed \u0161perky na m\u00edru v \u00fazk\u00fdch ateli\u00e9rech. Ryb\u00e1\u0159i a majitel\u00e9 kav\u00e1ren si vym\u011b\u0148uj\u00ed sez\u00f3nn\u00ed pozdravy v provens\u00e1lsk\u00e9m dialektu. In\u017een\u00fd\u0159i a ochr\u00e1nci p\u0159\u00edrody spolupracuj\u00ed na projektech, kter\u00e9 roz\u0161i\u0159uj\u00ed pozemky kn\u00ed\u017eectv\u00ed o pouh\u00e9 hektary a z\u00e1rove\u0148 zachov\u00e1vaj\u00ed \u010distotu pob\u0159e\u017en\u00edch vod.<\/p>\n<p>Dualita Monaka \u2013 starobyl\u00e1 sk\u00e1la a modern\u00ed panorama, kn\u00ed\u017eectv\u00ed a h\u0159i\u0161t\u011b \u2013 rezonuje ka\u017edou ulic\u00ed a pob\u0159e\u017e\u00edm. N\u00e1v\u0161t\u011bvn\u00edci, kte\u0159\u00ed se projdou za z\u00e1\u0159i superjachet a stol\u016f s vysok\u00fdmi s\u00e1zkami, objev\u00ed m\u00edsto formovan\u00e9 geografi\u00ed a dynasti\u00ed, ambicemi a zdr\u017eenlivost\u00ed. Zde, kde v\u00e1pencov\u00e9 podlo\u017e\u00ed nese stopy jursk\u00fdch mo\u0159\u00ed a sou\u010dasn\u00e1 rekultivace m\u011bn\u00ed obzor, se p\u0159\u00edb\u011bh Monaka neodv\u00edj\u00ed jako kli\u0161\u00e9 luxusu, ale jako sv\u011bdectv\u00ed lidsk\u00e9 vynal\u00e9zavosti aplikovan\u00e9 v mez\u00edch kousku suver\u00e9nn\u00ed zem\u011b.<\/p>\n<p>Monako v kone\u010dn\u00e9m d\u016fsledku p\u0159edstavuje \u017eivouc\u00ed paradox: nejmen\u0161\u00ed nez\u00e1visl\u00fd st\u00e1t sv\u011bta co do rozlohy, p\u0159esto rozs\u00e1hl\u00fd co do kulturn\u00ed hloubky; \u00fato\u010di\u0161t\u011b pro bohat\u00e9, p\u0159esto\u017ee si v\u017edy uv\u011bdomuje spole\u010dn\u00e9 d\u011bdictv\u00ed; okouzluj\u00edc\u00ed destinaci, p\u0159esto oddanou tich\u00e9 p\u00e9\u010di o sv\u00e9 p\u0159\u00edrodn\u00ed a historick\u00e9 bohatstv\u00ed. Na ka\u017ed\u00e9m sluncem zalit\u00e9m n\u00e1m\u011bst\u00ed, pod ka\u017edou barokn\u00ed \u0159\u00edmsou a modernistickou v\u011b\u017e\u00ed kn\u00ed\u017eectv\u00ed potvrzuje svou jedine\u010dnou identitu na pozemku ne v\u011bt\u0161\u00edm ne\u017e Central Park \u2013 a t\u00edm vyb\u00edz\u00ed k zamy\u0161len\u00ed nad zp\u016fsoby, jak\u00fdmi m\u016f\u017ee mal\u00fd politick\u00fd celek zt\u011bles\u0148ovat kontinuitu i zm\u011bnu, tradici i inovaci v srdci St\u0159edomo\u0159\u00ed.<\/p>","protected":false},"excerpt":{"rendered":"<p>Monaco, a sovereign city-state on the French Riviera, encompasses 2.08 km\u00b2 of rocky promontory and reclaimed land. As of early 2025, its 38,400 inhabitants include fewer than 10,000 Mon\u00e9gasque nationals, with the remainder drawn from France, Italy, the United Kingdom and beyond.<\/p>","protected":false},"author":1,"featured_media":3559,"parent":24078,"menu_order":0,"comment_status":"closed","ping_status":"closed","template":"elementor_theme","meta":{"_eb_attr":"","footnotes":""},"class_list":["post-11481","page","type-page","status-publish","has-post-thumbnail"],"_links":{"self":[{"href":"https:\/\/travelshelper.com\/cs\/wp-json\/wp\/v2\/pages\/11481","targetHints":{"allow":["GET"]}}],"collection":[{"href":"https:\/\/travelshelper.com\/cs\/wp-json\/wp\/v2\/pages"}],"about":[{"href":"https:\/\/travelshelper.com\/cs\/wp-json\/wp\/v2\/types\/page"}],"author":[{"embeddable":true,"href":"https:\/\/travelshelper.com\/cs\/wp-json\/wp\/v2\/users\/1"}],"replies":[{"embeddable":true,"href":"https:\/\/travelshelper.com\/cs\/wp-json\/wp\/v2\/comments?post=11481"}],"version-history":[{"count":0,"href":"https:\/\/travelshelper.com\/cs\/wp-json\/wp\/v2\/pages\/11481\/revisions"}],"up":[{"embeddable":true,"href":"https:\/\/travelshelper.com\/cs\/wp-json\/wp\/v2\/pages\/24078"}],"wp:featuredmedia":[{"embeddable":true,"href":"https:\/\/travelshelper.com\/cs\/wp-json\/wp\/v2\/media\/3559"}],"wp:attachment":[{"href":"https:\/\/travelshelper.com\/cs\/wp-json\/wp\/v2\/media?parent=11481"}],"curies":[{"name":"wp","href":"https:\/\/api.w.org\/{rel}","templated":true}]}}