{"id":11462,"date":"2024-09-12T23:32:50","date_gmt":"2024-09-12T23:32:50","guid":{"rendered":"https:\/\/travelshelper.com\/staging\/?page_id=11462"},"modified":"2026-03-12T18:21:10","modified_gmt":"2026-03-12T18:21:10","slug":"moldavsko","status":"publish","type":"page","link":"https:\/\/travelshelper.com\/cs\/destinations\/europe\/moldova\/","title":{"rendered":"Moldavsko"},"content":{"rendered":"<p>Moldavsk\u00e1 republika je vnitrozemsk\u00fd st\u00e1t ve v\u00fdchodn\u00ed Evrop\u011b o rozloze 33 483 kilometr\u016f \u010dtvere\u010dn\u00edch a ob\u00fdv\u00e1 ho p\u0159ibli\u017en\u011b 2,42 milionu obyvatel. Zauj\u00edm\u00e1 severov\u00fdchodn\u00ed c\u00edp balk\u00e1nsko-\u010dernomo\u0159sk\u00e9 p\u00e1nve, na z\u00e1pad\u011b je ohrani\u010dena Rumunskem a na severn\u00ed, v\u00fdchodn\u00ed a ji\u017en\u00ed hranici s Ukrajinou. Ki\u0161in\u011bv, hlavn\u00ed a nejv\u011bt\u0161\u00ed metropole, funguje jako politick\u00e9, kulturn\u00ed a obchodn\u00ed centrum zem\u011b.<\/p>\n<p>Nejstar\u0161\u00ed zaznamenan\u00e1 identita Moldavska se objevila v polovin\u011b \u010dtrn\u00e1ct\u00e9ho stolet\u00ed jako sou\u010d\u00e1st Moldavsk\u00e9ho kn\u00ed\u017eectv\u00ed, l\u00e9na osmansk\u00e9ho panstv\u00ed. Po t\u00e9m\u011b\u0159 p\u011bt stolet\u00ed si kn\u00ed\u017eectv\u00ed udr\u017eovalo odli\u0161nou lidovou kulturu uprost\u0159ed m\u011bn\u00edc\u00edch se vrchnost\u00ed. V roce 1812 Osmansk\u00e1 porta postoupila provincii Besar\u00e1bie, odpov\u00eddaj\u00edc\u00ed v\u011bt\u0161in\u011b dne\u0161n\u00edho Moldavska, Rusk\u00e9 \u0159\u00ed\u0161i. Ji\u017en\u00ed \u010d\u00e1sti Besar\u00e1bie se v roce 1856 znovu p\u0159ipojily k Moldavsk\u00e9mu a Vala\u0161sk\u00e9mu kn\u00ed\u017eectv\u00ed, aby se po Berl\u00ednsk\u00e9m kongresu v roce 1878 vr\u00e1tily pod ruskou vl\u00e1du. Tyto oscilace zanechaly otisk na administrativn\u00edch struktur\u00e1ch, jazykov\u00e9m \u00fad\u011blu a syst\u00e9mech pozemkov\u00e9ho vlastnictv\u00ed.<\/p>\n<p>Nepokoje v Petrohradu v roce 1917 se dotkly cel\u00e9 Besar\u00e1bie, kde m\u00edstn\u00ed shrom\u00e1\u017ed\u011bn\u00ed poprv\u00e9 vyhl\u00e1sila autonomii v r\u00e1mci upadaj\u00edc\u00ed Rusk\u00e9 republiky. V \u00fanoru 1918 byla potvrzena deklarace nez\u00e1vislosti a kr\u00e1tce nato se region hlasov\u00e1n\u00edm m\u00edstn\u00edho z\u00e1konod\u00e1rn\u00e9ho sboru sjednotil s Rumunskem. Toto spojen\u00ed trvalo a\u017e do roku 1940, kdy pakt Molotov-Ribbentrop donutil Bukure\u0161\u0165 postoupit Besar\u00e1bii a severn\u00ed Bukovinu Sov\u011btsk\u00e9mu svazu. Sov\u011btsk\u00e9 \u00fa\u0159ady zalo\u017eily Moldavskou sov\u011btskou socialistickou republiku, kter\u00e1 slou\u010dila \u010d\u00e1sti b\u00fdval\u00e9 Besarabsk\u00e9 gubernie s \u00fazem\u00edmi Ukrajinsk\u00e9 SSR.<\/p>\n<p>S rozpadem Sov\u011btsk\u00e9ho svazu vyhl\u00e1sila Moldavsk\u00e1 SSR 27. srpna 1991 suverenitu a p\u0159ijala n\u00e1zev Moldavsk\u00e1 republika. T\u00e9m\u011b\u0159 sou\u010dasn\u011b si Podn\u011bst\u0159\u00ed \u2013 \u00fazk\u00fd v\u00fdchodn\u00ed p\u00e1s pod\u00e9l \u0159eky Dn\u011bstr \u2013 vydobylo vlastn\u00ed de facto spr\u00e1vu, co\u017e je status, kter\u00fd p\u0159etrv\u00e1v\u00e1 i p\u0159es mezin\u00e1rodn\u00ed uzn\u00e1n\u00ed. \u00dastava republiky z roku 1994 zavedla parlamentn\u00ed r\u00e1mec, sv\u011b\u0159ila v\u00fdkonnou moc premi\u00e9rovi a prezidentsk\u00fd \u00fa\u0159ad vyhradila pro ceremoni\u00e1ln\u00ed zastoupen\u00ed, a\u010dkoli ned\u00e1vn\u00ed funkcion\u00e1\u0159\u0161t\u00ed p\u0159edstavitel\u00e9 roz\u0161\u00ed\u0159ili jeho ve\u0159ejnou pov\u011bst.<\/p>\n<p>B\u011bhem uplynul\u00e9ho desetilet\u00ed, pod veden\u00edm prezidentky Maii Sanduov\u00e9, zvolen\u00e9 koncem roku 2020 na platform\u011b soudn\u00ed integrity a orientace na Z\u00e1pad, Moldavsko urychlilo svou snahu o \u010dlenstv\u00ed v Evropsk\u00e9 unii. Status kandid\u00e1tsk\u00e9 zem\u011b mu byl ud\u011blen v \u010dervnu 2022 a form\u00e1ln\u00ed p\u0159\u00edstupov\u00e1 jedn\u00e1n\u00ed byla zah\u00e1jena 13. prosince 2023. Sanduov\u00e1 rovn\u011b\u017e nazna\u010dila mo\u017en\u00e9 p\u0159ehodnocen\u00ed \u00fastavn\u00ed vojensk\u00e9 neutrality ve prosp\u011bch u\u017e\u0161\u00edho souladu s dohodami o kolektivn\u00ed bezpe\u010dnosti, a to i p\u0159esto, \u017ee d\u016frazn\u011b odsoudila ruskou invazi do sousedn\u00ed Ukrajiny.<\/p>\n<p>Geograficky Moldavsko zauj\u00edm\u00e1 zvln\u011bn\u00e9 kopce, \u0161irok\u00e1 \u0159\u00ed\u010dn\u00ed \u00fadol\u00ed a m\u00edrnou rovinu na jihu zn\u00e1mou jako Bugeac. Nadmo\u0159sk\u00e1 v\u00fd\u0161ka dosahuje 430 metr\u016f na vrcholu kopce B\u0103l\u0103ne\u0219ti, v r\u00e1mci Moldavsk\u00e9 plo\u0161iny, kter\u00e1 se rozprost\u00edr\u00e1 na Ukrajin\u011b a v Rumunsku. Mezi podoblasti pat\u0159\u00ed zalesn\u011bn\u00e9 masivy Codri ve st\u0159edn\u00edm Moldavsku, Dn\u011bstrsk\u00e9 vrchy na severov\u00fdchod\u011b a Prutsk\u00e1 n\u00ed\u017eina pod\u00e9l z\u00e1padn\u00ed hranice. \u010cernozem, jedna z nej\u00farodn\u011bj\u0161\u00edch p\u016fd na Zemi, pokr\u00fdv\u00e1 zhruba t\u0159i \u010dtvrtiny \u00fazem\u00ed a \u017eiv\u00ed dlouholetou zem\u011bd\u011blskou tradici, obzvl\u00e1\u0161t\u011b vhodnou pro vina\u0159stv\u00ed. \u00dazk\u00fd koridor u Giurgiule\u0219ti, z\u00edskan\u00fd od Ukrajiny v roce 1999, poskytuje Moldavsku 450 metr\u016f dlouh\u00fd okraj Dunaje a t\u00edm i nep\u0159\u00edm\u00fd p\u0159\u00edstup k \u010cern\u00e9mu mo\u0159i.<\/p>\n<p>Klima se hl\u00e1s\u00ed k m\u00edrn\u00e9mu kontinent\u00e1ln\u00edmu klimatu, um\u00edrn\u011bn\u00e9mu bl\u00edzkost\u00ed \u010cern\u00e9ho mo\u0159e. L\u00e9to trv\u00e1 p\u011bt m\u011bs\u00edc\u016f s pr\u016fm\u011brn\u00fdmi maximy kolem 20 \u00b0C, zat\u00edmco zimy z\u016fst\u00e1vaj\u00ed chladn\u00e9, ale z\u0159\u00eddka extr\u00e9mn\u00ed, s pr\u016fm\u011brem -4 \u00b0C v lednu. Ro\u010dn\u00ed sr\u00e1\u017eky se pohybuj\u00ed od p\u0159ibli\u017en\u011b 600 mm na severu do 400 mm na jihu, s koncentrac\u00ed na konci jara a za\u010d\u00e1tku podzimu. Siln\u00e9 lij\u00e1ky zp\u016fsobuj\u00ed lok\u00e1ln\u00ed erozi, a\u010dkoli dlouhodob\u00e1 sucha mohou naru\u0161it zem\u011bd\u011blsk\u00fd cyklus. Mezi historick\u00e9 extr\u00e9my pat\u0159\u00ed 41,5 \u00b0C 21. \u010dervence 2007 v Camence a -35,5 \u00b0C 20. ledna 1963 v Br\u0103tu\u0219eni.<\/p>\n<p>Moldavsk\u00e1 ekonomika se vyzna\u010duje skromn\u00fdm v\u00fdkonem na obyvatele, co\u017e ji \u0159ad\u00ed na druh\u00e9 p\u0159edposledn\u00ed m\u00edsto mezi evropsk\u00fdmi zem\u011bmi. Dominuje sektor slu\u017eeb, zat\u00edmco zem\u011bd\u011blstv\u00ed z\u016fst\u00e1v\u00e1 z\u00e1kladem ob\u017eivy na venkov\u011b. Hospod\u00e1\u0159sk\u00fd r\u016fst od po\u010d\u00e1tku 90. let 20. stolet\u00ed byl zm\u00edrn\u011bn demografick\u00fdm poklesem, zna\u010dnou migrac\u00ed a ned\u00e1vn\u00fdmi energetick\u00fdmi \u0161oky zp\u016fsoben\u00fdmi \u0161ir\u0161\u00edm region\u00e1ln\u00edm konfliktem. Soci\u00e1ln\u00ed zabezpe\u010den\u00ed z\u016fst\u00e1v\u00e1 kl\u00ed\u010dov\u00e9, proto\u017ee zna\u010dn\u00e1 \u010d\u00e1st populace \u017eije ze st\u00e1tn\u00edch d\u016fchod\u016f nebo c\u00edlen\u00e9 pomoci. Snahy o diverzifikaci obchodn\u00edch partnerstv\u00ed p\u0159esunuly velkou \u010d\u00e1st exportn\u00edho trhu s v\u00ednem z Ruska sm\u011brem k Evropsk\u00e9 unii, p\u0159i\u010dem\u017e v roce 2021 se do \u010dlensk\u00fdch st\u00e1t\u016f EU dostalo v\u00edce ne\u017e 120 milion\u016f litr\u016f, oproti 8,6 milionu litr\u016f prodan\u00fdch do Ruska.<\/p>\n<p>Demograficky \u017eilo v Moldavsku v lednu 2024 odhadem 2 423 300 obyvatel. M\u011bst\u0161t\u00ed obyvatel\u00e9 tvo\u0159\u00ed 43,4 procenta populace, p\u0159i\u010dem\u017e zhruba t\u0159etina \u017eije v metropolitn\u00ed oblasti Ki\u0161in\u011bva. B\u0103l\u021bi, m\u00edstn\u011b \u010dasto ozna\u010dovan\u00e9 jako \u201esevern\u00ed hlavn\u00ed m\u011bsto\u201c, je druhou nejv\u011bt\u0161\u00ed obc\u00ed s v\u00edce ne\u017e 100 000 obyvateli na zvln\u011bn\u00fdch b\u0159ez\u00edch \u0159eky R\u0103ut. Tiraspol s populac\u00ed t\u00e9m\u011b\u0159 150 000 slou\u017e\u00ed jako administrativn\u00ed centrum neuznan\u00e9 Podn\u011bstersk\u00e9 oblasti. Comrat funguje jako centrum Gagauzska, autonomn\u00ed enkl\u00e1vy na jihu.<\/p>\n<p>Pr\u016fm\u011brn\u00e1 d\u00e9lka \u017eivota je 71,5 let \u2013 67,2 let u mu\u017e\u016f a 75,7 let u \u017een \u2013 s pom\u011brem pohlav\u00ed p\u0159ibli\u017en\u011b 100 \u017een k 90 mu\u017e\u016fm. Dosa\u017een\u00e9 vzd\u011bl\u00e1n\u00ed \u017een v produktivn\u00edm v\u011bku p\u0159evy\u0161uje vzd\u011bl\u00e1n\u00ed mu\u017e\u016f, p\u0159esto p\u0159etrv\u00e1v\u00e1 13,6% rozd\u00edl v odm\u011b\u0148ov\u00e1n\u00ed. N\u00e1rodn\u00edm jazykem je rumun\u0161tina, kter\u00e1 je form\u00e1ln\u011b stanovena od roku 2023, a\u010dkoli ru\u0161tina z\u016fst\u00e1v\u00e1 roz\u0161\u00ed\u0159en\u00e1, zejm\u00e9na v m\u011bstsk\u00fdch a v\u00fdchodn\u00edch oblastech. V \u010d\u00e1stech autonomn\u00ed oblasti nesouc\u00ed jej\u00ed jm\u00e9no p\u0159evl\u00e1d\u00e1 gagauz\u0161tina, turkick\u00fd jazyk. V\u00fduka angli\u010dtiny se od 90. let 20. stolet\u00ed roz\u0161\u00ed\u0159ila, ale plynn\u00e1 znalost angli\u010dtiny dostate\u010dn\u00e1 pro del\u0161\u00ed konverzaci z\u016fst\u00e1v\u00e1 mimo hlavn\u00ed m\u011bsto neobvykl\u00e1.<\/p>\n<p>Kulturn\u00ed \u017eivot v Moldavsku je protk\u00e1n bohat\u00fdm c\u00edrkevn\u00edm d\u011bdictv\u00edm a trvalou vina\u0159skou tradic\u00ed. V krajin\u011b je v\u00edce ne\u017e 700 kostel\u016f a p\u0159es 50 kl\u00e1\u0161ter\u016f. Mezi nimi je kl\u00e1\u0161tern\u00ed komplex Star\u00fd Orhei, vytesan\u00fd do v\u00e1pence na lev\u00e9m b\u0159ehu \u0159eky R\u0103ut a dodnes zasv\u011bcen\u00fd pro bohoslu\u017eby, symbolem st\u0159edov\u011bk\u00e9 pravoslavn\u00e9 zbo\u017enosti. Jeho kaple na \u00fatesu a p\u0159ilehl\u00e9 archeologick\u00e9 nalezi\u0161t\u011b dokl\u00e1daj\u00ed stopy os\u00eddlen\u00ed z dvan\u00e1ct\u00e9ho stolet\u00ed. Kl\u00e1\u0161ter C\u0103priana, zasazen\u00fd do dubov\u00fdch h\u00e1j\u016f asi 40 kilometr\u016f severn\u011b od Ki\u0161in\u011bva, z\u016fst\u00e1v\u00e1 jedn\u00edm z nejnav\u0161t\u011bvovan\u011bj\u0161\u00edch duchovn\u00edch \u00fato\u010di\u0161\u0165 v zemi.<\/p>\n<p>Moldavsk\u00e9 vinn\u00e9 sklepy pat\u0159\u00ed k nejrozs\u00e1hlej\u0161\u00edm na sv\u011bt\u011b. Mile\u0219tii Mici, zapsan\u00fd v Guinnessov\u011b knize rekord\u016f od roku 2005, zahrnuje v\u00edce ne\u017e 200 kilometr\u016f podzemn\u00edch galeri\u00ed \u2013 z nich\u017e 55 kilometr\u016f je aktivn\u011b vyu\u017e\u00edv\u00e1no \u2013 a v nich\u017e se nach\u00e1z\u00ed v\u00edce ne\u017e dva miliony lahv\u00ed. Cricova, rozs\u00e1hl\u00e1 s\u00ed\u0165 b\u00fdval\u00fdch v\u00e1pencov\u00fdch lom\u016f, organizuje sv\u00e1 v\u00edna podle p\u016fvodu a ro\u010dn\u00edku v galerijn\u00edch ulic\u00edch, zat\u00edmco Castel Mimi o\u017eivuje z\u00e1meckou architekturu devaten\u00e1ct\u00e9ho stolet\u00ed a prezentuje sb\u00edrkov\u00e9, muzejn\u00ed a pohostinsk\u00e9 funkce. Rodiny v odlehl\u00fdch osad\u00e1ch \u010dasto udr\u017euj\u00ed soukrom\u00e9 vinice a p\u0159ed\u00e1vaj\u00ed vina\u0159sk\u00e9 znalosti p\u0159edk\u016f z generace na generaci. Ka\u017ed\u00fd \u0159\u00edjen se kon\u00e1 N\u00e1rodn\u00ed den v\u00edna, kter\u00fd otev\u00edr\u00e1 ve\u0159ejnosti p\u0159\u00edstup k usedlostem po cel\u00e9 zemi a n\u00e1v\u0161t\u011bvn\u00edky mezi sklepy p\u0159epravuje kyvadlov\u00e1 doprava.<\/p>\n<p>Cestovn\u00ed ruch, a\u010dkoli je ve srovn\u00e1n\u00ed se z\u00e1padoevropsk\u00fdmi zem\u011bmi v ran\u00e9 f\u00e1zi, zaznamenal v prvn\u00edm \u010dtvrtlet\u00ed roku 2022 n\u00e1r\u016fst na 36 100 nerezidentn\u00edch turist\u016f, co\u017e p\u0159ekonalo \u010d\u00edsla p\u0159ed pandemi\u00ed. Atrakce se soust\u0159ed\u00ed na pam\u00e1tky, venkovsk\u00e9 kulturn\u00ed z\u00e1\u017eitky a vina\u0159sk\u00e9 stezky, p\u0159esto z\u016fst\u00e1vaj\u00ed za hranicemi Ki\u0161in\u011bva m\u00e1lo pro\u0161lapan\u00e9. Snahy o propagaci tohoto odv\u011btv\u00ed pod hlavi\u010dkou Moldova Travel zd\u016fraznily \u0161t\u011bdrou sluncem zalitou sez\u00f3nu zem\u011b \u2013 p\u0159ibli\u017en\u011b 300 slune\u010dn\u00fdch dn\u016f v roce \u2013 konkurenceschopn\u00e9 ceny a mozaiku kulturn\u00edch vliv\u016f na k\u0159i\u017eovatce rumunsk\u00fdch, slovansk\u00fdch a gagauzsk\u00fdch tradic.<\/p>\n<p>Mezin\u00e1rodn\u00ed leti\u0161t\u011b v Ki\u0161in\u011bv\u011b je kl\u00ed\u010dov\u00e9 pro mezin\u00e1rodn\u00ed spojen\u00ed s pravideln\u00fdmi linkami do hlavn\u00edch evropsk\u00fdch leti\u0161\u0165, v\u010detn\u011b amsterdamsk\u00e9ho leti\u0161t\u011b Schiphol, pa\u0159\u00ed\u017esk\u00e9ho leti\u0161t\u011b Charles de Gaulle, lond\u00fdnsk\u00e9ho leti\u0161t\u011b Stansted, \u0159\u00edmsk\u00e9ho leti\u0161t\u011b Fiumicino, istanbulsk\u00e9ho leti\u0161t\u011b a Tel Avivu. No\u010dn\u00ed vlakov\u00e9 spojen\u00ed spojuje Ki\u0161in\u011bv s Bukure\u0161t\u00ed, Kyjevem a Odesou, zat\u00edmco p\u0159\u00edm\u00e9 spoje do Moskvy jsou nad\u00e1le pozastaveny. Pozemn\u00ed doprava p\u0159es Rumunsko se jev\u00ed jako ekonomick\u00e1, p\u0159i\u010dem\u017e denn\u00ed cesta l\u016f\u017ekov\u00fdmi vlaky mezi Ki\u0161in\u011bvem a Bukure\u0161t\u00ed trv\u00e1 p\u0159ibli\u017en\u011b 12 hodin. Autobusov\u00e1 s\u00ed\u0165 se rozprost\u00edr\u00e1 do v\u011bt\u0161iny rumunsk\u00fdch a ukrajinsk\u00fdch m\u011bst, a\u010dkoli tranzit p\u0159es Podn\u011bst\u0159\u00ed m\u016f\u017ee vy\u017eadovat dodate\u010dn\u00e9 hrani\u010dn\u00ed formality a ob\u010dasn\u00e9 \u017e\u00e1dosti o neofici\u00e1ln\u00ed platby.<\/p>\n<p>V Moldavsku je doprava tvo\u0159ena s\u00edt\u00ed d\u00e1lnic o celkov\u00e9 d\u00e9lce p\u0159ibli\u017en\u011b 12 730 kilometr\u016f, z nich\u017e t\u00e9m\u011b\u0159 11 000 kilometr\u016f je zpevn\u011bn\u00fdch, a 1 138 kilometry \u017eeleznic. Mezi m\u011bsty a vesnicemi neform\u00e1ln\u011b jezd\u00ed minibusy neboli rutiere, kter\u00e9 nab\u00edzej\u00ed flexibiln\u00ed j\u00edzdn\u00ed \u0159\u00e1dy za n\u00edzk\u00e9 ceny. V Ki\u0161in\u011bv\u011b zaji\u0161\u0165uj\u00ed m\u011bstskou mobilitu st\u00e1tn\u00ed trolejbusy a omezen\u00e9 autobusov\u00e9 linky, a\u010dkoli soukrom\u00e9 mar\u0161rutky z\u016fst\u00e1vaj\u00ed nejroz\u0161\u00ed\u0159en\u011bj\u0161\u00edm prost\u0159edkem ve\u0159ejn\u00e9 dopravy. Dunajsk\u00fd termin\u00e1l v Giurgiule\u0219ti odbavuje mal\u00e9 n\u00e1mo\u0159n\u00ed n\u00e1kladn\u00ed lod\u011b a spojuje Moldavsko s glob\u00e1ln\u00ed lodn\u00ed dopravou p\u0159es \u010cern\u00e9 mo\u0159e.<\/p>\n<p>N\u00e1v\u0161t\u011bvn\u00edci Moldavska se setk\u00e1vaj\u00ed s kuchyn\u00ed, kter\u00e1 se vyzna\u010duje jednoduchost\u00ed a m\u00edstn\u00edmi produkty. Trhy v Ki\u0161in\u011bv\u011b p\u0159et\u00e9kaj\u00ed \u010derstv\u00fdm ovocem, zeleninou, s\u00fdry a uzen\u00fdm masem. Mal\u00e9 m\u00edstn\u00ed restaurace pod\u00e1vaj\u00ed m\u0103m\u0103lig\u0103 (kuku\u0159i\u010dnou ka\u0161i), br\u00e2nz\u0103 (b\u00edl\u00fd s\u00fdr) a zeama (ku\u0159ec\u00ed pol\u00e9vku) spolu s rusk\u00fdmi a ukrajinsk\u00fdmi specialitami. Spropitn\u00e9 nen\u00ed zvykem ani se neo\u010dek\u00e1v\u00e1. Mo\u017enosti ubytov\u00e1n\u00ed sahaj\u00ed od skromn\u00fdch hotel\u016f s cenami v eurech nebo dolarech a\u017e po hrstku nov\u011b vznikaj\u00edc\u00edch hostel\u016f v hlavn\u00edm m\u011bst\u011b. Ubytov\u00e1n\u00ed ze sov\u011btsk\u00e9 \u00e9ry v provin\u010dn\u00edch m\u011bstech m\u016f\u017ee nab\u00edzet vy\u0161\u0161\u00ed ne\u017e o\u010dek\u00e1van\u00e9 ceny za minim\u00e1ln\u00ed vybaven\u00ed.<\/p>\n<p>Moldavsk\u00e1 republika se sv\u00fdm komplexn\u00edm vrstven\u00edm historie, kultury a politick\u00e9ho z\u0159\u00edzen\u00ed p\u0159edstavuje p\u0159\u00edklad odolnosti. Stolet\u00ed st\u0159\u00edd\u00e1n\u00ed suverenity, ekonomick\u00fdch reorganizac\u00ed a region\u00e1ln\u00edch ot\u0159es\u016f dalo vzniknout spole\u010dnosti, kter\u00e1 se vyzna\u010duje hou\u017eevnatost\u00ed a vynal\u00e9zavost\u00ed. \u00darodn\u00e1 p\u016fda a podneb\u00ed zem\u011b podporuj\u00ed zem\u011bd\u011blskou hojnost, zat\u00edmco jej\u00ed trval\u00e9 vina\u0159sk\u00e9 tradice a posv\u00e1tn\u00e1 m\u00edsta hovo\u0159\u00ed o hlubok\u00e9m pocitu identity. Dnes, kdy\u017e se n\u00e1rod prod\u00edr\u00e1 evropskou integrac\u00ed a glob\u00e1ln\u00edmi reorganizacemi, Moldavsko nab\u00edz\u00ed pozorn\u00e9mu n\u00e1v\u0161t\u011bvn\u00edkovi ter\u00e9n jemn\u00fdch z\u00e1zrak\u016f, lidsk\u00e9ho tepla a sez\u00f3nn\u00edch rytm\u016f, kter\u00e9 rezonuj\u00ed dlouho po odjezdu.<\/p>","protected":false},"excerpt":{"rendered":"<p>Moldavsko, ofici\u00e1ln\u011b ozna\u010dovan\u00e9 jako Moldavsk\u00e1 republika, je kompaktn\u00ed vnitrozemsk\u00fd st\u00e1t nach\u00e1zej\u00edc\u00ed se ve v\u00fdchodn\u00ed Evrop\u011b na severov\u00fdchodn\u00edm okraji Balk\u00e1nu. Tento n\u00e1rod, charakteristick\u00fd svou bohatou histori\u00ed a rozmanit\u00fdmi kulturn\u00edmi vlivy, se rozkl\u00e1d\u00e1 na celkov\u00e9 plo\u0161e 33 483 kilometr\u016f \u010dtvere\u010dn\u00edch a je domovem p\u0159ibli\u017en\u011b 2,42 milionu lid\u00ed k lednu 2024. Moldavsko se nach\u00e1z\u00ed mezi dv\u011bma v\u011bt\u0161\u00edmi sousedy: Rumunskem na z\u00e1pad\u011b a Ukrajinou na severu, v\u00fdchod\u011b a jihu. V\u00fdchodn\u00ed hranici zem\u011b vymezuje \u0159eka Dn\u011bstr, za n\u00ed se nach\u00e1z\u00ed neuznan\u00fd odtr\u017een\u00fd st\u00e1t Podn\u011bst\u0159\u00ed, region, kter\u00fd je ohniskem politick\u00e9ho nap\u011bt\u00ed od doby, kdy Moldavsko z\u00edskalo nez\u00e1vislost.<\/p>","protected":false},"author":1,"featured_media":2745,"parent":24078,"menu_order":0,"comment_status":"closed","ping_status":"closed","template":"elementor_theme","meta":{"_eb_attr":"","footnotes":""},"class_list":["post-11462","page","type-page","status-publish","has-post-thumbnail"],"_links":{"self":[{"href":"https:\/\/travelshelper.com\/cs\/wp-json\/wp\/v2\/pages\/11462","targetHints":{"allow":["GET"]}}],"collection":[{"href":"https:\/\/travelshelper.com\/cs\/wp-json\/wp\/v2\/pages"}],"about":[{"href":"https:\/\/travelshelper.com\/cs\/wp-json\/wp\/v2\/types\/page"}],"author":[{"embeddable":true,"href":"https:\/\/travelshelper.com\/cs\/wp-json\/wp\/v2\/users\/1"}],"replies":[{"embeddable":true,"href":"https:\/\/travelshelper.com\/cs\/wp-json\/wp\/v2\/comments?post=11462"}],"version-history":[{"count":0,"href":"https:\/\/travelshelper.com\/cs\/wp-json\/wp\/v2\/pages\/11462\/revisions"}],"up":[{"embeddable":true,"href":"https:\/\/travelshelper.com\/cs\/wp-json\/wp\/v2\/pages\/24078"}],"wp:featuredmedia":[{"embeddable":true,"href":"https:\/\/travelshelper.com\/cs\/wp-json\/wp\/v2\/media\/2745"}],"wp:attachment":[{"href":"https:\/\/travelshelper.com\/cs\/wp-json\/wp\/v2\/media?parent=11462"}],"curies":[{"name":"wp","href":"https:\/\/api.w.org\/{rel}","templated":true}]}}