{"id":11404,"date":"2024-09-12T22:08:35","date_gmt":"2024-09-12T22:08:35","guid":{"rendered":"https:\/\/travelshelper.com\/staging\/?page_id=11404"},"modified":"2026-03-12T15:56:36","modified_gmt":"2026-03-12T15:56:36","slug":"madarsko","status":"publish","type":"page","link":"https:\/\/travelshelper.com\/cs\/destinations\/europe\/hungary\/","title":{"rendered":"Ma\u010farsko"},"content":{"rendered":"<p>Ma\u010farsko je vnitrozemsk\u00e1 republika s p\u0159ibli\u017en\u011b 9,6 miliony obyvatel, kter\u00e1 zab\u00edr\u00e1 zhruba 93 000 kilometr\u016f \u010dtvere\u010dn\u00edch v srdci Karpatsk\u00e9 kotliny a hrani\u010d\u00ed se sedmi st\u00e1ty \u2013 Slovenskem, Ukrajinou, Rumunskem, Srbskem, Chorvatskem, Slovinskem a Rakouskem \u2013 kter\u00fdmi prot\u00e9kaj\u00ed \u0159eky Dunaj a Tisa. Od zalo\u017een\u00ed ma\u010farsk\u00e9ho kn\u00ed\u017eectv\u00ed za \u00c1rp\u00e1da na konci dev\u00e1t\u00e9ho stolet\u00ed a\u017e po modern\u00ed parlamentn\u00ed demokracii a vstup do Evropsk\u00e9 unie v roce 2004 byl v\u00fdvoj Ma\u010farska formov\u00e1n postupn\u00fdmi vlnami os\u00eddlov\u00e1n\u00ed, c\u00edsa\u0159sk\u00e9 nadvl\u00e1dy a n\u00e1rodn\u00edho obrozen\u00ed.<\/p>\n<p>Ma\u010farsk\u00fd ter\u00e9n je p\u0159ev\u00e1\u017en\u011b n\u00ed\u017einn\u00fd, jeho\u017e kontury jsou definov\u00e1ny rytmick\u00fdm stoup\u00e1n\u00edm kopcovit\u00e9ho Zadunaj\u00ed na z\u00e1pad\u011b a rozlehlou Velkou n\u00ed\u017einou (Alf\u00f6ld) na v\u00fdchod\u011b. Zadunaj\u00ed se rozkl\u00e1d\u00e1 od rakousk\u00fdch hranic p\u0159es zvln\u011bn\u00e9 podh\u016f\u0159\u00ed v\u00fdchodn\u00edch Alp (Alpokalja), Zadunajsk\u00fdch hor a poho\u0159\u00ed Mecsek a Vill\u00e1ny, vrchol\u00edc\u00ed u \u00cdrott-k\u0151 (882 m). Za Tisou je \u0161irok\u00fd rozsah n\u00ed\u017einy p\u0159eru\u0161ov\u00e1n karpatsk\u00fdmi podh\u016f\u0159\u00edmi na severu, korunovan\u00fdmi K\u00e9kesem (1 014 m), vrcholem Ma\u010farska, zat\u00edmco Balaton \u2013 nejv\u011bt\u0161\u00ed sladkovodn\u00ed jezero ve st\u0159edn\u00ed Evrop\u011b \u2013 a term\u00e1ln\u00ed vody H\u00e9v\u00edzu sv\u011bd\u010d\u00ed o geologick\u00e9 rozmanitosti regionu. Podneb\u00ed je m\u00edrn\u011b kontinent\u00e1ln\u00ed s pr\u016fm\u011brn\u00fdmi ro\u010dn\u00edmi teplotami kolem 9,7 \u00b0C a pr\u016fm\u011brn\u00fdmi sr\u00e1\u017ekami 600 mm, co\u017e udr\u017euje bohatou mozaiku panonsk\u00fdch sm\u00ed\u0161en\u00fdch les\u016f v cirkumbore\u00e1ln\u00ed oblasti Bore\u00e1ln\u00ed \u0159\u00ed\u0161e.<\/p>\n<p>Mezi nejstar\u0161\u00ed zn\u00e1m\u00e9 obyvatele p\u00e1nve pat\u0159ili Keltov\u00e9, \u0158\u00edman\u00e9, Hunov\u00e9, germ\u00e1nsk\u00e9 kmeny, Avary a Slovan\u00e9. Ma\u010farsk\u00e9 vp\u00e1dy pod veden\u00edm \u00c1lmose a \u00c1rp\u00e1da na konci dev\u00e1t\u00e9ho stolet\u00ed upevnily p\u00e1nev v kn\u00ed\u017eectv\u00ed, kodifikovan\u00e9 korunovac\u00ed \u0160t\u011bp\u00e1na I. na kr\u00e1le v roce 1000 n. l. a zaveden\u00edm k\u0159es\u0165ansk\u00fdch instituc\u00ed, kter\u00e9 p\u0159etrvaly po celou dobu st\u0159edov\u011bk\u00e9ho Uhersk\u00e9ho kr\u00e1lovstv\u00ed. V pozdn\u00edm st\u0159edov\u011bku kr\u00e1lovstv\u00ed dosp\u011blo ve st\u0159edoevropskou mocnost, jej\u00ed\u017e vliv sahal na Balk\u00e1n a d\u00e1le. Osmansk\u00e9 dobyt\u00ed, zah\u00e1jen\u00e9 por\u00e1\u017ekou u Moh\u00e1\u010de v roce 1526 a p\u00e1dem Bud\u00edna v roce 1541, rozd\u011blilo \u0159\u00ed\u0161i na Habsburky ovl\u00e1dan\u00e9 Kr\u00e1lovsk\u00e9 Uhersko, Osmansk\u00e9 provincie a poloautonomn\u00ed kn\u00ed\u017eectv\u00ed Transylv\u00e1nie. Karlovick\u00e1 smlouva z roku 1699 ukon\u010dila osmanskou nadvl\u00e1du v p\u00e1nvi a do osmn\u00e1ct\u00e9ho stolet\u00ed znovu sjednotila v\u011bt\u0161inu \u00fazem\u00ed pod habsburskou hegemoni\u00ed.<\/p>\n<p>Povst\u00e1n\u00ed v sedmn\u00e1ct\u00e9m a osmn\u00e1ct\u00e9m stolet\u00ed \u2013 zejm\u00e9na R\u00e1k\u00f3cziho v\u00e1lka za nez\u00e1vislost (1703\u20131711) \u2013 vyvrcholila rakousko-uhersk\u00fdm vyrovn\u00e1n\u00edm v roce 1867, kter\u00e9 nastolilo du\u00e1ln\u00ed monarchii, jej\u00ed\u017e pr\u016fmyslov\u00fd a kulturn\u00ed rozkv\u011bt znamenal konec stolet\u00ed. Rozpad Rakouska-Uherska po prvn\u00ed sv\u011btov\u00e9 v\u00e1lce a Trianonsk\u00e1 smlouva z roku 1920 zmen\u0161ily kr\u00e1lovstv\u00ed o sedmdes\u00e1t jedna procent jeho historick\u00e9 rozlohy, co\u017e zp\u016fsobilo hlubokou demografickou a ekonomickou dislokaci. B\u011bhem meziv\u00e1le\u010dn\u00e9ho obdob\u00ed usilovala konzervativn\u00ed administrativa regenta Mikl\u00f3se Horthyho o stabilitu uprost\u0159ed \u00fazemn\u00edho iredentismu. Spojen\u00ed Ma\u010farska s Osou ve druh\u00e9 sv\u011btov\u00e9 v\u00e1lce rozpoutalo devastaci a okupaci, po n\u00ed\u017e n\u00e1sledovalo sov\u011btem podporovan\u00e9 zalo\u017een\u00ed Ma\u010farsk\u00e9 lidov\u00e9 republiky. Povst\u00e1n\u00ed v roce 1956, a\u010dkoli potla\u010den\u00e9, p\u0159edznamen\u00e1valo postupnou liberalizaci. M\u00edrov\u00fd p\u0159echod v letech 1989\u20131990 zavedl demokratickou parlamentn\u00ed republiku, kter\u00e1 vyvrcholila \u010dlenstv\u00edm v Evropsk\u00e9 unii v roce 2004 a vstupem do Schengenu v roce 2007.<\/p>\n<p>Sou\u010dasn\u00e1 ekonomika je klasifikov\u00e1na jako vysokop\u0159\u00edjmov\u00e1 a je podpo\u0159ena v\u0161eobecnou zdravotn\u00ed p\u00e9\u010d\u00ed a bezplatn\u00fdm st\u0159edo\u0161kolsk\u00fdm vzd\u011bl\u00e1n\u00edm. Slu\u017eby tvo\u0159\u00ed v\u00edce ne\u017e \u0161edes\u00e1t procent zam\u011bstnanosti, p\u0159i\u010dem\u017e pr\u016fmysl a zem\u011bd\u011blstv\u00ed p\u0159edstavuj\u00ed t\u0159icet, respektive sedm procent, co\u017e odr\u00e1\u017e\u00ed postindustri\u00e1ln\u00ed strukturu pr\u00e1ce. Ma\u010farsk\u00fd forint z\u016fst\u00e1v\u00e1 n\u00e1rodn\u00ed m\u011bnou, zat\u00edmco ekonomick\u00e1 slo\u017eitost se celosv\u011btov\u011b um\u00edstila na dev\u00e1t\u00e9m m\u00edst\u011b. Infrastruktura je rozs\u00e1hl\u00e1: modern\u00ed s\u00ed\u0165 d\u00e1lnic spojuje Budape\u0161\u0165 s velk\u00fdmi m\u011bsty; budape\u0161\u0165sk\u00e9 metro \u2013 z roku 1896 \u2013 z\u016fst\u00e1v\u00e1 druh\u00fdm nejstar\u0161\u00edm podzemn\u00edm syst\u00e9mem na sv\u011bt\u011b; a \u017eelezni\u010dn\u00ed uzly, jako jsou Szolnok a Miskolc, udr\u017euj\u00ed vnitrost\u00e1tn\u00ed i p\u0159eshrani\u010dn\u00ed spojen\u00ed. Od b\u0159ezna 2024 je bezplatn\u00e9 cestov\u00e1n\u00ed vlakem roz\u0161\u00ed\u0159eno na ob\u010dany mlad\u0161\u00ed \u010dtrn\u00e1cti let a osoby star\u0161\u00ed \u0161edes\u00e1ti p\u011bti let.<\/p>\n<p>Administrativn\u011b se Ma\u010farsko d\u011bl\u00ed na devaten\u00e1ct \u017eup a hlavn\u00ed m\u011bsto Budape\u0161\u0165, kter\u00e9 funguje nez\u00e1visle. T\u011bchto dvacet celk\u016f tvo\u0159\u00ed regiony NUTS-3, kter\u00e9 jsou d\u00e1le rozd\u011bleny do 174 okres\u016f, zahrnuj\u00edc\u00edch 3 152 obc\u00ed \u2013 346 m\u011bst (v\u010detn\u011b dvaceti t\u0159\u00ed \u201em\u011bstsk\u00fdch \u017eup\u201c) a 2 806 vesnic. Urbanizace p\u0159esahuje sedmdes\u00e1t procent, p\u0159i\u010dem\u017e \u010dtvrtina obyvatel \u017eije v metropolitn\u00ed oblasti Budape\u0161ti. Samotn\u00e1 Budape\u0161\u0165 \u2013 rozkl\u00e1daj\u00edc\u00ed se na obou b\u0159ez\u00edch Dunaje \u2013 m\u00e1 kulturn\u00ed a ekonomick\u00e9 prvenstv\u00ed. Jej\u00ed okruh klasick\u00fdch bulv\u00e1r\u016f a pam\u00e1tek sv\u011bd\u010d\u00ed o barokn\u00edm, historizuj\u00edc\u00edm a secesn\u00edm odkazu.<\/p>\n<p>Ma\u010farsk\u00fd jazyk, \u010dlen uralsk\u00e9 rodiny jazyk\u016f mimo hlavn\u00ed indoevropsk\u00fd jazyk, je rodn\u00fdm jazykem devades\u00e1ti dev\u00edti procent populace. Angli\u010dtina a n\u011bm\u010dina p\u0159edstavuj\u00ed hlavn\u00ed ciz\u00ed jazyky, zat\u00edmco mezi uzn\u00e1van\u00e9 men\u0161inov\u00e9 jazyky pat\u0159\u00ed arm\u00e9n\u0161tina, bulhar\u0161tina, chorvat\u0161tina, n\u011bm\u010dina, \u0159e\u010dtina, rumun\u0161tina, rom\u0161tina, rus\u00edn\u0161tina, srb\u0161tina, sloven\u0161tina, slovin\u0161tina a ukrajin\u0161tina. Etnicky Ma\u010fa\u0159i tvo\u0159\u00ed v\u00edce ne\u017e devades\u00e1t procent populace, p\u0159i\u010dem\u017e Romov\u00e9, Slov\u00e1ci a dal\u0161\u00ed komunity p\u0159isp\u00edvaj\u00ed k historicky rozmanit\u00e9 soci\u00e1ln\u00ed struktu\u0159e, o \u010dem\u017e sv\u011bd\u010d\u00ed i v\u00edce ne\u017e dva miliony etnick\u00fdch Ma\u010far\u016f \u017eij\u00edc\u00edch za sou\u010dasn\u00fdmi hranicemi.<\/p>\n<p>K\u0159es\u0165anstv\u00ed dlouho formovalo ma\u010farskou identitu. P\u0159ijet\u00ed z\u00e1padn\u00edho k\u0159es\u0165anstv\u00ed kr\u00e1lem \u0160t\u011bp\u00e1nem I. v roce 1000 n. l. posv\u011btilo katolicismus jako st\u00e1tn\u00ed n\u00e1bo\u017eenstv\u00ed a ost\u0159ihomsk\u00fd arcibiskup se stal princem-primasem. Luter\u00e1nsk\u00e9 a kalv\u00ednsk\u00e9 tradice se v n\u00e1sleduj\u00edc\u00edch stolet\u00edch prosadily, zejm\u00e9na ve v\u00fdchodn\u00edch oblastech Velk\u00e9 n\u00ed\u017einy. Dnes je Ma\u010farsko p\u0159ev\u00e1\u017en\u011b sekul\u00e1rn\u00ed a m\u00e9n\u011b ne\u017e dvacet procent obyvatel se pravideln\u011b \u00fa\u010dastn\u00ed bohoslu\u017eeb.<\/p>\n<p>Architektonick\u00e9 d\u011bdictv\u00ed sah\u00e1 od st\u0159edov\u011bk\u00fdch opevn\u011bn\u00ed a renesan\u010dn\u00edch mistr\u016f a\u017e po inovace \u00d6d\u00f6na Lechnera z konce stolet\u00ed, jeho\u017e synt\u00e9za asijsk\u00fdch a n\u00e1rodn\u00edch motiv\u016f zalo\u017eila osobit\u00fd ma\u010farskou secesi. Jeho n\u00e1stupci, v\u010detn\u011b K\u00e1rolye K\u00f3se, Dezs\u0151a Zrumeczk\u00e9ho a B\u00e9ly Lajty, adaptovali zahrani\u010dn\u00ed proudy \u2013 v\u00edde\u0148skou secesi, belgickou a francouzskou secesi, n\u011bmeck\u00fd jugendstil a anglick\u00e9 a finsk\u00e9 vlivy \u2013 do sv\u00e9bytn\u00e9ho slovn\u00edku, kter\u00fd je patrn\u00fd v m\u011bstsk\u00fdch budov\u00e1ch a muze\u00edch u\u017eit\u00e9ho um\u011bn\u00ed. Centrum Budape\u0161ti si z\u016fst\u00e1v\u00e1 p\u0159ev\u00e1\u017en\u011b stolet\u00fdm, jeho fas\u00e1dy s vysok\u00fdmi stropy nesou socha\u0159sk\u00e9 medaile z minul\u00fdch obdob\u00ed.<\/p>\n<p>Ma\u010farsk\u00e1 kuchyn\u011b je ukotvena paprikou \u2013 zavedenou v \u0161estn\u00e1ct\u00e9m stolet\u00ed \u2013 a hustou zakysanou smetanou (tejf\u00f6l), kter\u00e1 zm\u00edr\u0148uje v\u00fdrazn\u00e9 chut\u011b. Guly\u00e1s ve sv\u00fdch pol\u00e9vkov\u00fdch nebo du\u0161en\u00fdch variant\u00e1ch zt\u011bles\u0148uje dom\u00e1c\u00ed j\u00eddlo, zat\u00edmco ku\u0159ec\u00ed paprik\u00e1\u0161, p\u00f6rk\u00f6lt, hal\u00e1szl\u00e9 a u\u0161lechtil\u00e9 pokrmy z hus\u00ed pe\u010den\u011b sv\u011bd\u010d\u00ed o region\u00e1ln\u00edch a t\u0159\u00eddn\u00edch rozd\u00edlech. Pe\u010divo, jako je dort Dobo\u0161, \u0161tr\u00fadle, pala\u010dinka Gundel a \u0161vestkov\u00e9 knedl\u00edky, je sou\u010d\u00e1st\u00ed kulin\u00e1\u0159sk\u00e9ho kalend\u00e1\u0159e a kav\u00e1rensk\u00e1 kultura vzkv\u00e9t\u00e1 v cukr\u00e1szd\u00e1ku (cukr\u00e1rensk\u00fdch provozovn\u00e1ch) a eszpressz\u00f3ku (kav\u00e1rn\u00e1ch). Tradi\u010dn\u00ed hostince \u2013 cs\u00e1rd\u00e1k \u2013 a vin\u00e1rny \u2013 boroz\u00f3k \u2013 zachov\u00e1vaj\u00ed venkovskou spole\u010denskou atmosf\u00e9ru, zat\u00edmco m\u011bstsk\u00e1 bistra a samoobslu\u017en\u00e9 buf\u00e9ky uspokojuj\u00ed modern\u00ed po\u017eadavky.<\/p>\n<p>Turismus, historicky prosperuj\u00edc\u00ed, p\u0159il\u00e1kal v roce 2019 24,5 milionu zahrani\u010dn\u00edch n\u00e1v\u0161t\u011bvn\u00edk\u016f, kter\u00e9 l\u00e1kaj\u00ed pam\u00e1tky sv\u011btov\u00e9ho d\u011bdictv\u00ed UNESCO, mezi n\u011b\u017e pat\u0159\u00ed b\u0159ehy Dunaje a Bud\u00ednsk\u00fd hrad v Budape\u0161ti, tis\u00edcilet\u00e9 benediktinsk\u00e9 opatstv\u00ed Pannonhalma, N\u00e1rodn\u00ed park Hortob\u00e1gy s rozlehlou pustou, jeskyn\u011b Aggtelek, ran\u011b k\u0159es\u0165ansk\u00e1 nekropole v P\u00e9csi a vina\u0159sk\u00e9 oblasti Tokaj a Vill\u00e1ny. Balaton z\u016fst\u00e1v\u00e1 nejv\u00fdznamn\u011bj\u0161\u00edm vnitrozemsk\u00fdm letoviskem st\u0159edn\u00ed Evropy, dopln\u011bn\u00fdm term\u00e1ln\u00edmi l\u00e1ze\u0148sk\u00fdmi m\u011bsty, jako jsou H\u00e9v\u00edz, Hajd\u00faszoboszl\u00f3 a Hark\u00e1ny. Sez\u00f3nn\u00ed a kulturn\u00ed jevy \u2013 od vyl\u00e9z\u00e1n\u00ed jepic (tiszavir\u00e1gz\u00e1s) v polovin\u011b \u010dervna pod\u00e9l Tisy a\u017e po \u00fanorov\u00fd karneval Bus\u00f3j\u00e1r\u00e1s v Moh\u00e1\u010di \u2013 podtrhuj\u00ed trvalou souhru p\u0159\u00edrody, ritu\u00e1l\u016f a komunity v Ma\u010farsku.<\/p>\n<p>Ma\u010farsko se \u00fa\u010dastn\u00ed \u0161irok\u00e9 \u0161k\u00e1ly mezin\u00e1rodn\u00edch organizac\u00ed, v\u010detn\u011b Organizace spojen\u00fdch n\u00e1rod\u016f, NATO, Sv\u011btov\u00e9 zdravotnick\u00e9 organizace, Sv\u011btov\u00e9 obchodn\u00ed organizace, Sv\u011btov\u00e9 banky, Asijsk\u00e9 banky pro investice do infrastruktury, Rady Evropy a Visegr\u00e1dsk\u00e9 skupiny, co\u017e odr\u00e1\u017e\u00ed jeho strategickou roli v evropsk\u00fdch z\u00e1le\u017eitostech. V r\u00e1mci Evropsk\u00e9 unie Ma\u010farsko vyva\u017euje n\u00e1rodn\u00ed v\u00fdsady s kolektivn\u00ed spr\u00e1vou v\u011bc\u00ed ve\u0159ejn\u00fdch, vyjedn\u00e1v\u00e1 fisk\u00e1ln\u00ed r\u00e1mce a infrastrukturn\u00ed projekty, kter\u00e9 podporuj\u00ed jeho ekonomickou modernizaci.<\/p>\n<p>Cesta tohoto n\u00e1roda \u2013 od zkou\u0161ky ran\u011b st\u0159edov\u011bk\u00e9ho st\u00e1tn\u00edho um\u011bn\u00ed p\u0159es osmansk\u00fd rozklad, habsbursk\u00fd dualismus, ot\u0159esy dvac\u00e1t\u00e9ho stolet\u00ed a pluralismus po roce 1989 \u2013 vtiskla kulturn\u00ed odolnost patrnou v jazyce, um\u011bn\u00ed, architektu\u0159e a soci\u00e1ln\u00edch instituc\u00edch. Dne\u0161n\u00ed Ma\u010farsko se pohybuje mezi tradic\u00ed a inovac\u00ed, jeho m\u011bsta a roviny nesou v\u00fdmluvn\u00e9 sv\u011bdectv\u00ed o stalet\u00edch kontinuity uprost\u0159ed transformace. Z\u016fst\u00e1v\u00e1 p\u0159edev\u0161\u00edm \u00fazem\u00edm, kde se geologie, historie a lidsk\u00e1 podnikavost setk\u00e1vaj\u00ed a formuj\u00ed osobitou evropskou identitu.<\/p>","protected":false},"excerpt":{"rendered":"<p>Ma\u010farsko, vnitrozemsk\u00fd st\u00e1t ve st\u0159edn\u00ed Evrop\u011b, s hlubok\u00fdm historick\u00fdm a kulturn\u00edm d\u011bdictv\u00edm. Ma\u010farsko, kter\u00e9 se nach\u00e1z\u00ed v centru Karpatsk\u00e9 kotliny, m\u00e1 rozlohu 93 030 kilometr\u016f \u010dtvere\u010dn\u00edch a m\u00e1 hranice s mnoha sousedn\u00edmi st\u00e1ty. Na severu le\u017e\u00ed Slovensko, na severov\u00fdchod\u011b Ukrajina. Rumunsko hrani\u010d\u00ed na v\u00fdchod\u011b a jihov\u00fdchod\u011b s Ma\u010farskem a na jihu se Srbskem. Jihoz\u00e1padn\u00ed hranice le\u017e\u00ed vedle Chorvatska a Slovinska, zat\u00edmco Rakousko se nach\u00e1z\u00ed na z\u00e1pad\u011b.<\/p>","protected":false},"author":1,"featured_media":3550,"parent":24078,"menu_order":0,"comment_status":"closed","ping_status":"closed","template":"elementor_theme","meta":{"_eb_attr":"","footnotes":""},"class_list":["post-11404","page","type-page","status-publish","has-post-thumbnail"],"_links":{"self":[{"href":"https:\/\/travelshelper.com\/cs\/wp-json\/wp\/v2\/pages\/11404","targetHints":{"allow":["GET"]}}],"collection":[{"href":"https:\/\/travelshelper.com\/cs\/wp-json\/wp\/v2\/pages"}],"about":[{"href":"https:\/\/travelshelper.com\/cs\/wp-json\/wp\/v2\/types\/page"}],"author":[{"embeddable":true,"href":"https:\/\/travelshelper.com\/cs\/wp-json\/wp\/v2\/users\/1"}],"replies":[{"embeddable":true,"href":"https:\/\/travelshelper.com\/cs\/wp-json\/wp\/v2\/comments?post=11404"}],"version-history":[{"count":0,"href":"https:\/\/travelshelper.com\/cs\/wp-json\/wp\/v2\/pages\/11404\/revisions"}],"up":[{"embeddable":true,"href":"https:\/\/travelshelper.com\/cs\/wp-json\/wp\/v2\/pages\/24078"}],"wp:featuredmedia":[{"embeddable":true,"href":"https:\/\/travelshelper.com\/cs\/wp-json\/wp\/v2\/media\/3550"}],"wp:attachment":[{"href":"https:\/\/travelshelper.com\/cs\/wp-json\/wp\/v2\/media?parent=11404"}],"curies":[{"name":"wp","href":"https:\/\/api.w.org\/{rel}","templated":true}]}}