{"id":10220,"date":"2024-09-09T21:31:18","date_gmt":"2024-09-09T21:31:18","guid":{"rendered":"https:\/\/travelshelper.com\/staging\/?page_id=10220"},"modified":"2026-03-13T21:26:57","modified_gmt":"2026-03-13T21:26:57","slug":"alice-springs","status":"publish","type":"page","link":"https:\/\/travelshelper.com\/cs\/destinations\/australia-and-oceania\/australia\/alice-springs\/","title":{"rendered":"Alice Springs"},"content":{"rendered":"<p>Alice Springs je mal\u00e9 m\u011bsto v doslovn\u00e9m srdci Austr\u00e1lie. Jeho populace je pouze kolem 34 000 (30 628 v roce 2021, 33 990 v roce 2024). Asi p\u011btina obyvatel se identifikuje jako domorod\u00ed obyvatel\u00e9 nebo obyvatel\u00e9 ostrov\u016f Torresova pr\u016flivu. Ekonomika m\u011bsta odr\u00e1\u017e\u00ed jeho roli region\u00e1ln\u00edho centra: vl\u00e1da Severn\u00edho teritoria je nejv\u011bt\u0161\u00edm zam\u011bstnavatelem (zhruba 8 % pracovn\u00edch m\u00edst) a vzd\u011bl\u00e1v\u00e1n\u00ed a zdravotnictv\u00ed zam\u011bstn\u00e1vaj\u00ed p\u0159ibli\u017en\u011b 7 % pracovn\u00ed s\u00edly. V\u00fdznamn\u00fd je tak\u00e9 cestovn\u00ed ruch (p\u0159ibli\u017en\u011b 4 % pracovn\u00edch m\u00edst), proto\u017ee Alice Springs poskytuje hlavn\u00ed slu\u017eby n\u00e1v\u0161t\u011bvn\u00edk\u016fm \u010cerven\u00e9ho centra. Celkov\u011b se jedn\u00e1 o ekonomiku orientovanou na slu\u017eby: dominuje maloobchod, pohostinstv\u00ed a ve\u0159ejn\u00e1 spr\u00e1va. Navzdory sv\u00e9 odlehl\u00e9 poloze m\u00e1 Alice modern\u00ed vybaven\u00ed: le\u017e\u00ed v nadmo\u0159sk\u00e9 v\u00fd\u0161ce asi 545 m, tak\u017ee i kdy\u017e jsou l\u00e9ta extr\u00e9mn\u011b hork\u00e1 (a\u017e 45 \u00b0C), noci se mohou znateln\u011b ochladit a v zim\u011b nejsou mrazy nezn\u00e1m\u00e9. Po\u010det obyvatel se p\u0159i ud\u00e1lostech m\u00edrn\u011b zv\u011bt\u0161\u00ed, ale Alice z\u016fst\u00e1v\u00e1 kdykoli klidn\u00fdm m\u011bstem v odlehl\u00e9m vnitrozem\u00ed.<\/p>\n<p>Alice Springs se nach\u00e1z\u00ed t\u00e9m\u011b\u0159 v geografick\u00e9m st\u0159edu Austr\u00e1lie. Le\u017e\u00ed v Severn\u00edm teritoriu, pod\u00e9l obvykle such\u00e9 \u0159eky Todd, p\u0159\u00edtoku Finke (naz\u00fdvan\u00e9 tak\u00e9 Lhere Mparnte). M\u011bsto je zhruba stejn\u011b vzd\u00e1len\u00e9 od Darwinu a Adelaide, od ka\u017ed\u00e9ho z nich asi 1500 km. Le\u017e\u00ed v nadmo\u0159sk\u00e9 v\u00fd\u0161ce asi 578 m, na rovin\u011b lemovan\u00e9 starobyl\u00fdmi kopci. Na z\u00e1pad\u011b a v\u00fdchod\u011b se ty\u010d\u00ed poho\u0159\u00ed MacDonnell Ranges, \u0159ada \u010derveno-okrov\u00fdch kopc\u016f, kter\u00e9 r\u00e1muj\u00ed krajinu. Jedn\u00edm ze slavn\u00fdch vyhl\u00eddek m\u011bsta je kopec Anzac, ty\u010d\u00edc\u00ed se nad st\u0159edem. Podneb\u00ed je pou\u0161tn\u00ed: zimy jsou m\u00edrn\u00e9 a\u017e chladn\u00e9 (no\u010dn\u00ed minima se mohou bl\u00ed\u017eit bodu mrazu), zat\u00edmco l\u00e9ta jsou velmi hork\u00e1 (b\u011b\u017en\u00e9 jsou denn\u00ed teploty nad 40 \u00b0C). Sr\u00e1\u017eek je m\u00e1lo (maxim\u00e1ln\u011b n\u011bkolik set milimetr\u016f ro\u010dn\u011b), v\u011bt\u0161inou padaj\u00ed p\u0159i letn\u00edch bou\u0159k\u00e1ch. Okoln\u00ed ter\u00e9n \u2013 klasick\u00e1 st\u0159edoaustralsk\u00e1 \u010derven\u00e1 pou\u0161\u0165 \u2013 je poset\u00fd tr\u00e1vou \u0161t\u00edpanou, blahovi\u010dn\u00edkem, okrov\u011b zbarven\u00fdmi \u00fatesy a prchav\u00fdmi napajedly. Obloha je velk\u00e1 a jasn\u00e1: Alice Springs m\u00e1 v pr\u016fm\u011bru p\u0159es 300 slune\u010dn\u00fdch dn\u016f v roce, co\u017e d\u011bl\u00e1 i no\u010dn\u00ed oblohu velkolepou.<\/p>\n<p>Dlouho p\u0159ed os\u00eddlen\u00edm Evropany byla oblast kolem Alice Springs (v m\u00edstn\u00edm jazyce Arrernte zn\u00e1m\u00e1 jako Mparntwe) po des\u00edtky tis\u00edc let domovem domorod\u00fdch obyvatel. Na konci 19. stolet\u00ed, pot\u00e9, co pr\u016fzkumn\u00edci zmapovali vnitrozem\u00ed, byla postavena pozemn\u00ed telegrafn\u00ed linka (dokon\u010dena v roce 1872). Alice Springs se rozrostla kolem jedn\u00e9 z opakovac\u00edch stanic na t\u00e9to trati, kter\u00e1 p\u0159en\u00e1\u0161ela zpr\u00e1vy mezi Adelaide a Darwinem. Stanice se nach\u00e1zela pobl\u00ed\u017e st\u00e1l\u00e9ho pramene (odtud n\u00e1zev \u201eAlice Springs\u201c, kter\u00fd Charles Todd pojmenoval po sv\u00e9 man\u017eelce). M\u00edstn\u00ed osada se p\u016fvodn\u011b jmenovala \u201eStuart\u201c po pr\u016fzkumn\u00edkovi Johnu McDouallu Stuartovi, ale ofici\u00e1ln\u011b byla v roce 1933 p\u0159ejmenov\u00e1na na Alice Springs. \u017deleznice dorazila do Alice v roce 1929, spojila ji \u017eeleznic\u00ed s Adelaide a p\u0159inesla nov\u00fd r\u016fst. B\u011bhem druh\u00e9 sv\u011btov\u00e9 v\u00e1lky byla Alice Springs v\u00fdznamnou zast\u00e1vkou (jej\u00ed \u017eelezni\u010dn\u00ed uzel a t\u00e1bory slou\u017eily jednotk\u00e1m p\u0159esouvaj\u00edc\u00edm se na sever). Po v\u00e1lce se vr\u00e1tila k klidn\u00e9mu tempu, postupn\u011b rozv\u00edjela infrastrukturu a zav\u00e1d\u011bla turistick\u00e9 slu\u017eby. Mezi kl\u00ed\u010dov\u00e1 data pat\u0159\u00ed telegrafn\u00ed stanice v roce 1872, z\u00edsk\u00e1n\u00ed statusu st\u00e1tu Severn\u00ed teritorium v \u200b\u200broce 1911 a otev\u0159en\u00ed silnice (Stuart Highway) a \u017eelezni\u010dn\u00edho spojen\u00ed, kter\u00e9 dokon\u010dilo jeho spojen\u00ed. Dnes je p\u016fvod Alice viditeln\u00fd v jej\u00edch historick\u00fdch budov\u00e1ch a jej\u00ed historie je p\u0159ipom\u00edn\u00e1na v historick\u00e9 rezervaci Old Telegraph Station.<\/p>\n<p>Alice Springs je jako du\u0161e australsk\u00e9 pustatiny. Prol\u00edn\u00e1 se zde kultura domorod\u00fdch obyvatel s evropsk\u00fdmi. Anglicky mluv\u00ed t\u00e9m\u011b\u0159 ka\u017ed\u00fd, ale asi 21 % obyvatel m\u011bste\u010dka Alice Springs se identifikuje jako domorod\u00ed obyvatel\u00e9 nebo obyvatel\u00e9 ostrov\u016f Torresova pr\u016flivu, zejm\u00e9na Arrernte. V\u00fdznamn\u00e9 je domorod\u00e9 um\u011bn\u00ed a hudba: m\u00edstn\u00ed galerie \u010dasto vystavuj\u00ed z\u00e1\u0159iv\u011b zdoben\u00e9 malby a vy\u0159ez\u00e1van\u00e9 artefakty. Tempo \u017eivota je uvoln\u011bn\u00e9; lid\u00e9 se zdrav\u00ed pok\u00fdvnut\u00edm hlavy nebo pod\u00e1n\u00edm ruky a kou\u0159en\u00ed cigarety u silnice nebo pop\u00edjen\u00ed \u010daje v kav\u00e1rn\u011b se m\u016f\u017ee snadno prom\u011bnit v del\u0161\u00ed rozhovor. Such\u00e9 pou\u0161tn\u00ed klima podporuje pobyt v p\u0159\u00edrod\u011b \u2013 ve\u010dery se rodiny mohou setkat u t\u00e1bor\u00e1ku pod hv\u011bzdami. M\u011bsto host\u00ed jedny z nejtypi\u010dt\u011bj\u0161\u00edch festival\u016f v Austr\u00e1lii. Ka\u017ed\u00fd \u010dervenec se kon\u00e1 Camel Cup, kde velbloudi z\u00e1vod\u00ed na z\u00e1vodi\u0161ti. V srpnu se v koryt\u011b \u0159eky Todd Mall kon\u00e1 ka\u017edoro\u010dn\u00ed regata Henley-on-Todd, kde se \u201elod\u011b\u201c na kolech proj\u00ed\u017ed\u011bj\u00ed vyschl\u00fdm korytem \u0159eky. Jin\u00e9 akce (jako je festival sv\u011btel Parrtjima a festival \u010depi\u010dek) oslavuj\u00ed jak domorod\u00e9 um\u011bn\u00ed, tak i k\u00fd\u010d z pohrani\u010d\u00ed. Tyto festivaly, a\u010dkoli hrav\u00e9, odr\u00e1\u017eej\u00ed m\u00edstn\u00edho ducha: zam\u011b\u0159en\u00e9ho na komunitu, kreativn\u00edho a odoln\u00e9ho. V ka\u017edodenn\u00edm \u017eivot\u011b mohou m\u00edstn\u00ed obyvatel\u00e9 pracovat na stavb\u011b v reflexn\u00edch vest\u00e1ch nebo se starat o dobytek. Obsluha se \u010dasto ze zdvo\u0159ilosti nau\u010d\u00ed p\u00e1r slov z arrernte. Alice m\u00e1 malom\u011bstskou pohostinnost \u2013 v\u0161ichni nakonec znaj\u00ed navz\u00e1jem jm\u00e9na \u2013 v kombinaci se zdravou d\u00e1vkou individualismu a nez\u00e1vislosti. N\u011bkdy lze sly\u0161et jedine\u010dn\u00fd m\u00edstn\u00ed slang (\u201earvo\u201c pro odpoledne, \u201eno dramas\u201c pro \u017e\u00e1dn\u00fd probl\u00e9m) a dobromysln\u00e9 \u0161k\u00e1dlen\u00ed (kamar\u00e1dstv\u00ed), kter\u00e9 charakterizuje australskou neform\u00e1ln\u00ed kulturu.<\/p>\n<p>Alice Springs nab\u00edz\u00ed sm\u011bsici kulturn\u00edch atrakc\u00ed a divok\u00e9 scen\u00e9rie. Ve m\u011bst\u011b byste si nem\u011bli nechat uj\u00edt Alice Springs Desert Park. Tento oce\u0148ovan\u00fd park se rozkl\u00e1d\u00e1 na 1300 hektarech pou\u0161tn\u00edho prost\u0159ed\u00ed a p\u0159edstavuje p\u016fvodn\u00ed rostliny, no\u010dn\u00ed zv\u00ed\u0159ata a kulturu domorod\u00fdch obyvatel. N\u00e1v\u0161t\u011bvn\u00edci se mohou proch\u00e1zet zrekonstruovan\u00fdm pou\u0161tn\u00edm prost\u0159ed\u00edm, zbl\u00edzka vid\u011bt klokany a emu a z\u00fa\u010dastnit se denn\u00ed show voln\u011b l\u00e9taj\u00edc\u00edch drav\u00fdch pt\u00e1k\u016f. Nedaleko se nach\u00e1z\u00ed historick\u00e1 star\u00e1 telegrafn\u00ed stanice Alice Springs, p\u016fvodn\u00ed opakovac\u00ed stanice z roku 1872, kter\u00e1 vypr\u00e1v\u00ed p\u0159\u00edb\u011bh ran\u00e9ho \u017eivota v outbacku. Pokud hled\u00e1te v\u00fdhled, z kopce Anzac Hill (p\u0159\u00edstupn\u00e9ho po silnici) se naskytne panoramatick\u00fd v\u00fdhled na m\u011bsto a okoln\u00ed poho\u0159\u00ed p\u0159i z\u00e1padu slunce.<\/p>\n<p>Za m\u011bstem l\u00e1k\u00e1 p\u0159\u00edroda. Z\u00e1padn\u011b od Alice Springs le\u017e\u00ed poho\u0159\u00ed West MacDonnell Ranges, s\u00e9rie drsn\u00fdch kopc\u016f a \u00fazk\u00fdch sout\u011bsek, kter\u00e9 p\u0159i v\u00fdchodu slunce rud\u011b z\u00e1\u0159\u00ed. N\u00e1v\u0161t\u011bva Simpsons Gap nebo Standley Chasm nab\u00edz\u00ed z\u00e1\u017eitek z proch\u00e1zky mezi ty\u010d\u00edc\u00edmi se skaln\u00edmi st\u011bnami, kter\u00e9 ukr\u00fdvaj\u00ed st\u00e1l\u00e9 napajedla. D\u00e1le na z\u00e1pad se nach\u00e1zej\u00ed sout\u011bsky Ormiston Gorge a Glen Helen Gorge, kter\u00e9 nab\u00edzej\u00ed chladn\u00e9 jez\u00edrka v such\u00e9 krajin\u011b. Na v\u00fdchod\u011b se nach\u00e1zej\u00ed Emily a Jessie Gaps, kter\u00e9 se ty\u010d\u00ed mezi \u00fatesy s domorod\u00fdmi skaln\u00edmi malbami. U\u017e jen samotn\u00e1 odlehlost je l\u00e1kadlem: pouh\u00e1 j\u00edzda po Stuart Highway na sever nebo na jih z Alice je setk\u00e1n\u00edm s nekone\u010dn\u00fdmi horizonty a (pokud se to na\u010dasuje spr\u00e1vn\u011b) s v\u00fdhledy na klokany za \u00fasvitu. Z Alice Springs tak\u00e9 za\u010d\u00ednaj\u00ed v\u00fdlety mimo m\u011bsto k ikonick\u00fdm m\u00edst\u016fm, jako je Uluru-Kata Tjuta a Kings Canyon, co\u017e z n\u011bj \u010din\u00ed obvyklou z\u00e1kladnu pro objevov\u00e1n\u00ed div\u016f Rud\u00e9ho centra. V noci rozlehl\u00e1 obloha vnitrozem\u00ed, bez sv\u011bteln\u00e9ho zne\u010di\u0161t\u011bn\u00ed, odhaluje Ml\u00e9\u010dnou dr\u00e1hu v \u00fa\u017easn\u00e9 jasnosti \u2013 p\u0159ipom\u00ednku starobyl\u00fdch kultur, kter\u00e9 tato souhv\u011bzd\u00ed poprv\u00e9 interpretovaly.<\/p>\n<p>Do Alice Springs se nejl\u00e9pe dostanete letecky nebo po silnici. Leti\u0161t\u011b Alice Springs (ASP) m\u00e1 pravideln\u00e9 lety do a z Darwinu, Adelaide a n\u011bkdy i do Sydney nebo Melbourne. Po silnici vede d\u00e1lnice Stuart Highway na sever do Darwinu a na jih do Adelaide; tyto cesty trvaj\u00ed mnoho hodin (nebo dn\u016f) j\u00edzdy. Jakmile se dostanete do m\u011bsta, je v\u0161e pom\u011brn\u011b kompaktn\u00ed: v\u011bt\u0161ina n\u00e1v\u0161t\u011bvn\u00edk\u016f pou\u017e\u00edv\u00e1 pronajat\u00e1 auta nebo turistick\u00e9 autobusy. Existuje mal\u00e1 s\u00ed\u0165 m\u00edstn\u00edch autobus\u016f, ale doporu\u010duje se auto. Slavn\u00ed velbloudi ve m\u011bst\u011b se st\u00e1le pou\u017e\u00edvaj\u00ed v\u011bt\u0161inou k turistick\u00fdm proj\u00ed\u017e\u010fk\u00e1m, nikoli k doprav\u011b.<\/p>\n<p>M\u00edstn\u00ed zvyky jsou p\u0159\u00edmo\u010dar\u00e9. M\u011bnou je australsk\u00fd dolar a angli\u010dtina se pou\u017e\u00edv\u00e1 v\u0161eobecn\u011b. Plat\u00ed standardn\u00ed australsk\u00e1 etiketa: lid\u00e9 jsou obecn\u011b neform\u00e1ln\u00ed, ale zdvo\u0159il\u00ed \u2013 pou\u017e\u00edvaj\u00ed k\u0159estn\u00ed jm\u00e9na (nebo \u201epane\/pan\u00ed\u201c v obchod\u011b) a p\u0159\u00e1telsky \u017eertuj\u00ed. Bezpe\u010dnost je dobr\u00e1, ale nezapome\u0148te, \u017ee je to pou\u0161\u0165: v\u017edy s sebou noste vodu, vyh\u00fdbejte se t\u00far\u00e1m o samot\u011b b\u011bhem poledn\u00edho horka a jezd\u011bte opatrn\u011b (za soumraku se na silnic\u00edch v odlehl\u00fdch oblastech m\u016f\u017ee objevit divok\u00e1 zv\u011b\u0159). Ochrana p\u0159ed sluncem (klobouk, opalovac\u00ed kr\u00e9m) a dostatek pitn\u00e9 vody jsou nezbytn\u00e9, proto\u017ee UV index je vysok\u00fd po cel\u00fd rok. D\u016fle\u017eit\u00e1 je \u00facta k domorod\u00e9 kultu\u0159e (mnoho tradi\u010dn\u00edch majitel\u016f st\u00e1le \u017eije v Alice Springs a okol\u00ed); pokud nav\u0161t\u011bvujete domorod\u00e1 m\u00edsta, \u0159i\u010fte se m\u00edstn\u00edmi pokyny. Celkov\u011b vzato, s \u0159\u00e1dnou p\u0159\u00edpravou a smyslem pro dobrodru\u017estv\u00ed, n\u00e1v\u0161t\u011bvn\u00edci shledaj\u00ed Alice Springs nezapomenutelnou vstupn\u00ed branou do dramatick\u00e9ho vnitrozem\u00ed Austr\u00e1lie.<\/p>","protected":false},"excerpt":{"rendered":"<p>Alice Springs, n\u011bkdy zn\u00e1m\u00e9 jako Mparntwe v jazyce v\u00fdchodn\u00edch Arrernt\u016f, se nach\u00e1z\u00ed v Severn\u00edm teritoriu Austr\u00e1lie a je fascinuj\u00edc\u00ed m\u011bsto pln\u00e9 kulturn\u00ed hodnoty. Po Darwinu a Palmerstonu tvo\u0159\u00ed toto strategicky um\u00edst\u011bn\u00e9 m\u011bsto, kter\u00e9 se nach\u00e1z\u00ed t\u00e9m\u011b\u0159 ve stejn\u00e9 vzd\u00e1lenosti od Adelaide a Darwinu, t\u0159et\u00ed nejv\u011bt\u0161\u00ed osadu v oblasti. Zem\u011bm\u011b\u0159i\u010d William Whitfield Mills zasv\u011btil toto neobvykl\u00e9 m\u011bsto Alici, lady Toddov\u00e9, man\u017eelce pr\u016fkopn\u00edka telegrafie sira Charlese Todda.<\/p>","protected":false},"author":1,"featured_media":3256,"parent":9806,"menu_order":0,"comment_status":"closed","ping_status":"closed","template":"elementor_theme","meta":{"_eb_attr":"","footnotes":""},"class_list":["post-10220","page","type-page","status-publish","has-post-thumbnail"],"_links":{"self":[{"href":"https:\/\/travelshelper.com\/cs\/wp-json\/wp\/v2\/pages\/10220","targetHints":{"allow":["GET"]}}],"collection":[{"href":"https:\/\/travelshelper.com\/cs\/wp-json\/wp\/v2\/pages"}],"about":[{"href":"https:\/\/travelshelper.com\/cs\/wp-json\/wp\/v2\/types\/page"}],"author":[{"embeddable":true,"href":"https:\/\/travelshelper.com\/cs\/wp-json\/wp\/v2\/users\/1"}],"replies":[{"embeddable":true,"href":"https:\/\/travelshelper.com\/cs\/wp-json\/wp\/v2\/comments?post=10220"}],"version-history":[{"count":0,"href":"https:\/\/travelshelper.com\/cs\/wp-json\/wp\/v2\/pages\/10220\/revisions"}],"up":[{"embeddable":true,"href":"https:\/\/travelshelper.com\/cs\/wp-json\/wp\/v2\/pages\/9806"}],"wp:featuredmedia":[{"embeddable":true,"href":"https:\/\/travelshelper.com\/cs\/wp-json\/wp\/v2\/media\/3256"}],"wp:attachment":[{"href":"https:\/\/travelshelper.com\/cs\/wp-json\/wp\/v2\/media?parent=10220"}],"curies":[{"name":"wp","href":"https:\/\/api.w.org\/{rel}","templated":true}]}}