{"id":10201,"date":"2024-09-09T21:09:05","date_gmt":"2024-09-09T21:09:05","guid":{"rendered":"https:\/\/travelshelper.com\/staging\/?page_id=10201"},"modified":"2026-03-13T21:26:12","modified_gmt":"2026-03-13T21:26:12","slug":"brisbane","status":"publish","type":"page","link":"https:\/\/travelshelper.com\/cs\/destinations\/australia-and-oceania\/australia\/brisbane\/","title":{"rendered":"Brisbane"},"content":{"rendered":"<p>M\u011bsto Brisbane za soumraku prol\u00edn\u00e1 modern\u00ed siluetu s m\u00edrn\u00fdm obloukem \u0159eky Brisbane. Brisbane, t\u0159et\u00ed nejv\u011bt\u0161\u00ed m\u011bsto Austr\u00e1lie, je slune\u010dn\u00e9 i dynamick\u00e9 z\u00e1rove\u0148. Metropolitn\u00ed populace \u010d\u00edt\u00e1 p\u0159ibli\u017en\u011b 2,6 milionu obyvatel (odhad z roku 2025) a rozkl\u00e1d\u00e1 se po \u0161ir\u0161\u00edm jihov\u00fdchodn\u00edm Queenslandu. Brisbane slou\u017e\u00ed jako hlavn\u00ed m\u011bsto st\u00e1tu Queensland \u2013 tento titul si dr\u017e\u00ed od odd\u011blen\u00ed Queenslandu od Nov\u00e9ho Ji\u017en\u00edho Walesu v roce 1859. M\u011bsto se z trestaneck\u00e9 osady v roce 1824 rozrostlo v dne\u0161n\u00ed centrum obchodu, cestovn\u00edho ruchu a kultury. Jeho ekonomika je rozmanit\u00e1: hlavn\u00edmi odv\u011btv\u00edmi jsou zdravotnictv\u00ed, profesion\u00e1ln\u00ed a finan\u010dn\u00ed slu\u017eby, vzd\u011bl\u00e1v\u00e1n\u00ed, cestovn\u00ed ruch a maloobchod. V letech 2017\u201318 \u010dinil HDP Brisbane p\u0159ibli\u017en\u011b 170,5 miliardy USD, co\u017e p\u0159edstavuje zhruba polovinu ekonomiky Queenslandu. Jeho m\u011bstsk\u00e1 oblast pokr\u00fdv\u00e1 p\u0159ibli\u017en\u011b 15 800 km\u00b2, co\u017e z n\u011bj \u010din\u00ed geograficky rozs\u00e1hl\u00e9 m\u011bsto. Podle glob\u00e1ln\u00edch m\u011b\u0159\u00edtek je Brisbane \u010dasto pova\u017eov\u00e1no za st\u0159edn\u011b velk\u00e9 m\u011bsto s dob\u0159e rozvinutou infrastrukturou, subtropick\u00fdm podneb\u00edm (vlhk\u00e1 l\u00e9ta, m\u00edrn\u00e9 zimy) a pulzuj\u00edc\u00edm venkovn\u00edm \u017eivotn\u00edm stylem. M\u011bsto je klasifikov\u00e1no jako \u201eglob\u00e1ln\u00ed m\u011bsto\u201c a pat\u0159\u00ed k hlavn\u00edm obchodn\u00edm centr\u016fm Austr\u00e1lie. Stru\u010dn\u011b \u0159e\u010deno, Brisbane je slunn\u00e1 metropole na b\u0159ehu \u0159eky \u2013 klidn\u011bj\u0161\u00ed ne\u017e Sydney nebo Melbourne, ale z\u00e1rove\u0148 dostate\u010dn\u011b ru\u0161n\u00e1, aby nab\u00eddla hojnost um\u011bn\u00ed, no\u010dn\u00edho \u017eivota a sportovn\u00edch akc\u00ed.<\/p>\n<p>Po\u010det obyvatel Brisbane dnes p\u0159esahuje 2,5 milionu. (Toto \u010d\u00edslo se vztahuje na \u0161ir\u0161\u00ed metropolitn\u00ed oblast; samotn\u00e1 m\u011bstsk\u00e1 populace m\u00e1 p\u0159ibli\u017en\u011b 2,4 milionu.) D\u00edky tomu je Brisbane t\u0159et\u00edm nejv\u011bt\u0161\u00edm m\u011bstem v Austr\u00e1lii po Sydney a Melbourne. \u0160ir\u0161\u00ed region jihov\u00fdchodn\u00edho Queenslandu (kter\u00fd zahrnuje p\u0159edm\u011bst\u00ed Gold Coast a Sunshine Coast) m\u00e1 v\u00edce ne\u017e 3 miliony obyvatel. Ekonomika m\u011bsta je siln\u00e1: jak ji\u017e bylo uvedeno, HDP Brisbane je vysok\u00fd a odv\u011btv\u00ed zdravotnictv\u00ed, vzd\u011bl\u00e1v\u00e1n\u00ed, cestovn\u00edho ruchu a slu\u017eeb vedou k r\u016fstu. Je sou\u010d\u00e1st\u00ed asijsko-pacifick\u00e9ho obchodu a s\u00eddl\u00ed zde v\u00fdznamn\u00e9 spole\u010dnosti (Suncorp, Virgin Australia atd.). Demograficky maj\u00ed obyvatel\u00e9 Brisbane pr\u016fm\u011brn\u00fd v\u011bk kolem 35 let a m\u011bsto je pon\u011bkud etnicky sm\u00ed\u0161en\u00e9 \u2013 asi t\u0159etina lid\u00ed se narodila v zahrani\u010d\u00ed (co\u017e nen\u00ed neobvykl\u00e9 pro velk\u00e1 australsk\u00e1 m\u011bsta). Ve\u0161ker\u00e1 m\u011bna je v AUD a jazykem je angli\u010dtina (s v\u00fdrazn\u00fdm queenslandsk\u00fdm p\u0159\u00edzvukem). Doprava je po lev\u00e9 stran\u011b silnice, stejn\u011b jako v cel\u00e9 Austr\u00e1lii. V ka\u017edodenn\u00edm \u017eivot\u011b si obyvatel\u00e9 Brisbane u\u017e\u00edvaj\u00ed uvoln\u011bn\u00fd m\u011bstsk\u00fd \u017eivotn\u00ed styl s outdoorov\u00fdmi aktivitami: pikniky v parc\u00edch u \u0159eky, odpoledne v kulturn\u00ed \u010dtvrti South Bank nebo ned\u011bln\u00ed j\u00edzdy na nedalek\u00e9 pl\u00e1\u017ee jsou b\u011b\u017en\u00fdmi volno\u010dasov\u00fdmi aktivitami.<\/p>\n<p>Brisbane le\u017e\u00ed na v\u00fdchodn\u00edm pob\u0159e\u017e\u00ed Austr\u00e1lie, zhruba na 23\u00b0 ji\u017en\u00ed \u0161\u00ed\u0159ky. Le\u017e\u00ed na \u0161irok\u00e9 \u0159ece Brisbane, asi 30 km od \u00fast\u00ed \u0159eky do Kor\u00e1lov\u00e9ho mo\u0159e v z\u00e1livu Moreton. Zastav\u011bn\u00e1 oblast m\u011bsta se ty\u010d\u00ed po obou stran\u00e1ch \u0159eky uprost\u0159ed n\u00edzk\u00fdch zvln\u011bn\u00fdch kopc\u016f. Region je subtropick\u00fd: l\u00e9ta jsou tepl\u00e1 a vlhk\u00e1 (\u010dasto s odpoledn\u00edmi bou\u0159kami a ob\u010dasn\u00fdmi tropick\u00fdmi cykl\u00f3ny u pob\u0159e\u017e\u00ed), zat\u00edmco zimy jsou obecn\u011b slune\u010dn\u00e9 a m\u00edrn\u00e9 (z\u0159\u00eddka mraziv\u00e9). Pr\u016fm\u011brn\u00e9 letn\u00ed maxima dosahuj\u00ed p\u0159ibli\u017en\u011b 30\u201332 \u00b0C a zimn\u00ed minima p\u0159ibli\u017en\u011b 10\u201312 \u00b0C. Brisbane se t\u011b\u0161\u00ed v\u00edce ne\u017e 320 slune\u010dn\u00fdm dn\u016fm v roce. V jeho okol\u00ed se nach\u00e1zej\u00ed pl\u00e1\u017ee Sunshine Coast a Gold Coast v dojezdov\u00e9 vzd\u00e1lenosti a na severu se nach\u00e1z\u00ed poho\u0159\u00ed Glass House Mountains. Na z\u00e1pad\u011b se t\u00e1hne zem\u011bd\u011blsk\u00e1 p\u016fda a podh\u016f\u0159\u00ed Velk\u00e9ho p\u0159ed\u011blov\u00e9ho poho\u0159\u00ed. Samotn\u00e9 m\u011bsto le\u017e\u00ed v n\u00edzk\u00e9 nadmo\u0159sk\u00e9 v\u00fd\u0161ce (centr\u00e1ln\u00ed centrum m\u011bsta je jen n\u011bkolik des\u00edtek metr\u016f nad mo\u0159em), tak\u017ee na z\u00e1padn\u00edm obzoru jsou v\u00fdrazn\u00e9 v\u00fdhledy na vzd\u00e1len\u00e1 poho\u0159\u00ed. Z meteorologick\u00e9ho hlediska m\u00e1 Brisbane vlhk\u00e9 subtropick\u00e9 klima (K\u00f6ppenova klasifikace klimatu) s v\u00fdrazn\u00fdmi obdob\u00edmi de\u0161\u0165\u016f a sucha, ale siln\u00e9 mrazy jsou prakticky nev\u00eddan\u00e9. M\u011bsto pr\u016fm\u011brn\u011b p\u0159ijme asi 1 000 mm sr\u00e1\u017eek ro\u010dn\u011b, v\u011bt\u0161inou z letn\u00edch bou\u0159\u00ed. Mohou se vyskytnout z\u00e1plavy (jako p\u0159i nechvaln\u011b zn\u00e1m\u00fdch povodn\u00edch v Queenslandu v roce 2011), ale \u0159eka je obvykle klidn\u00e1 a obl\u00edben\u00e9 jsou plavby trajektem. Stru\u010dn\u011b \u0159e\u010deno, poloha Brisbane mu poskytuje tepl\u00e9 po\u010das\u00ed po cel\u00fd rok, scen\u00e9rii na b\u0159ehu \u0159eky a snadn\u00fd p\u0159\u00edstup k pob\u0159e\u017en\u00ed i vnitrozemsk\u00e9 p\u0159\u00edrod\u011b.<\/p>\n<p>Zaznamenan\u00e1 historie Brisbane je relativn\u011b ned\u00e1vn\u00e1. Oblast byla p\u016fvodn\u011b ob\u00fdv\u00e1na domorod\u00fdmi klany (Jagera a Turrbal), jejich\u017e odkaz \u017eije v n\u011bkter\u00fdch m\u00edstn\u00edch n\u00e1zvech. Prvn\u00edm Evropanem, kter\u00fd se plavil po \u0159ece, byl John Oxley v roce 1823 a v roce 1824 byla na b\u0159ehu \u0159eky Brisbane zalo\u017eena trestansk\u00e1 kolonie (pod velen\u00edm Oxleyho). Svobodn\u00ed osadn\u00edci za\u010dali p\u0159ich\u00e1zet po roce 1842, kdy byla trestansk\u00e1 kolonie uzav\u0159ena. V 50. letech 19. stolet\u00ed byl Brisbane prohl\u00e1\u0161en za obec a vybr\u00e1n jako hlavn\u00ed m\u011bsto nov\u00e9 kolonie Queensland (odd\u011blen\u00e9 od Nov\u00e9ho Ji\u017en\u00edho Walesu v roce 1859). M\u011bsto se rychle rozr\u016fstalo o zem\u011bd\u011blstv\u00ed a obchod \u2013 dobytek, cukr, d\u0159evo \u2013 a pozd\u011bji t\u011b\u017eilo z objev\u016f zlata v Queenslandu. Za druh\u00e9 sv\u011btov\u00e9 v\u00e1lky byl Brisbane v\u00fdznamn\u00fdm velitelstv\u00edm spojenc\u016f v tichomo\u0159sk\u00e9m ta\u017een\u00ed, co\u017e podn\u00edtilo pr\u016fmyslov\u00fd a popula\u010dn\u00ed r\u016fst. Pov\u00e1le\u010dn\u00e1 imigrace (zejm\u00e9na z ji\u017en\u00ed Evropy a Asie) p\u0159isp\u011bla ke kulturn\u00ed rozmanitosti. Brisbane hostilo velk\u00e9 akce, jako byly Hry Commonwealthu v roce 1982, kter\u00e9 urychlily modern\u00ed rozvoj m\u011bstsk\u00e9ho centra. Dnes zde pam\u00e1tkov\u011b chr\u00e1n\u011bn\u00e9 budovy (jako je star\u00e1 celnice, m\u011bstsk\u00e9 kostely) koexistuj\u00ed s mrakodrapy. Mezi hlavn\u00ed pam\u00e1tky pat\u0159\u00ed most Story Bridge (otev\u0159en\u00fd v roce 1940) a radnice (otev\u0159en\u00e1 v roce 1930). A\u010dkoli Brisbane je v popul\u00e1rn\u00edm pov\u011bdom\u00ed \u010dasto zast\u00edn\u011bno Sydney a Melbourne, z\u016fst\u00e1v\u00e1 d\u016fle\u017eit\u00fdm historick\u00fdm m\u011bstem s odkazem koloni\u00e1ln\u00edch ambic\u00ed i tropick\u00e9 modernity.<\/p>\n<p>Brisbane se t\u011b\u0161\u00ed pov\u011bsti slune\u010dn\u00e9ho optimismu a p\u0159\u00e1telsk\u00e9, neform\u00e1ln\u00ed atmosf\u00e9ry. Tempo m\u011bsta je obecn\u011b uvoln\u011bn\u011bj\u0161\u00ed ne\u017e v Sydney nebo Melbourne, ale st\u00e1le produktivn\u00ed. Parky a outdoorov\u00e9 aktivity jsou \u00fast\u0159edn\u00edm bodem: zahrady u \u0159eky a um\u011bl\u00e1 pl\u00e1\u017e na South Bank poskytuj\u00ed celoro\u010dn\u00ed festivalovou atmosf\u00e9ru (s trhy, kulturn\u00edmi akcemi a bezplatn\u00fdmi koncerty). \u0158eka Brisbane je \u00fast\u0159edn\u00edm bodem pro pikniky a b\u011b\u017ece. Rozv\u00edj\u00ed se um\u011bn\u00ed a gastronomick\u00e1 sc\u00e9na: m\u011bsto se py\u0161n\u00ed muzei, jako je Queensland Art Gallery a Gallery of Modern Art (GOMA), kde se m\u00edstn\u00ed obyvatel\u00e9 proch\u00e1zej\u00ed o v\u00edkendech. Ka\u017edoro\u010dn\u00ed akce zachycuj\u00ed m\u00edstn\u00edho ducha: nap\u0159\u00edklad Floriade v nedalek\u00e9 Canbe\u0159e (Floriade se tam kon\u00e1, ale Brisbane m\u00e1 svou vlastn\u00ed kv\u011btinovou a potravinovou v\u00fdstavu), ale v samotn\u00e9m Brisbane se mezi akcemi nach\u00e1z\u00ed Brisbane Festival a oh\u0148ostroj Riverfire. Ekka (v\u00fdstava) ka\u017ed\u00fd srpen p\u0159in\u00e1\u0161\u00ed venkovskou str\u00e1nku m\u011bsta a oslavuje zem\u011bd\u011blstv\u00ed oh\u0148ostrojem a v\u00fdstavn\u00edmi ta\u0161kami. Hudba a no\u010dn\u00ed \u017eivot se soust\u0159ed\u00ed v oblastech, jako je Fortitude Valley, kde najdete bary a podniky s \u017eivou hudbou, ale i okrajov\u00e1 p\u0159edm\u011bst\u00ed maj\u00ed atmosf\u00e9ru m\u00edstn\u00edch hospod. Sport je tak\u00e9 sou\u010d\u00e1st\u00ed kultury: obyvatel\u00e9 Brisbane v\u00e1\u0161niv\u011b podporuj\u00ed ragbyov\u00fd t\u00fdm Broncos a na m\u00edstn\u00edch stadionech po\u0159\u00e1daj\u00ed velk\u00e9 kriketov\u00e9 a AFL z\u00e1pasy.<\/p>\n<p>Demograficky je Brisbane pom\u011brn\u011b rozmanit\u00e9. Krom\u011b rodil\u00fdch Australan\u016f zde \u017eij\u00ed zna\u010dn\u00e9 komunity z Nov\u00e9ho Z\u00e9landu, Velk\u00e9 Brit\u00e1nie, Indie, \u010c\u00edny a dal\u0161\u00edch zem\u00ed. Domorod\u00ed Australan\u00e9 tvo\u0159\u00ed men\u0161\u00ed procento ne\u017e ve st\u0159edn\u00ed Austr\u00e1lii, ale existuje zde aktivn\u00ed domorod\u00e1 komunita a konaj\u00ed se kulturn\u00ed akce (nap\u0159\u00edklad oslavy t\u00fddne NAIDOC). Queenslandsk\u00fd p\u0159\u00edzvuk je \u010dasto popisov\u00e1n jako \u0161irok\u00fd a p\u0159\u00e1telsk\u00fd a m\u00edstn\u00ed slang je b\u011b\u017en\u00fd (do konverzace se vkr\u00e1daj\u00ed slova jako \u201ewicked\u201c nebo \u201eno worry\u201c). Celkov\u011b je m\u00edstn\u00ed charakter Brisbane charakteristick\u00fd otev\u0159enost\u00ed: nakupuj\u00edc\u00ed jsou na trz\u00edch oslovov\u00e1ni k\u0159estn\u00edm jm\u00e9nem, \u200b\u200bkolegov\u00e9 obvykle pou\u017e\u00edvaj\u00ed neform\u00e1ln\u00ed pozdravy k\u0159estn\u00edm jm\u00e9nem a p\u0159eskakov\u00e1n\u00ed front je spole\u010densky odsuzov\u00e1no. Bezpe\u010dnost je ve v\u011bt\u0161in\u011b oblast\u00ed dobr\u00e1, i kdy\u017e v noci v centru m\u011bsta jsou moudr\u00e1 standardn\u00ed m\u011bstsk\u00e1 opat\u0159en\u00ed. Queenslandsk\u00e9 klima podporuje \u017eivotn\u00ed styl venku a na vod\u011b (plavba lod\u00ed po \u0159ece, v\u00fdlety na ostrov Moreton u pob\u0159e\u017e\u00ed), co\u017e m\u011bstu dod\u00e1v\u00e1 aktivn\u00ed a zdrav\u011b uv\u011bdom\u011blou atmosf\u00e9ru.<\/p>\n<p>Brisbane nab\u00edz\u00ed \u0159adu m\u011bstsk\u00fdch i p\u0159\u00edrodn\u00edch atrakc\u00ed. Pod\u00e9l \u0159eky se rozkl\u00e1daj\u00ed parky na ji\u017en\u00edm b\u0159ehu \u0159eky, zelen\u00e1 oblast s restauracemi, um\u011bleck\u00fdmi galeriemi a dokonce i lagunou vhodnou ke koup\u00e1n\u00ed. Plavba trajektem CityCat je malebn\u00fdm zp\u016fsobem, jak prohl\u00e9dnout si m\u011bsto. Story Bridge, ikonick\u00fd konzolov\u00fd silni\u010dn\u00ed most (otev\u0159en\u00fd v roce 1940), lze p\u0159ej\u00edt p\u011b\u0161ky nebo na n\u011bj dokonce vyl\u00e9zt s pr\u016fvodcem. Radnice (1930) je kotvou na b\u0159ehu \u0159eky a jej\u00ed hodinov\u00e1 v\u011b\u017e nab\u00edz\u00ed po prohl\u00eddce panoramatick\u00fd v\u00fdhled. O slune\u010dn\u00fdch v\u00edkendech se stezky Riverwalk pln\u00ed cyklisty a b\u011b\u017eci. Severn\u011b od centra m\u011bsta se nach\u00e1z\u00ed Brisbane Powerhouse (star\u00e1 elektr\u00e1rna, kter\u00e1 se stala um\u011bleck\u00fdm m\u00edstem) a po\u0159\u00e1d\u00e1 p\u0159edstaven\u00ed, trhy a \u017eivou hudbu. Z kulturn\u00edho hlediska jsou siln\u00e1 muzea m\u011bsta: Queenslandsk\u00e9 muzeum a Queenslandsk\u00e1 um\u011bleck\u00e1 galerie\/GOMA nab\u00edzej\u00ed m\u00edstn\u00ed i mezin\u00e1rodn\u00ed v\u00fdstavy.<\/p>\n<p>Pro rodiny s d\u011btmi je proslul\u00e1 Lone Pine Koala Sanctuary (je to nejv\u011bt\u0161\u00ed takov\u00e1 rezervace na sv\u011bt\u011b) \u2013 m\u016f\u017eete si podr\u017eet koalu a nakrmit klokany. Kousek autem z Brisbane se dostanete k poho\u0159\u00ed Glass House Mountains, malebn\u00fdm sope\u010dn\u00fdm vrchol\u016fm. Nedalek\u00e9 Gold Coast a Sunshine Coast nab\u00edzej\u00ed slavn\u00e9 surfa\u0159sk\u00e9 pl\u00e1\u017ee (Surfers Paradise, Noosa), kter\u00e9 jsou vzd\u00e1len\u00e9 jen hodinu nebo dv\u011b j\u00edzdy autem. Pro dobrodru\u017en\u00e9 cestovatele je vnitrozem\u00ed z\u00e1padn\u011b od m\u011bsta \u2013 v\u010detn\u011b Mount Glorious a n\u00e1rodn\u00edho parku Lamington \u2013 s p\u011b\u0161\u00edmi t\u00farami v de\u0161tn\u00e9m pralese a vodop\u00e1dy v dosahu. V cel\u00e9m Velk\u00e9m Brisbane najdete listnat\u00e9 parky, m\u00edsta pro grilov\u00e1n\u00ed a golfov\u00e1 h\u0159i\u0161t\u011b, kter\u00e9 odr\u00e1\u017eej\u00ed \u017eivotn\u00ed styl zam\u011b\u0159en\u00fd na outdoor. Stru\u010dn\u011b \u0159e\u010deno, atrakce Brisbane sahaj\u00ed od modern\u00edho m\u011bstsk\u00e9ho vybaven\u00ed a akc\u00ed a\u017e po p\u0159\u00edstup k pl\u00e1\u017e\u00edm, \u00fates\u016fm a les\u016fm. Je to m\u011bsto, kter\u00e9 kombinuje energii velkom\u011bsta s poklidn\u00fdm tempem pob\u0159e\u017en\u00edho \u017eivota.<\/p>\n<p>Hlavn\u00ed leti\u0161t\u011b v Brisbane (Brisbane Airport, k\u00f3d BNE) je jedno z nejru\u0161n\u011bj\u0161\u00edch v Austr\u00e1lii. Nab\u00edz\u00ed p\u0159\u00edm\u00e9 mezin\u00e1rodn\u00ed lety (do Asie, Pacifiku, USA) a \u010dast\u00e9 vnitrost\u00e1tn\u00ed spojen\u00ed. D\u00e1lkov\u00e9 j\u00edzdy spojuj\u00ed Brisbane se Sydney (asi 9 hodin na jih po Pacific Highway) a s Cairnsem nebo Townsville na severu.<\/p>\n<p>\u0158idi\u010dsk\u00e9 dovednosti a taxi jsou velmi b\u011b\u017en\u00e9. Silnice jsou dob\u0159e udr\u017eovan\u00e9, ale v dopravn\u00ed \u0161pi\u010dce m\u016f\u017ee b\u00fdt provoz p\u0159et\u00ed\u017een\u00fd. S\u00ed\u0165ov\u00e9 uspo\u0159\u00e1d\u00e1n\u00ed Brisbane v centr\u00e1ln\u00ed obchodn\u00ed \u010dtvrti je dopln\u011bno tunely a d\u00e1lnicemi, kter\u00e9 usnad\u0148uj\u00ed plynulost dopravy. Ve\u0159ejn\u00e1 doprava zahrnuje autobusy, s\u00ed\u0165 p\u0159\u00edm\u011bstsk\u00fdch vlak\u016f (Citytrain) a ji\u017e zm\u00edn\u011bn\u00fd trajekt CityCat na \u0159ece. Nov\u00e1 tra\u0165 lehk\u00e9 \u017eeleznice vede z ji\u017en\u00ed \u010d\u00e1sti centr\u00e1ln\u00ed obchodn\u00ed \u010dtvrti k univerzitn\u00edmu kampusu a kampusu Griffith. M\u011bsto je m\u00edsty kopcovit\u00e9, ale mnoho kl\u00ed\u010dov\u00fdch atrakc\u00ed (nap\u0159. South Bank, Queen Street Mall) je od sebe docela snadno dosa\u017eiteln\u00e9 p\u011b\u0161ky. Upozor\u0148ujeme, \u017ee Australan\u00e9 jezd\u00ed vlevo a dopravn\u00ed zna\u010dky pou\u017e\u00edvaj\u00ed kilometry.<\/p>\n<p>M\u011bnou jsou australsk\u00e9 dolary. V Austr\u00e1lii se nevy\u017eaduje spropitn\u00e9, ale v\u00edt\u00e1me zaokrouhlen\u00ed ceny taxi nebo ponech\u00e1n\u00ed drobn\u00fdch za dobrou obsluhu. Anglicky se mluv\u00ed v\u0161ude; u\u017eite\u010dn\u00e9 m\u00edstn\u00ed fr\u00e1ze zahrnuj\u00ed \u201eG&#039;day\u201c nebo \u201eNo worries, mate\u201c. Z\u00e1kony Queenslandu vy\u017eaduj\u00ed no\u0161en\u00ed pr\u016fkazu toto\u017enosti s fotografi\u00ed v n\u011bkter\u00fdch podnic\u00edch (nap\u0159. v klubech), pokud se objev\u00edte star\u0161\u00ed 18 let. Opalovac\u00ed kr\u00e9m a klobouk se doporu\u010duj\u00ed po cel\u00fd rok venku, zejm\u00e9na u vody. Brisbane m\u00e1 dobr\u00fd zdravotnick\u00fd syst\u00e9m; t\u00eds\u0148ov\u00e1 \u010d\u00edsla jsou 000.<\/p>\n<p>Brisbane je obecn\u011b velmi bezpe\u010dn\u00e9 m\u00edsto s n\u00edzkou \u00farovn\u00ed n\u00e1siln\u00e9 kriminality. Na pl\u00e1\u017e\u00edch bu\u010fte opatrn\u00ed (plavte pouze mezi vlajkami, kde jsou ve slu\u017eb\u011b plav\u010d\u00edci) a v l\u00e9t\u011b si d\u00e1vejte pozor na mo\u0159sk\u00e9 \u017eihadla (mnoho pl\u00e1\u017e\u00ed m\u00e1 ochrann\u00e9 s\u00edt\u011b). Ve m\u011bst\u011b si na ru\u0161n\u00fdch turistick\u00fdch m\u00edstech hl\u00eddejte cennosti stejn\u011b jako kdekoli jinde. Jinak sta\u010d\u00ed dodr\u017eovat zdrav\u00fd rozum. Australan\u00e9 jsou k n\u00e1v\u0161t\u011bvn\u00edk\u016fm v\u0159el\u00ed \u2013 nev\u00e1hejte se zeptat m\u00edstn\u00edch na cestu nebo doporu\u010den\u00ed restaurace a obvykle najdete lidi, kte\u0159\u00ed v\u00e1m s \u00fasm\u011bvem ochotn\u011b pomohou.<\/p>","protected":false},"excerpt":{"rendered":"<p>Brisbane, v jazyce turrbal\u0161tina naz\u00fdvan\u00e9 Meanjin, je Queensland, energick\u00e9 hlavn\u00ed m\u011bsto Austr\u00e1lie. S populac\u00ed t\u00e9m\u011b\u0159 2,6 milionu je toto m\u011bsto t\u0159et\u00edm nejlidnat\u011bj\u0161\u00edm v Austr\u00e1lii a Oce\u00e1nii. Brisbane, zasazen\u00e9 v centru jihov\u00fdchodn\u00edho Queenslandu, nen\u00ed jen m\u011bstem, ale tak\u00e9 rozs\u00e1hlou metropolitn\u00ed oblast\u00ed zahrnuj\u00edc\u00ed n\u011bkolik region\u00e1ln\u00edch center a m\u011bst. Strategicky situovan\u00e9 na poloostrov\u011b \u0159eky Brisbane, p\u0159ibli\u017en\u011b 15 kilometr\u016f od jej\u00edho \u00fast\u00ed v z\u00e1livu Moreton, nab\u00edz\u00ed centr\u00e1ln\u00ed obchodn\u00ed \u010dtvr\u0165 zvl\u00e1\u0161tn\u00ed spojen\u00ed m\u011bstsk\u00e9ho \u017eivota a p\u0159\u00edrodn\u00edch kr\u00e1s.<\/p>","protected":false},"author":1,"featured_media":3298,"parent":9806,"menu_order":0,"comment_status":"closed","ping_status":"closed","template":"elementor_theme","meta":{"_eb_attr":"","footnotes":""},"class_list":["post-10201","page","type-page","status-publish","has-post-thumbnail"],"_links":{"self":[{"href":"https:\/\/travelshelper.com\/cs\/wp-json\/wp\/v2\/pages\/10201","targetHints":{"allow":["GET"]}}],"collection":[{"href":"https:\/\/travelshelper.com\/cs\/wp-json\/wp\/v2\/pages"}],"about":[{"href":"https:\/\/travelshelper.com\/cs\/wp-json\/wp\/v2\/types\/page"}],"author":[{"embeddable":true,"href":"https:\/\/travelshelper.com\/cs\/wp-json\/wp\/v2\/users\/1"}],"replies":[{"embeddable":true,"href":"https:\/\/travelshelper.com\/cs\/wp-json\/wp\/v2\/comments?post=10201"}],"version-history":[{"count":0,"href":"https:\/\/travelshelper.com\/cs\/wp-json\/wp\/v2\/pages\/10201\/revisions"}],"up":[{"embeddable":true,"href":"https:\/\/travelshelper.com\/cs\/wp-json\/wp\/v2\/pages\/9806"}],"wp:featuredmedia":[{"embeddable":true,"href":"https:\/\/travelshelper.com\/cs\/wp-json\/wp\/v2\/media\/3298"}],"wp:attachment":[{"href":"https:\/\/travelshelper.com\/cs\/wp-json\/wp\/v2\/media?parent=10201"}],"curies":[{"name":"wp","href":"https:\/\/api.w.org\/{rel}","templated":true}]}}