{"id":10153,"date":"2024-09-09T20:29:48","date_gmt":"2024-09-09T20:29:48","guid":{"rendered":"https:\/\/travelshelper.com\/staging\/?page_id=10153"},"modified":"2026-03-13T21:26:12","modified_gmt":"2026-03-13T21:26:12","slug":"canberra","status":"publish","type":"page","link":"https:\/\/travelshelper.com\/cs\/destinations\/australia-and-oceania\/australia\/canberra\/","title":{"rendered":"Canberra"},"content":{"rendered":"<p>Canberra, \u00fa\u010delov\u011b postaven\u00e9 hlavn\u00ed m\u011bsto Austr\u00e1lie, p\u0159edstavuje jinou tv\u00e1\u0159 zem\u011b. Toto m\u011bsto s p\u0159ibli\u017en\u011b 474 000 obyvateli (\u010derven 2024) le\u017e\u00edc\u00ed ve vnitrozem\u00ed v Teritorium hlavn\u00edho m\u011bsta Austr\u00e1lie kombinuje pl\u00e1novan\u00fd urbanistick\u00fd design s bu\u0161ovit\u00fdm prost\u0159ed\u00edm. Canberra vznikla v r\u00e1mci mezin\u00e1rodn\u00ed designov\u00e9 sout\u011b\u017ee na po\u010d\u00e1tku 20. stolet\u00ed (prvostupn\u00fd bod byl v roce 1913) jako kompromis mezi Sydney a Melbourne. Dnes je politick\u00fdm centrem Austr\u00e1lie, kde s\u00eddl\u00ed parlament, vl\u00e1dn\u00ed \u00fa\u0159ady a ambas\u00e1dy. Dlouh\u00e9 \u0159ady b\u00edl\u00fdch vl\u00e1dn\u00edch budov a \u0161irok\u00e9, listnat\u00e9 t\u0159\u00eddy ka\u017ed\u00fd den odhaluj\u00ed charakter Canberry jako s\u00eddla demokracie a odbornosti. M\u011bsto je pom\u011brn\u011b zelen\u00e9 a otev\u0159en\u00e9 \u2013 s mno\u017estv\u00edm park\u016f a relativn\u011b n\u00edzk\u00fdch budov \u2013 a le\u017e\u00ed na n\u00e1horn\u00ed plo\u0161in\u011b v nadmo\u0159sk\u00e9 v\u00fd\u0161ce asi 578 m. L\u00e9ta jsou tepl\u00e1 (\u010dasto such\u00e1 a s bou\u0159kov\u00fdmi frontami), zat\u00edmco zimy jsou na australsk\u00e9 pom\u011bry chladn\u00e9 (b\u011b\u017en\u00e9 jsou mrazy a vzd\u00e1len\u00e9 poho\u0159\u00ed Brindabella je \u010dasto pokryt\u00e9 sn\u011bhem). Canberra se nach\u00e1z\u00ed asi 280 km jihoz\u00e1padn\u011b od Sydney a 660 km ji\u017en\u011b od Brisbane po silnici, uprost\u0159ed eukalyptov\u00fdch les\u016f a zvln\u011bn\u00fdch kopc\u016f. Jej\u00ed ofici\u00e1ln\u00ed zalo\u017een\u00ed se datuje do roku 1913 (kdy byla vybr\u00e1na \u201eCanberra\u201c); v\u00fdznamn\u00fdmi v\u00fdro\u010d\u00edmi byla 1927 (s\u00eddlo parlamentu) a 1988 (slavnostn\u00ed otev\u0159en\u00ed nov\u00e9 budovy parlamentu). M\u011bsto nyn\u00ed s\u00eddl\u00ed asi 170 ambas\u00e1d a je zn\u00e1m\u00e9 sv\u00fdmi kulturn\u00edmi institucemi a n\u00e1rodn\u00edmi festivaly.<\/p>\n<p>Canberra m\u00e1 sice men\u0161\u00ed populaci (473 855 obyvatel v polovin\u011b roku 2024), ale je nejv\u011bt\u0161\u00edm vnitrozemsk\u00fdm m\u011bstem v zemi. Region Canberra (v\u010detn\u011b okoln\u00edch obc\u00ed) pokr\u00fdv\u00e1 plochu p\u0159ibli\u017en\u011b 814 km\u00b2. Ekonomice dominuje ve\u0159ejn\u00fd sektor: zhruba 29 % zam\u011bstnan\u00fdch pracuje ve feder\u00e1ln\u00edch vl\u00e1dn\u00edch agentur\u00e1ch. Mezi dal\u0161\u00ed v\u00fdznamn\u00e9 sektory pat\u0159\u00ed vzd\u011bl\u00e1v\u00e1n\u00ed (Australsk\u00e1 n\u00e1rodn\u00ed univerzita a dal\u0161\u00ed vysok\u00e9 \u0161koly), zdravotnictv\u00ed a profesion\u00e1ln\u00ed slu\u017eby. Nezam\u011bstnanost v regionu Canberra je obvykle ni\u017e\u0161\u00ed ne\u017e celost\u00e1tn\u00ed pr\u016fm\u011br, co\u017e odr\u00e1\u017e\u00ed popt\u00e1vku po kvalifikovan\u00e9 pracovn\u00ed s\u00edle. \u00darove\u0148 p\u0159\u00edjm\u016f je relativn\u011b vysok\u00e1 (mnoho obyvatel jsou vzd\u011blan\u00ed st\u00e1tn\u00ed \u00fa\u0159edn\u00edci nebo odborn\u00edci) a ceny nemovitost\u00ed \u2013 zejm\u00e9na v listnat\u00fdch p\u0159edm\u011bst\u00edch \u2013 jsou nad celost\u00e1tn\u00edm pr\u016fm\u011brem. Ka\u017edodenn\u00ed \u017eivot v Canbe\u0159e se to\u010d\u00ed kolem jezera, park\u016f a kulturn\u00edho \u017eivota: lid\u00e9 \u010dasto jezd\u00ed na kole, placht\u00ed nebo b\u011bhaj\u00ed kolem jezera Burley Griffin. Uspo\u0159\u00e1d\u00e1n\u00ed m\u011bsta (s kruhov\u00fdmi objezdy a geometrick\u00fdmi ulicemi) podporuje reflexivn\u00ed a organizovan\u00e9 tempo \u2013 Canberra se kdysi v jazyce domorod\u00fdch obyvatel \u017eertem naz\u00fdvala \u201em\u00edsto setk\u00e1v\u00e1n\u00ed\u201c nebo \u201ehlavn\u00ed m\u011bsto bu\u0161e\u201c. T\u00e9m\u011b\u0159 polovina populace se narodila v zahrani\u010d\u00ed a angli\u010dtina se pou\u017e\u00edv\u00e1 v\u0161eobecn\u011b. \u010casov\u00e9 p\u00e1smo je australsk\u00fd v\u00fdchodn\u00ed standardn\u00ed \u010das a stejn\u011b jako ve zbytku Austr\u00e1lie se zde provoz dr\u017e\u00ed vlevo.<\/p>\n<p>Canberra le\u017e\u00ed v jihov\u00fdchodn\u00edm kvadrantu australsk\u00e9ho kontinentu, asi dv\u011b hodiny j\u00edzdy do vnitrozem\u00ed od Sydney. Je obklopena poho\u0159\u00edm Brindabella (na z\u00e1pad\u011b) a nedalek\u00fdm Velk\u00fdm p\u0159ed\u011blov\u00fdm poho\u0159\u00edm, kter\u00e9 m\u011bstu poskytuj\u00ed malebn\u00e9 v\u00fdhledy \u2013 v zim\u011b je mo\u017en\u00e9 jejich zasn\u011b\u017een\u00e9 \u010depice \u010dasto spat\u0159it z b\u0159ehu jezera. M\u011bsto le\u017e\u00ed v nadmo\u0159sk\u00e9 v\u00fd\u0161ce asi 580 metr\u016f. Podneb\u00ed je kontinent\u00e1ln\u00ed: l\u00e9ta mohou v mnoha dnech p\u0159ekro\u010dit 30 \u00b0C, zat\u00edmco zimn\u00ed noci \u010dasto klesaj\u00ed pod bod mrazu (mr\u00e1z a dokonce i lehk\u00fd sn\u00edh na zemi nejsou neobvykl\u00e9). V Canbe\u0159e spadne ro\u010dn\u011b p\u0159ibli\u017en\u011b 636 mm sr\u00e1\u017eek, kter\u00e9 jsou rovnom\u011brn\u011b rozlo\u017eeny, ale tak\u00e9 zde \u010dasto spadne \u201ef\u00e9hnov\u00fd v\u00edtr\u201c (tepl\u00fd such\u00fd v\u00edtr), kter\u00fd m\u016f\u017ee rychle zv\u00fd\u0161it zimn\u00ed teploty. Na rozd\u00edl od vlhkosti v Brisbane d\u00e1vaj\u00ed Canbe\u0159e such\u00e9 zimy a m\u00edrn\u00e1 l\u00e9ta \u010dty\u0159i z\u0159eteln\u00e1 ro\u010dn\u00ed obdob\u00ed: obl\u00edbenou pod\u00edvanou je zde podzimn\u00ed list\u00ed v \u010derven\u00e9 a zlat\u00e9 barv\u011b. M\u011bsto se rozkl\u00e1d\u00e1 kolem um\u011bl\u00e9ho jezera Burley Griffin, kter\u00e9 ho rozd\u011bluje na hlavn\u00ed oblasti. Na b\u0159ez\u00edch jezer a p\u0159ilehl\u00fdch kopc\u00edch (Black Mountain, Mount Ainslie) se nach\u00e1zej\u00ed turistick\u00e9 stezky a otev\u0159en\u00e9 v\u00fdhledy. P\u0159esto\u017ee se Canberra nach\u00e1z\u00ed ve vnitrozem\u00ed, m\u00e1 bujn\u00e9 borov\u00e9 plant\u00e1\u017ee, otev\u0159en\u00e9 travnat\u00e9 porosty a ohniska k\u0159ovin uvnit\u0159 m\u011bsta \u2013 p\u0159ipom\u00ednku p\u0159edm\u011bstsk\u00e9 krajiny regionu. Jej\u00ed klima a prost\u0159ed\u00ed vyb\u00edzej\u00ed k sez\u00f3nn\u00edm venkovn\u00edm akc\u00edm (nap\u0159\u00edklad kv\u011bty t\u0159e\u0161n\u00ed na ja\u0159e na Floriade, p\u0159edn\u00edm kv\u011btinov\u00e9m festivalu v zemi).<\/p>\n<p>Historie Canberry jako m\u011bsta je pom\u011brn\u011b modern\u00ed. V roce 1908 australsk\u00fd parlament rozhodl, \u017ee nov\u00e9 hlavn\u00ed m\u011bsto mus\u00ed b\u00fdt postaveno na kompromisn\u00edm m\u00edst\u011b mezi Sydney a Melbourne. M\u00edsto bylo vybr\u00e1no v roce 1909 a n\u00e1vrh americk\u00e9ho architekta Waltera Burleyho Griffina byl vybr\u00e1n v roce 1913. Stavba byla pomal\u00e1; n\u00e1zev \u201eCanberra\u201c byl ofici\u00e1ln\u011b zve\u0159ejn\u011bn v roce 1913, ale prvn\u00ed budova parlamentu byla otev\u0159ena a\u017e v roce 1927. M\u011bsto bylo pl\u00e1nov\u00e1no s geometrick\u00fdmi bulv\u00e1ry a rozlehl\u00fdmi parky a tuto uspo\u0159\u00e1danou eleganci si zachov\u00e1v\u00e1 dodnes. Mezi kl\u00ed\u010dov\u00e9 miln\u00edky pat\u0159\u00ed zalo\u017een\u00ed Australsk\u00e9 n\u00e1rodn\u00ed univerzity v roce 1946 (\u010d\u00edm\u017e se Canberra stala centrem v\u00fdzkumu) a otev\u0159en\u00ed nov\u00e9 st\u00e1l\u00e9 budovy parlamentu v roce 1988 (kter\u00e1 nahradila prozat\u00edmn\u00ed budovu). Do poloviny stolet\u00ed se Canberra stala v\u00edce ne\u017e jen vl\u00e1dn\u00edmi \u00fa\u0159ady \u2013 rozrostly se p\u0159edm\u011bst\u00ed, pr\u016fmysl i kultura. V letech 1926\u20131931 byla kr\u00e1tce hlavn\u00edm m\u011bstem dnes ji\u017e neexistuj\u00edc\u00edho Teritoria St\u0159edn\u00ed Austr\u00e1lie, ne\u017e se v roce 1933 vr\u00e1tila ke sjednocen\u00e9mu Severn\u00edmu teritoriu. Canberra tak\u00e9 slou\u017eila jako do\u010dasn\u00e9 v\u00e1le\u010dn\u00e9 hlavn\u00ed m\u011bsto Austr\u00e1lie b\u011bhem druh\u00e9 sv\u011btov\u00e9 v\u00e1lky, kdy se vl\u00e1da evakuovala z Darwinu. A\u010dkoli m\u00e1 Canberra (vzhledem ke sv\u00e9 kr\u00e1tk\u00e9 historii) jen m\u00e1lo velmi star\u00fdch budov, archivy, pam\u00e1tky a muzejn\u00ed expozice m\u011bsta pe\u010dliv\u011b p\u0159ipom\u00ednaj\u00ed tyto zakladatelsk\u00e9 p\u0159\u00edb\u011bhy. Dvoj\u00ed p\u016fvod m\u011bsta \u2013 designov\u00e9 m\u011bsto a demokratick\u00e9 centrum \u2013 znamen\u00e1, \u017ee se zde odehr\u00e1v\u00e1 ka\u017ed\u00e9 ozn\u00e1men\u00ed o st\u00e1tn\u00edm rozpo\u010dtu nebo volby, co\u017e d\u00e1v\u00e1 Canbe\u0159e jedine\u010dn\u00e9 m\u00edsto v \u010dasov\u00e9 ose Austr\u00e1lie.<\/p>\n<p>M\u00edstn\u00ed charakter Canberry spojuje byrokratickou form\u00e1lnost s p\u0159ekvapiv\u00fdm kreativn\u00edm podt\u00f3nem. M\u011bsto je domovem mnoha vl\u00e1dn\u00edch \u00fa\u0159ad\u016f (feder\u00e1ln\u00ed ve\u0159ejn\u00ed \u00fa\u0159edn\u00edci jsou n\u011bkdy naz\u00fdv\u00e1ni \u201eCanberrany\u201c), co\u017e mu dod\u00e1v\u00e1 st\u0159\u00edzlivou a spo\u0159\u00e1danou atmosf\u00e9ru. P\u0159\u00edtomnost n\u00e1rodn\u00edch um\u011bleck\u00fdch galeri\u00ed, univerzit a think-tank\u016f v\u0161ak vn\u00e1\u0161\u00ed do kulturn\u00edho \u017eivota intelekt a inovace. Obyvatel\u00e9 b\u00fdvaj\u00ed vzd\u011blan\u00ed profesion\u00e1lov\u00e9; rozhovory v m\u00edstn\u00edch kav\u00e1rn\u00e1ch se \u010dasto to\u010d\u00ed kolem politiky, v\u011bdy nebo um\u011bn\u00ed. Navzdory tomu je spole\u010densk\u00fd rytmus m\u011bsta uvoln\u011bn\u00fd: lid\u00e9 zdvo\u0159ile stoj\u00ed ve front\u00e1ch v kav\u00e1rn\u00e1ch na George Street a je b\u011b\u017en\u00e9, \u017ee se kolegov\u00e9 z vl\u00e1dn\u00edch ministerstev oslovuj\u00ed k\u0159estn\u00edmi jm\u00e9ny. Australan\u00e9 \u010dasto poznamen\u00e1vaj\u00ed, \u017ee Canberra p\u016fsob\u00ed \u201e\u00fa\u010delov\u011b\u201c, ale ne p\u0159epln\u011bn\u011b \u2013 mezi budovami jsou \u0161irok\u00e9 prostory a dokonce i centrum m\u011bsta p\u016fsob\u00ed prostorn\u011b. Jej\u00ed \u017eivotn\u00ed styl m\u00e1 outdoorov\u00e9 prvky: cyklistika je zde roz\u0161\u00ed\u0159en\u00e1 (s vyhrazen\u00fdmi stezkami), veslov\u00e1n\u00ed na jeze\u0159e je b\u011b\u017en\u00e9 a p\u0159edm\u011bst\u00ed jako Braddon maj\u00ed trendy restaurace. Canberra m\u00e1 tak\u00e9 silnou kulturu festival\u016f a akc\u00ed. Mezi hlavn\u00ed ka\u017edoro\u010dn\u00ed akce pat\u0159\u00ed Floriade (jarn\u00ed kv\u011btinov\u00fd festival, kter\u00fd p\u0159itahuje statis\u00edce lid\u00ed) a Enlighten (zimn\u00ed festival sv\u011btla a hudby, na kter\u00e9m je vid\u011bt osv\u011btlen\u00fd parlament a dal\u0161\u00ed budovy). Sportovn\u00ed akce (testovac\u00ed kriket na Manuka Oval nebo automobilov\u00fd festival Summernats) spojuj\u00ed komunitu.<\/p>\n<p>D\u016fle\u017eit\u00e9 je, \u017ee Canberra host\u00ed prakticky v\u0161echny nejvy\u0161\u0161\u00ed kulturn\u00ed instituce Austr\u00e1lie: N\u00e1rodn\u00ed muzeum, N\u00e1rodn\u00ed knihovnu, N\u00e1rodn\u00ed galerii a v\u011bdeck\u00e9 centrum Questacon, abychom jmenovali alespo\u0148 n\u011bkter\u00e9. To znamen\u00e1, \u017ee obyvatel\u00e9 maj\u00ed snadn\u00fd p\u0159\u00edstup k v\u00fdstav\u00e1m sv\u011btov\u00e9 \u00farovn\u011b, n\u00e1rodn\u00edm archiv\u016fm a f\u00f3r\u016fm. P\u0159\u00edtomnost diplomat\u016f a zahrani\u010dn\u00edch student\u016f tak\u00e9 dod\u00e1v\u00e1 m\u011bstu kosmopolitn\u00ed n\u00e1dech: v ulic\u00edch Civicu \u010dasto sly\u0161\u00edte mnoho jazyk\u016f. Navzdory byrokratick\u00e9mu p\u016fvodu je srdce m\u011bsta n\u00e1padit\u00e9 a ob\u010dansky zam\u011b\u0159en\u00e9 \u2013 m\u00edstn\u00ed obyvatel\u00e9 se \u010dasto py\u0161n\u00ed t\u00edm, \u017ee Canberra je \u201ehodna\u201c b\u00fdt hlavn\u00edm m\u011bstem. To s sebou nese jemn\u00e9 zvl\u00e1\u0161tnosti: nap\u0159\u00edklad otev\u00edrac\u00ed doba park\u016f a ku\u0159\u00e1ck\u00e9 z\u00f3ny jsou striktn\u011b definov\u00e1ny, p\u0159esto lze tak\u00e9 vid\u011bt partyz\u00e1nsk\u00e9 hudebn\u00edky hraj\u00edc\u00ed pouli\u010dn\u00ed hudbu v parku nebo improvizovan\u00e9 ve\u0159ejn\u00e9 p\u0159edn\u00e1\u0161ky na n\u00e1m\u011bst\u00edch. V ka\u017edodenn\u00edm \u017eivot\u011b si Canberran\u00e9 cen\u00ed p\u0159\u00edrody (\u010detn\u00e9 m\u011bstsk\u00e9 parky a malebn\u00e9 jezero jsou obl\u00edben\u00fdmi m\u00edsty pro piknik) a obecn\u011b dbaj\u00ed na sv\u00e9 zdrav\u00ed. Kter\u00fdkoli den m\u016f\u017eete vid\u011bt lidi ven\u010dit psy na vrcholov\u00e9 stezce Telstra Tower nebo kupovat \u010derstv\u00e9 produkty na farm\u00e1\u0159sk\u00e9m trhu. Politicky se obyvatelstvo m\u00edrn\u011b p\u0159ikl\u00e1n\u00ed k levici, co\u017e odr\u00e1\u017e\u00ed mnoho st\u00e1tn\u00edch \u00fa\u0159edn\u00edk\u016f. P\u0159esto, stejn\u011b jako v cel\u00e9 Austr\u00e1lii, p\u0159evl\u00e1d\u00e1 neform\u00e1ln\u00ed p\u0159\u00e1telsk\u00e1 atmosf\u00e9ra \u2013 od obchodn\u00edk\u016f dostanete pozdrav \u201enazdar\u201c a \u0159idi\u010di v\u00e1s pust\u00ed d\u00e1l, pokud d\u00e1te znamen\u00ed k odjezdu. Canberra tak p\u016fsob\u00ed z\u00e1rove\u0148 jako s\u00eddlo vl\u00e1dy i jako \u017eiv\u00e9 mal\u00e9 m\u011bsto \u2013 zaj\u00edmav\u00e1 dualita slavnostn\u00ed instituce a ka\u017edodenn\u00edho tepla.<\/p>\n<p>Budova Parlamentu (se zlat\u00fdm sto\u017e\u00e1rem) je dominantou Parlamentn\u00edho troj\u00faheln\u00edku a je symbolick\u00fdm i doslovn\u00fdm s\u00eddlem australsk\u00e9 vl\u00e1dy. Prohl\u00eddky budovy jsou obl\u00edbenou aktivitou: n\u00e1v\u0161t\u011bvn\u00edci se mohou proch\u00e1zet s\u00e1ly Sen\u00e1tu a Sn\u011bmovny reprezentant\u016f, prohl\u00e9dnout si um\u011bleck\u00e1 d\u00edla a sledovat zased\u00e1n\u00ed vyhrazen\u00e9 pro ot\u00e1zky. Krom\u011b politiky se Canberra zam\u011b\u0159uje i na n\u00e1rodn\u00ed d\u011bdictv\u00ed. T\u011bsn\u011b pod Parlamentem se nach\u00e1z\u00ed Australsk\u00fd v\u00e1le\u010dn\u00fd pam\u00e1tn\u00edk, kombinovan\u00e9 muzeum a svatyn\u011b na po\u010dest australsk\u00fdch voj\u00e1k\u016f; nab\u00edz\u00ed dojemn\u00e9 expon\u00e1ty a dojemn\u00fd denn\u00ed ceremoni\u00e1l uct\u00edv\u00e1n\u00ed pam\u00e1tek. Nedaleko se nach\u00e1z\u00ed N\u00e1rodn\u00ed galerie (kter\u00e1 obsahuje um\u011bn\u00ed domorod\u00fdch obyvatel a mezin\u00e1rodn\u00ed sb\u00edrky), N\u00e1rodn\u00ed knihovna (kter\u00e1 je domovem historick\u00fdch dokument\u016f, jako jsou koloni\u00e1ln\u00ed den\u00edky) a N\u00e1rodn\u00ed muzeum Austr\u00e1lie (v\u011bnovan\u00e9 soci\u00e1ln\u00edm a kulturn\u00edm d\u011bjin\u00e1m) \u2013 v\u0161echny pat\u0159\u00ed mezi instituce, kter\u00e9 mus\u00edte ve m\u011bst\u011b nav\u0161t\u00edvit. M\u011bstsk\u00fd vrch a Anzac Parade v Civic City jsou lemov\u00e1ny pam\u00e1tn\u00edky historick\u00fdch osobnost\u00ed a ud\u00e1lost\u00ed, kter\u00e9 odr\u00e1\u017eej\u00ed roli hlavn\u00edho m\u011bsta p\u0159i formov\u00e1n\u00ed n\u00e1rodn\u00ed identity.<\/p>\n<p>Mimo centrum je p\u0159\u00edrodn\u00ed kr\u00e1sa m\u011bsta sama o sob\u011b atrakc\u00ed. Jezero Burley Griffin \u2013 vznikl\u00e9 p\u0159ehradou \u0159eky Molonglo \u2013 nab\u00edz\u00ed malebn\u00e9 proch\u00e1zky po pob\u0159e\u017e\u00ed, placht\u011bn\u00ed a za jasn\u00fdch dn\u016f v\u00fdhledy na hory. Na v\u00fdchod\u011b se nach\u00e1z\u00ed hora Mount Ainslie a na z\u00e1pad\u011b hora Black Mountain (domov v\u011b\u017ee Telstra) \u2013 ob\u011b jsou snadno sleziteln\u00e9 a odm\u011b\u0148uj\u00ed turisty \u00fachvatn\u00fdmi v\u00fdhledy na m\u011bsto. Canberra m\u00e1 nep\u0159ebern\u00e9 mno\u017estv\u00ed park\u016f a rezervac\u00ed: Australsk\u00e1 n\u00e1rodn\u00ed botanick\u00e1 zahrada vystavuje p\u016fvodn\u00ed rostliny, zat\u00edmco N\u00e1rodn\u00ed park Namadgi (jihoz\u00e1padn\u011b) chr\u00e1n\u00ed k\u0159oviny a pam\u00e1tky domorod\u00fdch obyvatel. Turisty l\u00e1kaj\u00ed sez\u00f3nn\u00ed akce: na ja\u0159e je hlavn\u00ed m\u011bsto pokryt\u00e9 kv\u011bty (Floriade) a v zim\u011b osv\u011btluje jezero a budovy na b\u0159ehu silvestrovsk\u00fd oh\u0148ostroj Skyfire (sou\u010d\u00e1st Enlighten Canberra). A kone\u010dn\u011b, ka\u017ed\u00fd 25. dubna p\u0159itahuj\u00ed obrovsk\u00e9 davy oslavy Dne Anzac, kter\u00e9 vrchol\u00ed rann\u00edmi bohoslu\u017ebami u v\u00e1le\u010dn\u00fdch pam\u00e1tn\u00edk\u016f \u2013 co\u017e je v hlavn\u00edm m\u011bst\u011b hlubok\u00e1 tradice. Stru\u010dn\u011b \u0159e\u010deno, atrakce Canberry jsou sm\u011bsic\u00ed vzd\u011bl\u00e1vac\u00edch a malebn\u00fdch prvk\u016f: prozkoum\u00e1v\u00e1n\u00ed jej\u00edch pam\u00e1tek v\u00e1s nau\u010d\u00ed o historii Austr\u00e1lie, zat\u00edmco jej\u00ed prost\u0159ed\u00ed \u2013 parky, eukalyptov\u00e9 lesy a pl\u00e1novan\u00e9 v\u00fdhledy \u2013 poskytuje jemn\u00fd, reflexivn\u00ed kontrast k m\u011bstsk\u00e9mu \u017eivotu.<\/p>\n<p>Canberra m\u00e1 vlastn\u00ed leti\u0161t\u011b (Canberra Airport, CBR) pouh\u00fdch 8 km od centra m\u011bsta s p\u0159\u00edm\u00fdmi lety do v\u0161ech hlavn\u00edch australsk\u00fdch m\u011bst. Cesta autem ze Sydney trv\u00e1 po d\u00e1lnici Hume Highway asi 3\u20133,5 hodiny a Canberra je vzd\u00e1len\u00e1 od Brisbane asi 660 km po vnitrozemsk\u00e9 d\u00e1lnici (cesta trv\u00e1 p\u0159ibli\u017en\u011b 7 hodin). Denn\u011b jezd\u00ed tak\u00e9 vlak (NSW TrainLink) a autobusov\u00e1 doprava, kter\u00e1 spojuje Canberru se Sydney a Melbourne.<\/p>\n<p>D\u00edky sv\u00e9mu designu je m\u011bsto pom\u011brn\u011b p\u0159\u00e1telsk\u00e9 k aut\u016fm. Silnice jsou \u0161irok\u00e9 (\u010dasto s kruhov\u00fdmi objezdy a d\u011bl\u00edc\u00edmi pruhy) a parkov\u00e1n\u00ed je dostatek a obvykle zdarma. Dob\u0159e propojen\u00fd syst\u00e9m ve\u0159ejn\u00e9 autobusov\u00e9 dopravy (autobusy ACTION) obsluhuje v\u0161echna p\u0159edm\u011bst\u00ed a mezi centrem m\u011bsta a Gungahlinem vede tramvajov\u00e1 linka lehk\u00e9 \u017eeleznice (otev\u0159en\u00e1 v roce 2019). Obl\u00edben\u00e1 je cyklistika: cyklostezky k\u0159i\u017euj\u00ed m\u011bsto a stezky vedou pod\u00e9l jezera. Pokud jedete autem, nezapome\u0148te se dr\u017eet vlevo a d\u00e1vat si pozor na kruhov\u00e9 objezdy. Rozvr\u017een\u00ed m\u011bsta \u2013 s osami a kruhy \u2013 m\u016f\u017ee v centru p\u016fsobit jako m\u0159\u00ed\u017eka, ale v okrajov\u00fdch oblastech jako p\u0159edm\u011bst\u00ed, tak\u017ee pro n\u00e1v\u0161t\u011bvn\u00edky, kte\u0159\u00ed m\u011bsto p\u0159ij\u00ed\u017ed\u011bj\u00ed poprv\u00e9, jsou u\u017eite\u010dn\u00e9 naviga\u010dn\u00ed aplikace nebo mapa.<\/p>\n<p>M\u011bnou v Canbe\u0159e je australsk\u00fd dolar. Spropitn\u00e9 se neo\u010dek\u00e1v\u00e1 (obsluhuj\u00edc\u00ed person\u00e1l dost\u00e1v\u00e1 standardn\u00ed mzdu) \u2013 jak\u00e9koli spropitn\u00e9 je zcela dobrovoln\u00e9. V\u0161ude se mluv\u00ed anglicky; policist\u00e9, barist\u00e9 a m\u00edstn\u00ed obyvatel\u00e9 obvykle odpov\u00ed na dotazy p\u0159\u00e1telsky. Canberra m\u00e1 pov\u011bst \u010dist\u00e9 a po\u0159\u00e1dn\u00e9 zem\u011b: b\u011b\u017en\u00e9 jsou zde popelnice na t\u0159\u00edd\u011bn\u00fd odpad a budete (cedulemi nebo m\u00edstn\u00edmi obyvateli) upozorn\u011bni na recyklaci a \u0161et\u0159en\u00ed vodou. V l\u00e9t\u011b m\u016f\u017ee b\u00fdt slunce siln\u00e9, proto se opalovac\u00ed kr\u00e9m doporu\u010duje i b\u011bhem jasn\u00fdch canberrsk\u00fdch zim. T\u00eds\u0148ov\u00e9 \u010d\u00edslo v Canbe\u0159e je jako obvykle 000.<\/p>\n<p>Obyvatel\u00e9 Canberry b\u00fdvaj\u00ed p\u0159\u00edmo\u010dar\u00ed a spravedliv\u00ed. B\u011b\u017en\u00e1 zdvo\u0159ilost \u2013 \u010dek\u00e1n\u00ed ve front\u011b, pod\u00e1n\u00ed ruky, podr\u017een\u00ed dve\u0159\u00ed \u2013 m\u00e1 velk\u00fd v\u00fdznam. Vzhledem ke koncentraci zam\u011bstnanc\u016f ambas\u00e1d a politik\u016f m\u016f\u017ee b\u00fdt oble\u010den\u00ed na akc\u00edch nebo v luxusn\u011bj\u0161\u00edch restaurac\u00edch form\u00e1ln\u011bj\u0161\u00ed ne\u017e v jin\u00fdch australsk\u00fdch m\u011bstech (obleky nebo \u00fahledn\u00e9 le\u017e\u00e9rn\u00ed oble\u010den\u00ed). Na druhou stranu, v poledne nebo o v\u00edkendech uvid\u00edte obleky m\u00eds\u00edc\u00ed se s cyklistick\u00fdm vybaven\u00edm nebo turistick\u00fdmi botami; uvoln\u011bn\u00e1 outdoorov\u00e1 kultura m\u011bsta znamen\u00e1, \u017ee vid\u00edte oboj\u00ed. I zde plat\u00ed australsk\u00e1 pravidla (pou\u017e\u00edvejte bezpe\u010dnostn\u00ed p\u00e1sy, nekou\u0159te v uzav\u0159en\u00fdch ve\u0159ejn\u00fdch prostor\u00e1ch, nepijte v parc\u00edch s v\u00fdjimkou vyhrazen\u00fdch m\u00edst). A kone\u010dn\u011b, nezapome\u0148te, \u017ee mnoho atrakc\u00ed je spravovan\u00fdch vl\u00e1dou: dodr\u017euj\u00ed australsk\u00e9 st\u00e1tn\u00ed sv\u00e1tky. Nap\u0159\u00edklad na Den ANZAC (25. dubna) se v cel\u00e9m m\u011bst\u011b kon\u00e1 slavnostn\u00ed bohoslu\u017eba za \u00fasvitu a ve\u0159ejn\u00e9 \u00fa\u0159ady jsou zav\u0159en\u00e9. Ve v\u011bt\u0161inu ostatn\u00edch dn\u016f je v\u0161ak v Canbe\u0159e b\u011b\u017en\u00fd re\u017eim a n\u00e1v\u0161t\u011bvn\u00edci si snadno u\u017eij\u00ed muzea, kav\u00e1rny i venkovn\u00ed aktivity.<\/p>","protected":false},"excerpt":{"rendered":"<p>Canberra, hlavn\u00ed m\u011bsto Austr\u00e1lie, dovedn\u011b kombinuje modernismus s histori\u00ed a kulturou. Zrodila se z federace australsk\u00fdch koloni\u00ed a stala se s\u00eddlem vl\u00e1dy nov\u011b vznikl\u00e9ho st\u00e1tu. V dne\u0161n\u00ed dob\u011b je nejen nejv\u011bt\u0161\u00edm vnitrozemsk\u00fdm m\u011bstem Austr\u00e1lie, ale tak\u00e9 osm\u00fdm nejv\u011bt\u0161\u00edm obecn\u011b. Canberra, ty\u010d\u00edc\u00ed se na nejsevern\u011bj\u0161\u00edm bod\u011b Australsk\u00fdch Alp, nejvy\u0161\u0161\u00edho poho\u0159\u00ed v zemi, je v \u010dervnu 2023 hrd\u011b vid\u011bt s odhadovan\u00fdm po\u010dtem obyvatel 466 566.<\/p>","protected":false},"author":1,"featured_media":4498,"parent":9806,"menu_order":0,"comment_status":"closed","ping_status":"closed","template":"elementor_theme","meta":{"_eb_attr":"","footnotes":""},"class_list":["post-10153","page","type-page","status-publish","has-post-thumbnail"],"_links":{"self":[{"href":"https:\/\/travelshelper.com\/cs\/wp-json\/wp\/v2\/pages\/10153","targetHints":{"allow":["GET"]}}],"collection":[{"href":"https:\/\/travelshelper.com\/cs\/wp-json\/wp\/v2\/pages"}],"about":[{"href":"https:\/\/travelshelper.com\/cs\/wp-json\/wp\/v2\/types\/page"}],"author":[{"embeddable":true,"href":"https:\/\/travelshelper.com\/cs\/wp-json\/wp\/v2\/users\/1"}],"replies":[{"embeddable":true,"href":"https:\/\/travelshelper.com\/cs\/wp-json\/wp\/v2\/comments?post=10153"}],"version-history":[{"count":0,"href":"https:\/\/travelshelper.com\/cs\/wp-json\/wp\/v2\/pages\/10153\/revisions"}],"up":[{"embeddable":true,"href":"https:\/\/travelshelper.com\/cs\/wp-json\/wp\/v2\/pages\/9806"}],"wp:featuredmedia":[{"embeddable":true,"href":"https:\/\/travelshelper.com\/cs\/wp-json\/wp\/v2\/media\/4498"}],"wp:attachment":[{"href":"https:\/\/travelshelper.com\/cs\/wp-json\/wp\/v2\/media?parent=10153"}],"curies":[{"name":"wp","href":"https:\/\/api.w.org\/{rel}","templated":true}]}}