{"id":10119,"date":"2024-09-09T19:24:20","date_gmt":"2024-09-09T19:24:20","guid":{"rendered":"https:\/\/travelshelper.com\/staging\/?page_id=10119"},"modified":"2026-03-13T21:44:12","modified_gmt":"2026-03-13T21:44:12","slug":"falls-creek","status":"publish","type":"page","link":"https:\/\/travelshelper.com\/cs\/destinations\/australia-and-oceania\/australia\/falls-creek\/","title":{"rendered":"Falls Creek"},"content":{"rendered":"<p>Falls Creek je mal\u00e1 alpsk\u00e1 vesnice s celoro\u010dn\u00edm pobytem a velmi malou st\u00e1lou komunitou. V l\u00e9t\u011b zde \u017eije na pln\u00fd \u00favazek pouze asi 200 lid\u00ed, ale toto \u010d\u00edslo ka\u017edou zimu dramaticky roste: v hlavn\u00ed sez\u00f3n\u011b m\u016f\u017ee st\u0159edisko pojmout a\u017e kolem 5 600 obyvatel. Tento n\u00e1r\u016fst odr\u00e1\u017e\u00ed 4 500 ubytovac\u00edch l\u016f\u017eek a zimn\u00edch ubytoven ve vesnici. V d\u016fsledku toho je jej\u00ed ekonomika poh\u00e1n\u011bna t\u00e9m\u011b\u0159 v\u00fdhradn\u011b cestovn\u00edm ruchem. Vl\u00e1dn\u00ed zpr\u00e1va uv\u00e1d\u00ed, \u017ee Falls Creek \u201ev\u00fdznamn\u011b p\u0159isp\u00edv\u00e1 k ekonomice regionu\u201c a vytv\u00e1\u0159\u00ed zna\u010dnou sez\u00f3nn\u00ed pracovn\u00ed m\u00edsta. V typick\u00e9m (p\u0159edpandemick\u00e9m) roce \u010dinily celkov\u00e9 p\u0159\u00edjmy Falls Creek z cestovn\u00edho ruchu p\u0159ibli\u017en\u011b 12 milion\u016f australsk\u00fdch dolar\u016f. \u017dije zde jen mal\u00e1 st\u00e1l\u00e1 populace (v\u010detn\u011b \u017e\u00e1k\u016f celoro\u010dn\u011b otev\u0159en\u00e9 z\u00e1kladn\u00ed \u0161koly), tak\u017ee se m\u00edstn\u00ed ekonomika to\u010d\u00ed kolem ly\u017ea\u0159sk\u00fdch chat, restaurac\u00ed a pronaj\u00edman\u00e9ho ubytov\u00e1n\u00ed. Na vrcholu zimy se st\u0159edisko hem\u017e\u00ed tis\u00edci ly\u017ea\u0159\u016f a snowboardist\u016f; v l\u00e9t\u011b se uklid\u0148uje do klidn\u011bj\u0161\u00edho rytmu turist\u016f a horsk\u00fdch cyklist\u016f.<\/p>\n<p>Falls Creek le\u017e\u00ed hluboko ve Viktori\u00e1nsk\u00fdch Alp\u00e1ch v jihov\u00fdchodn\u00ed Austr\u00e1lii. Vesnice se nach\u00e1z\u00ed v Alpsk\u00e9m n\u00e1rodn\u00edm parku, zhruba 350 km severov\u00fdchodn\u011b od Melbourne (asi 5 a\u017e 6 hodin j\u00edzdy autem). Zab\u00edr\u00e1 n\u00e1horn\u00ed plo\u0161inu v nadmo\u0159sk\u00e9 v\u00fd\u0161ce kolem 1 600 m (z\u00e1kladn\u00ed nadmo\u0159sk\u00e1 v\u00fd\u0161ka 1 500 m, nejvy\u0161\u0161\u00ed nadmo\u0159sk\u00e1 v\u00fd\u0161ka 1 780 m). Nejbli\u017e\u0161\u00edm mal\u00fdm m\u011bstem je Mount Beauty, vzd\u00e1len\u00e9 asi 30 km. Geograficky je Falls Creek sou\u010d\u00e1st\u00ed regionu Hume ve Victorii a je obklopen drsn\u00fdmi horsk\u00fdmi p\u00e1smy. St\u0159edisko hrani\u010d\u00ed se zasn\u011b\u017een\u00fdmi pl\u00e1n\u011bmi a alpsk\u00fdmi lesy. Podneb\u00ed je po mnoho m\u011bs\u00edc\u016f chladn\u00e9 a zasn\u011b\u017een\u00e9: je klasifikov\u00e1no jako chladn\u00e9 oce\u00e1nsk\u00e9\/subpol\u00e1rn\u00ed p\u00e1smo s kr\u00e1tk\u00fdmi chladn\u00fdmi l\u00e9ty a velmi zasn\u011b\u017een\u00fdmi zimami. Falls Creek v zim\u011b pr\u016fm\u011brn\u011b sn\u011b\u017e\u00ed zhruba \u010dty\u0159i metry, tak\u017ee sjezdovky jsou otev\u0159en\u00e9 obvykle od \u010dervna do z\u00e1\u0159\u00ed. Letn\u00ed dny jsou m\u00edrn\u00e9, \u010dasto jasn\u00e9 a slune\u010dn\u00e9, ale noci mohou b\u00fdt st\u00e1le pom\u011brn\u011b chladn\u00e9. Stru\u010dn\u011b \u0159e\u010deno, Falls Creek je skute\u010dn\u00fdm vysokohorsk\u00fdm prost\u0159ed\u00edm na australsk\u00e9m kontinentu, kde borov\u00e9 lesy a zamrzl\u00e1 jezera v zim\u011b ustupuj\u00ed \u0161irok\u00fdm sn\u011bhov\u00fdm pol\u00edm.<\/p>\n<p>Po\u010d\u00e1tky Falls Creek sahaj\u00ed do pov\u00e1le\u010dn\u00e9ho obdob\u00ed poloviny 20. stolet\u00ed. Po druh\u00e9 sv\u011btov\u00e9 v\u00e1lce a v\u00fdstavb\u011b nedalek\u00e9 vodn\u00ed elektr\u00e1rny Kiewa za\u010dali turist\u00e9 a voj\u00e1ci ly\u017eovat v t\u00e9to vysokohorsk\u00e9 oblasti. V roce 1948 zde in\u017een\u00fd\u0159i postavili prvn\u00ed primitivn\u00ed ly\u017ea\u0159skou chatu. Lanov\u00fd vlek byl instalov\u00e1n do roku 1951 a do roku 1957 se Falls Creek py\u0161nil prvn\u00ed seda\u010dkovou lanovkou v Austr\u00e1lii. \u201eVesnice\u201c rostla pomalu: v \u010dervnu 1958 byla otev\u0159ena po\u0161ta, co\u017e znamenalo jej\u00ed form\u00e1ln\u00ed uzn\u00e1n\u00ed. Po cel\u00e1 desetilet\u00ed pot\u00e9 byl Falls Creek v podstat\u011b letn\u00ed dobyt\u010d\u00ed oblast\u00ed, kter\u00e1 se v tepl\u00fdch m\u011bs\u00edc\u00edch vyu\u017e\u00edvala k pastv\u011b. To se zm\u011bnilo na za\u010d\u00e1tku roku 2000, kdy byla pastva definitivn\u011b zak\u00e1z\u00e1na z d\u016fvodu ochrany citliv\u00e9ho alpsk\u00e9ho prost\u0159ed\u00ed. Od t\u00e9 doby se profil st\u0159ediska zv\u00fd\u0161il. V\u00fdznamn\u00fd zlom nastal v roce 2019, kdy glob\u00e1ln\u00ed ly\u017ea\u0159sk\u00fd oper\u00e1tor Vail Resorts (zn\u00e1m\u00fd t\u00edm, \u017ee vlastn\u00ed Perisher v Nov\u00e9m Ji\u017en\u00edm Walesu) koupil Falls Creek (s horou Mt. Hotham) za p\u0159ibli\u017en\u011b 174 milion\u016f australsk\u00fdch dolar\u016f. Dnes, a\u010dkoli Falls Creek m\u00e1 atmosf\u00e9ru modern\u00ed ly\u017ea\u0159sk\u00e9 vesnice, n\u011bkter\u00e9 ran\u00e9 poz\u016fstatky (nap\u0159\u00edklad mal\u00e9 muzeum a \u201ehistorick\u00e9 chaty\u201c pod sjezdovkami) se dochovaly a p\u0159ipom\u00ednaj\u00ed pion\u00fdrsk\u00e9 \u010dasy chat a lanov\u00fdch vlek\u016f.<\/p>\n<p>Kultura Falls Creeku se velmi podob\u00e1 alpsk\u00e9 ly\u017ea\u0159sk\u00e9 vesnici. P\u0159evl\u00e1daj\u00edc\u00edm jazykem je angli\u010dtina a komunita se skl\u00e1d\u00e1 p\u0159ev\u00e1\u017en\u011b z Australan\u016f (\u010dasto z Viktori\u00e1nsk\u00e9 \u0159\u00ed\u0161e, kte\u0159\u00ed pracuj\u00ed jako ly\u017ea\u0159\u0161t\u00ed instrukto\u0159i a zam\u011bstnanci st\u0159ediska). \u017divotn\u00ed styl \u201ely\u017ea\u0159sk\u00fdch povale\u010d\u016f\u201c je zm\u00edrn\u011bn rodinn\u00fdm \u017eivotem \u2013 ve vesnici dokonce celoro\u010dn\u011b funguje z\u00e1kladn\u00ed \u0161kola. V zim\u011b se tempo soust\u0159ed\u00ed na hory, ale po setm\u011bn\u00ed je zde \u017eivo: v centru vesnice jsou bary a n\u011bkolik no\u010dn\u00edch klub\u016f, kter\u00e9 zabav\u00ed ly\u017ea\u0159e a snowboardisty. N\u00e1v\u0161t\u011bvn\u00edci zde \u010dasto za\u017e\u00edvaj\u00ed p\u0159\u00e1telskou a nen\u00e1ro\u010dnou atmosf\u00e9ru; m\u00edstn\u00ed Australan\u00e9 se m\u00eds\u00ed s mezin\u00e1rodn\u00edmi n\u00e1v\u0161t\u011bvn\u00edky, kte\u0159\u00ed p\u0159ij\u00ed\u017ed\u011bj\u00ed za pra\u0161anem. Mezi tradice komunity pat\u0159\u00ed oslavy konce roku a ly\u017ea\u0159sk\u00e9 z\u00e1vody. Dv\u011b charakteristick\u00e9 akce dokresluj\u00ed atmosf\u00e9ru: Kangaroo Hoppet je 42 km dlouh\u00fd b\u011b\u017eeck\u00fd maraton, kter\u00fd se kon\u00e1 ka\u017ed\u00fd srpen a p\u0159itahuje tis\u00edce ly\u017ea\u0159\u016f z Austr\u00e1lie i ze zahrani\u010d\u00ed. Za\u010d\u00e1tkem z\u00e1\u0159\u00ed se ve st\u0159edisku konaj\u00ed \u201eStylewars\u201c \u2013 snowboardov\u00e9 sout\u011b\u017ee ve slopestyle, kter\u00e9 do jeho ter\u00e9nn\u00edch park\u016f p\u0159iv\u00e1d\u011bj\u00ed australsk\u00e9 i mezin\u00e1rodn\u00ed jezdce. Ob\u011b akce vytv\u00e1\u0159ej\u00ed ve vesnici slavnostn\u00ed ruch. V l\u00e9t\u011b se atmosf\u00e9ra m\u011bn\u00ed: ve srovn\u00e1n\u00ed s n\u00edm je zde velmi ticho a n\u00e1v\u0161t\u011bvn\u00edci vym\u011b\u0148uj\u00ed ly\u017ee za turistick\u00e9 boty a kola. Celkov\u011b vzato, Falls Creek p\u016fsob\u00ed jako praktick\u00e1 horsk\u00e1 komunita s outdoorovou kulturou a kr\u00e1tkou, ale pulzuj\u00edc\u00ed turistickou sez\u00f3nou.<\/p>\n<p>Zdaleka hlavn\u00ed atrakc\u00ed Falls Creek je jeho horsk\u00fd ter\u00e9n. St\u0159edisko se py\u0161n\u00ed p\u0159ibli\u017en\u011b 76 sjezdovkami obsluhovan\u00fdmi 16 vleky a lanovkami. Tyto upraven\u00e9 sjezdovky (od m\u00edrn\u00fdch sjezdovek pro za\u010d\u00e1te\u010dn\u00edky a\u017e po strm\u00e9 \u010dern\u00e9 sjezdovky) l\u00e1kaj\u00ed ly\u017ea\u0159e v\u0161ech \u00farovn\u00ed. V zim\u011b je pouh\u00e9 ly\u017eov\u00e1n\u00ed nebo snowboarding na sjezdovk\u00e1ch Falls Creek \u2013 mezi kter\u00e9 pat\u0159\u00ed i 3 km dlouh\u00e1 stezka s n\u00e1zvem \u201eWishing Well\u201c \u2013 hlavn\u00edm z\u00e1\u017eitkem. Pro mnoho n\u00e1v\u0161t\u011bvn\u00edk\u016f je to p\u0159esn\u011b to, o \u010dem Falls Creek je. V letn\u00edch m\u011bs\u00edc\u00edch se zamrzl\u00e9 svahy snoub\u00ed s jinou krajinou: Falls Creek se proslavil sv\u00fdm horsk\u00fdm cyklistick\u00fdm parkem, kter\u00fd je vysoce hodnocen. St\u0159edisko nab\u00edz\u00ed des\u00edtky kilometr\u016f cyklostezek vinouc\u00ed se alpsk\u00fdm lesem. Ofici\u00e1ln\u00ed bro\u017eury st\u0159ediska dokonce naz\u00fdvaj\u00ed Falls Creek \u201eoutdoorovou Mekkou\u201c pro letn\u00ed sporty s mo\u017enostmi p\u011b\u0161\u00ed turistiky, b\u011bhu a cyklistiky kolem jezera Rocky Valley Lake a bl\u00edzk\u00fdch h\u0159eben\u016f. Mezi dal\u0161\u00ed atrakce pat\u0159\u00ed historick\u00e9 chatr\u010de pro chovatele dobytka (nap\u0159\u00edklad Wallace&#039;s Hut a Johanna&#039;s Hut) na \u00fapat\u00ed hory Mt. McKay \u2013 poz\u016fstatky star\u00e9 doby pastevectv\u00ed, kde se n\u00e1v\u0161t\u011bvn\u00edci mohou vr\u00e1tit do alpsk\u00e9ho \u017eivota v polovin\u011b 19. stolet\u00ed. V samotn\u00e9 vesnici je \u010dasto centrem aktivit komplex Falls Creek Alpine Resort \u2013 kombinace hotel\u016f, chat a obchod\u016f s p\u0159\u00edm\u00fdm p\u0159\u00edstupem na sjezdovku. M\u00edstn\u00ed b\u011b\u017eka\u0159sk\u00e9 trat\u011b (65 km upravovan\u00fdch okruh\u016f kolem vesnice a bl\u00edzk\u00fdch vrchol\u016f) jsou sv\u011btov\u00e9 t\u0159\u00eddy, tak\u017ee mnoho n\u00e1v\u0161t\u011bvn\u00edk\u016f zde vyzkou\u0161\u00ed b\u011b\u017eeck\u00e9 ly\u017eov\u00e1n\u00ed nebo ch\u016fzi na sn\u011b\u017enic\u00edch. Stru\u010dn\u011b \u0159e\u010deno, Falls Creek mus\u00ed v zim\u011b nav\u0161t\u00edvit sn\u011bhov\u00e1 pole a v l\u00e9t\u011b turistick\u00e9 a cyklistick\u00e9 stezky \u2013 v podstat\u011b je to horsk\u00e1 krajina, kter\u00e1 je l\u00e1kadlem.<\/p>\n<p>Doprava do Falls Creek vy\u017eaduje ur\u010dit\u00e9 pl\u00e1nov\u00e1n\u00ed. Nejbli\u017e\u0161\u00ed velk\u00e9 leti\u0161t\u011b je Albury (v ji\u017en\u00edm Nov\u00e9m Ji\u017en\u00edm Walesu, asi 130 km), ale mnoho n\u00e1v\u0161t\u011bvn\u00edk\u016f p\u0159il\u00e9t\u00e1 do Melbourne (leti\u0161t\u011b Tullamarine) a pot\u00e9 se do resortu doprav\u00ed autem nebo autobusem. Cesta z Melbourne po silnici je vzd\u00e1len\u00e1 asi 350 km (zhruba 5\u20136 hodin j\u00edzdy autem) po d\u00e1lnici Hume Freeway a Alpine Road. Do samotn\u00e9 vesnice se dostanete po Bogong High Plains Road z m\u011bsta Mount Beauty. D\u016fle\u017eit\u00e9 je, \u017ee tato vysokohorsk\u00e1 silnice je otev\u0159en\u00e1 celoro\u010dn\u011b, ale v zim\u011b mus\u00ed n\u00e1v\u0161t\u011bvn\u00edci v p\u0159\u00edpad\u011b ledu nebo hlubok\u00e9ho sn\u011bhu nosit a pou\u017e\u00edvat sn\u011bhov\u00e9 \u0159et\u011bzy. Ve skute\u010dnosti jsou vesnick\u00e9 silnice ve Falls Creek po v\u011bt\u0161inu ly\u017ea\u0159sk\u00e9 sez\u00f3ny zcela bez aut (resort uvedl, \u017ee v zim\u011b byly jeho vesnick\u00e9 silnice v roce 2022 uzav\u0159eny pro vozidla po dobu 93 dn\u016f), co\u017e znamen\u00e1, \u017ee lid\u00e9 parkuj\u00ed u \u00fapat\u00ed a ly\u017euj\u00ed nebo jdou do vesnice p\u011b\u0161ky. V ledov\u00fdch dnech jezd\u00ed bezplatn\u00fd kyvadlov\u00fd autobus, kter\u00fd pom\u00e1h\u00e1 p\u0159epravovat lidi do chat. Ve vesnici je v\u0161e dostupn\u00e9 p\u011b\u0161ky nebo na ly\u017e\u00edch. (Je pozoruhodn\u00e9, \u017ee v l\u00e9t\u011b jsou u cyklist\u016f obl\u00edben\u00e9 jak Bogong High Plains Road z Omea, tak Bogong Road a v oblasti se konaj\u00ed akce, jako je ka\u017edoro\u010dn\u00ed Peaks Challenge.) Z\u00e1kladn\u00ed tipy pro n\u00e1v\u0161t\u011bvn\u00edky: Ve Falls Creek se plat\u00ed australsk\u00fdmi dolary a v\u0161ude se mluv\u00ed anglicky. V zim\u011b se vy\u017eaduje vrstven\u00e9 outdoorov\u00e9 oble\u010den\u00ed; v l\u00e9t\u011b m\u016f\u017ee b\u00fdt na kopci v noci chladno. V hor\u00e1ch plat\u00ed z\u00e1sady bezpe\u010dnosti: v zim\u011b se dr\u017ete zna\u010den\u00fdch stezek, sledujte zm\u011bny po\u010das\u00ed a v l\u00e9t\u011b pou\u017e\u00edvejte ochranu p\u0159ed sluncem. Mobiln\u00ed spojen\u00ed je v nejvy\u0161\u0161\u00edch nadmo\u0159sk\u00fdch v\u00fd\u0161k\u00e1ch nepravideln\u00e9, proto si cestu pl\u00e1nujte dop\u0159edu. Celkov\u011b by si n\u00e1v\u0161t\u011bvn\u00edci m\u011bli b\u00fdt v\u011bdomi toho, \u017ee Falls Creek je odlehl\u00fd a vysokohorsk\u00fd \u2013 v zim\u011b je moudr\u00e9 po\u010d\u00edtat s del\u0161\u00edm \u010dasem na cestov\u00e1n\u00ed a p\u0159ipravit se na chladn\u00e9 podm\u00ednky.<\/p>","protected":false},"excerpt":{"rendered":"<p>Falls Creek Alpine Resort, zasazen\u00fd do n\u00e1dhern\u00fdch viktori\u00e1nsk\u00fdch Alp, je nejlep\u0161\u00edm \u00fato\u010di\u0161t\u011bm v Austr\u00e1lii pro alpsk\u00e1 dobrodru\u017estv\u00ed. Tento resort se nach\u00e1z\u00ed v oblasti Hume v Alpsk\u00e9m n\u00e1rodn\u00edm parku v severov\u00fdchodn\u00ed Victorii, zhruba 350 kilometr\u016f od Melbourne; nejbli\u017e\u0161\u00ed m\u011bsto je Mount Beauty, pouh\u00fdch 30 kilometr\u016f. Nejvy\u0161\u0161\u00ed bod resortu se ty\u010d\u00ed od 1 500 do 1 830 metr\u016f a jeho nejvy\u0161\u0161\u00ed bod je 1 780 metr\u016f. Pro ty, kte\u0159\u00ed hledaj\u00ed v\u011bt\u0161\u00ed vertik\u00e1ln\u00ed v\u00fdzvy, vol\u00e1 sousedn\u00ed vrchol Mount McKay, kter\u00fd se ty\u010d\u00ed do v\u00fd\u0161ky 1 842 metr\u016f a je z resortu dosa\u017eiteln\u00fd rolbou.<\/p>","protected":false},"author":1,"featured_media":2902,"parent":9806,"menu_order":0,"comment_status":"closed","ping_status":"closed","template":"elementor_theme","meta":{"_eb_attr":"","footnotes":""},"class_list":["post-10119","page","type-page","status-publish","has-post-thumbnail"],"_links":{"self":[{"href":"https:\/\/travelshelper.com\/cs\/wp-json\/wp\/v2\/pages\/10119","targetHints":{"allow":["GET"]}}],"collection":[{"href":"https:\/\/travelshelper.com\/cs\/wp-json\/wp\/v2\/pages"}],"about":[{"href":"https:\/\/travelshelper.com\/cs\/wp-json\/wp\/v2\/types\/page"}],"author":[{"embeddable":true,"href":"https:\/\/travelshelper.com\/cs\/wp-json\/wp\/v2\/users\/1"}],"replies":[{"embeddable":true,"href":"https:\/\/travelshelper.com\/cs\/wp-json\/wp\/v2\/comments?post=10119"}],"version-history":[{"count":0,"href":"https:\/\/travelshelper.com\/cs\/wp-json\/wp\/v2\/pages\/10119\/revisions"}],"up":[{"embeddable":true,"href":"https:\/\/travelshelper.com\/cs\/wp-json\/wp\/v2\/pages\/9806"}],"wp:featuredmedia":[{"embeddable":true,"href":"https:\/\/travelshelper.com\/cs\/wp-json\/wp\/v2\/media\/2902"}],"wp:attachment":[{"href":"https:\/\/travelshelper.com\/cs\/wp-json\/wp\/v2\/media?parent=10119"}],"curies":[{"name":"wp","href":"https:\/\/api.w.org\/{rel}","templated":true}]}}