{"id":13318,"date":"2024-09-17T16:05:30","date_gmt":"2024-09-17T16:05:30","guid":{"rendered":"https:\/\/travelshelper.com\/staging\/?page_id=13318"},"modified":"2026-03-12T22:41:53","modified_gmt":"2026-03-12T22:41:53","slug":"%d1%82%d1%80%d0%b5%d0%bd%d1%87%d0%b8%d0%bd","status":"publish","type":"page","link":"https:\/\/travelshelper.com\/bg\/destinations\/europe\/slovakia\/trencin\/","title":{"rendered":"\u0422\u0440\u0435\u043d\u0447\u0438\u043d"},"content":{"rendered":"<p>\u0422\u0440\u0435\u043d\u0447\u0438\u043d \u0435 \u0438\u0441\u0442\u043e\u0440\u0438\u0447\u0435\u0441\u043a\u0438 \u0433\u0440\u0430\u0434 \u0441 \u043f\u0440\u0438\u0431\u043b\u0438\u0437\u0438\u0442\u0435\u043b\u043d\u043e 54 107 \u0436\u0438\u0442\u0435\u043b\u0438, \u043e\u0431\u0445\u0432\u0430\u0449\u0430\u0449 \u043f\u043b\u043e\u0449 \u043e\u0442 \u043f\u0440\u0438\u0431\u043b\u0438\u0437\u0438\u0442\u0435\u043b\u043d\u043e 82 \u043a\u0432\u0430\u0434\u0440\u0430\u0442\u043d\u0438 \u043a\u0438\u043b\u043e\u043c\u0435\u0442\u0440\u0430, \u0440\u0430\u0437\u043f\u043e\u043b\u043e\u0436\u0435\u043d\u0430 \u0432 \u0434\u0435\u0441\u0435\u0442 \u043a\u0430\u0434\u0430\u0441\u0442\u0440\u0430\u043b\u043d\u0438 \u0442\u0435\u0440\u0438\u0442\u043e\u0440\u0438\u0438 \u0432 \u0441\u0435\u0432\u0435\u0440\u043e\u0437\u0430\u043f\u0430\u0434\u043d\u0430 \u0421\u043b\u043e\u0432\u0430\u043a\u0438\u044f. \u0420\u0430\u0437\u043f\u043e\u043b\u043e\u0436\u0435\u043d \u043d\u0430 \u043e\u043a\u043e\u043b\u043e 120 \u043a\u0438\u043b\u043e\u043c\u0435\u0442\u0440\u0430 \u0441\u0435\u0432\u0435\u0440\u043e\u0438\u0437\u0442\u043e\u0447\u043d\u043e \u043e\u0442 \u0411\u0440\u0430\u0442\u0438\u0441\u043b\u0430\u0432\u0430, \u0432 \u0441\u044a\u0440\u0446\u0435\u0442\u043e \u043d\u0430 \u0446\u0435\u043d\u0442\u0440\u0430\u043b\u043d\u0438\u044f \u0440\u0435\u0433\u0438\u043e\u043d \u041f\u043e\u0432\u0430\u0436\u0438\u0435, \u0442\u043e\u0439 \u0437\u0430\u0435\u043c\u0430 \u0441\u0442\u0440\u0430\u0442\u0435\u0433\u0438\u0447\u0435\u0441\u043a\u0438 \u0437\u0430\u0432\u043e\u0439 \u043d\u0430 \u0440\u0435\u043a\u0430 \u0412\u0430\u0445, \u043a\u044a\u0434\u0435\u0442\u043e \u0441\u043a\u0430\u043b\u0438\u0441\u0442 \u043d\u043e\u0441 \u043d\u044f\u043a\u043e\u0433\u0430 \u0435 \u043f\u0440\u0435\u0433\u0440\u044a\u0449\u0430\u043b \u043f\u043e-\u0441\u0442\u0430\u0440\u043e \u0440\u0435\u0447\u043d\u043e \u043a\u043e\u0440\u0438\u0442\u043e. \u041a\u0430\u0442\u043e \u0430\u0434\u043c\u0438\u043d\u0438\u0441\u0442\u0440\u0430\u0442\u0438\u0432\u0435\u043d \u0446\u0435\u043d\u0442\u044a\u0440 \u043d\u0430 \u0422\u0440\u0435\u043d\u0447\u0438\u043d\u0441\u043a\u0438\u044f \u043a\u0440\u0430\u0439 \u2013 \u0435\u0434\u043d\u0430 \u043e\u0442 \u043e\u0441\u0435\u043c\u0442\u0435 \u0440\u0435\u0433\u0438\u043e\u043d\u0430\u043b\u043d\u0438 \u0435\u0434\u0438\u043d\u0438\u0446\u0438 \u043d\u0430 \u0421\u043b\u043e\u0432\u0430\u043a\u0438\u044f \u2013 \u0442\u043e\u0439 \u0435 \u0446\u0435\u043d\u0442\u044a\u0440 \u043d\u0430 \u043a\u043e\u043d\u0442\u0438\u043d\u0443\u0443\u043c \u043e\u0442 \u0433\u0440\u0430\u0434\u0441\u043a\u0438 \u0441\u0435\u043b\u0438\u0449\u0430, \u043f\u0440\u043e\u0441\u0442\u0438\u0440\u0430\u0449\u0438 \u0441\u0435 \u043d\u0430 \u0434\u0432\u0430\u0434\u0435\u0441\u0435\u0442 \u043a\u0438\u043b\u043e\u043c\u0435\u0442\u0440\u0430 \u0441\u0435\u0432\u0435\u0440\u043e\u0438\u0437\u0442\u043e\u0447\u043d\u043e, \u0431\u0435\u0437 \u043f\u0440\u0435\u043a\u044a\u0441\u0432\u0430\u043d\u0435 \u043e\u0442 \u041d\u0435\u043c\u0448\u043e\u0432\u0430 \u0434\u043e \u0418\u043b\u0430\u0432\u0430. \u0426\u0435\u043d\u0442\u044a\u0440 \u043d\u0430 \u0442\u044a\u0440\u0433\u043e\u0432\u0438\u044f\u0442\u0430, \u043a\u0443\u043b\u0442\u0443\u0440\u0430\u0442\u0430, \u0441\u043f\u043e\u0440\u0442\u0430 \u0438 \u043c\u043e\u0434\u0430\u0442\u0430, \u0422\u0440\u0435\u043d\u0447\u0438\u043d \u0441\u0435 \u0435 \u0440\u0430\u0437\u0432\u0438\u043b \u043e\u043a\u043e\u043b\u043e \u0432\u043d\u0443\u0448\u0438\u0442\u0435\u043b\u043d\u0438\u044f \u0441\u0438 \u0437\u0430\u043c\u044a\u043a, \u0432\u043f\u043b\u0438\u0442\u0430\u0439\u043a\u0438 \u0440\u0438\u043c\u0441\u043a\u043e \u043d\u0430\u0441\u043b\u0435\u0434\u0441\u0442\u0432\u043e, \u0441\u0440\u0435\u0434\u043d\u043e\u0432\u0435\u043a\u043e\u0432\u043d\u0438 \u0443\u043a\u0440\u0435\u043f\u043b\u0435\u043d\u0438\u044f, \u0431\u0430\u0440\u043e\u043a\u043e\u0432\u0438 \u0441\u0433\u0440\u0430\u0434\u0438 \u0438 \u043c\u043e\u0434\u0435\u0440\u043d\u0430 \u0438\u043d\u0444\u0440\u0430\u0441\u0442\u0440\u0443\u043a\u0442\u0443\u0440\u0430 \u0432 \u0435\u0434\u0438\u043d\u043d\u0430 \u0433\u0440\u0430\u0434\u0441\u043a\u0430 \u0442\u044a\u043a\u0430\u043d.<\/p>\n<p>\u041e\u0442 \u0432\u0438\u0441\u043e\u0447\u0438\u043d\u0438\u0442\u0435 \u043d\u0430 \u0437\u0430\u043f\u0430\u0434\u043d\u0438\u044f \u0441\u043a\u043b\u043e\u043d \u043d\u0430 \u041a\u0430\u0440\u043f\u0430\u0442\u0438\u0442\u0435 \u0434\u043e \u0441\u0435\u0432\u0435\u0440\u043d\u043e-\u044e\u0436\u043d\u0430\u0442\u0430 \u043e\u0441 \u043d\u0430 \u0440\u0435\u043a\u0430 \u0412\u0430\u0445, \u0433\u0435\u043e\u0433\u0440\u0430\u0444\u0438\u044f\u0442\u0430 \u043d\u0430 \u0422\u0440\u0435\u043d\u0447\u0438\u043d \u043e\u0444\u043e\u0440\u043c\u044f \u0432\u0441\u0435\u043a\u0438 \u0430\u0441\u043f\u0435\u043a\u0442 \u043e\u0442 \u0433\u0440\u0430\u0434\u0441\u043a\u0438\u044f \u0436\u0438\u0432\u043e\u0442. \u0420\u0435\u043a\u0430 \u0412\u0430\u0445, \u043d\u0430\u0439-\u0434\u044a\u043b\u0433\u0430\u0442\u0430 \u0432 \u0421\u043b\u043e\u0432\u0430\u043a\u0438\u044f, \u043f\u0440\u0435\u0441\u0438\u0447\u0430 \u0441\u0435\u043b\u0438\u0449\u0435\u0442\u043e \u043d\u0430 \u0434\u0432\u0435, \u043f\u0440\u0438\u0435\u043c\u0430\u0439\u043a\u0438 \u041d\u043e\u0441\u0438\u0446\u043a\u0438\u044f \u043a\u0430\u043d\u0430\u043b \u0442\u043e\u0447\u043d\u043e \u0437\u0430\u0434 \u0435\u043b\u0435\u043a\u0442\u0440\u043e\u0446\u0435\u043d\u0442\u0440\u0430\u043b\u0430\u0442\u0430 \u0421\u043a\u0430\u043b\u043a\u0430 \u043d\u0430\u0434 \u0438\u0441\u0442\u043e\u0440\u0438\u0447\u0435\u0441\u043a\u0438\u044f \u0446\u0435\u043d\u0442\u044a\u0440 \u0438 \u0440\u0430\u0437\u0434\u0435\u043b\u044f\u0439\u043a\u0438 \u0441\u0435 \u0441 \u0411\u0438\u0441\u043a\u0443\u043f\u0438\u0446\u043a\u0438\u044f \u043a\u0430\u043d\u0430\u043b, \u0434\u043e\u043a\u0430\u0442\u043e \u0432\u044a\u0437\u043e\u0431\u043d\u043e\u0432\u044f\u0432\u0430 \u0442\u0435\u0447\u0435\u043d\u0438\u0435\u0442\u043e \u0441\u0438. \u0412 \u0440\u0430\u0439\u043e\u043d\u0430 \u043d\u0430 \u0421\u0438\u0445\u043e\u0442, \u043f\u043e\u0442\u043e\u043a\u044a\u0442 \u0422\u0435\u043f\u043b\u0438\u0447\u043a\u0430 \u043f\u0440\u0435\u043c\u0438\u043d\u0430\u0432\u0430 \u043f\u0440\u0435\u0437 \u041d\u043e\u0441\u0438\u0446\u043a\u0438\u044f \u043a\u0430\u043d\u0430\u043b, \u0441 \u043f\u0440\u0438\u0442\u043e\u0446\u0438 \u043a\u0430\u0442\u043e \u041e\u043f\u0430\u0442\u043e\u0432\u0441\u043a\u0438\u044f \u0438 \u041a\u0443\u0431\u0440\u0430\u043d\u0441\u043a\u0438\u044f \u043f\u043e\u0442\u043e\u0446\u0438, \u043a\u043e\u0438\u0442\u043e \u0437\u0430\u0445\u0440\u0430\u043d\u0432\u0430\u0442 \u0442\u0435\u0447\u0435\u043d\u0438\u0435\u0442\u043e \u043c\u0443. \u041e\u0440\u0435\u0445\u043e\u0432\u0441\u043a\u0438\u044f\u0442 \u043f\u043e\u0442\u043e\u043a \u0441\u0435 \u0432\u043b\u0438\u0432\u0430 \u0432\u044a\u0432 \u0412\u0430\u0445 \u043e\u0442 \u0438\u0437\u0442\u043e\u043a, \u0434\u043e\u043a\u0430\u0442\u043e \u043d\u0430 \u0437\u0430\u043f\u0430\u0434 \u0417\u043b\u0430\u0442\u043e\u0432\u0441\u043a\u0438\u044f\u0442 \u043f\u043e\u0442\u043e\u043a \u0441\u0435 \u0441\u043b\u0438\u0432\u0430 \u0441 \u0414\u0440\u0438\u0435\u0442\u043e\u043c\u0438\u0446\u0430 \u043f\u043e\u0434 \u0433\u0440\u0430\u0434\u0441\u043a\u0430\u0442\u0430 \u043f\u0435\u0440\u0438\u0444\u0435\u0440\u0438\u044f. \u041f\u043e \u044e\u0436\u043d\u0430\u0442\u0430 \u043f\u0435\u0440\u0438\u0444\u0435\u0440\u0438\u044f \u043f\u043e\u0442\u043e\u043a\u044a\u0442 \u041b\u0430\u0432\u0438\u0447\u043a\u043e\u0432\u0438 \u0441\u0435 \u0441\u043f\u0443\u0441\u043a\u0430 \u043f\u0440\u0435\u0437 \u0442\u0435\u0440\u0435\u043d\u0430 \u043d\u0430 \u0421\u043e\u0431\u043b\u0430\u0445\u043e\u0432\u0441\u043a\u0438, \u043f\u0440\u043e\u0441\u043b\u0435\u0434\u044f\u0432\u0430\u0439\u043a\u0438 \u0433\u0440\u0430\u043d\u0438\u0446\u0430\u0442\u0430 \u043d\u0430 \u0437\u0430\u0441\u0442\u0440\u043e\u0435\u043d\u0430\u0442\u0430 \u0441\u0440\u0435\u0434\u0430 \u043d\u0430 \u0433\u0440\u0430\u0434\u0430. \u0414\u043e\u0440\u0438 \u0441\u043a\u0440\u043e\u043c\u043d\u043e\u0442\u043e \u0432\u043e\u0434\u043d\u043e \u0442\u0435\u0447\u0435\u043d\u0438\u0435 \u043e\u0442 \u0417\u0430\u0431\u0440\u0430\u043d\u0438 \u043f\u043e\u0434 \u043c\u0430\u0441\u0438\u0432\u0430 \u041a\u043e\u0437\u0438\u0435\u0445 \u0432\u0440\u044a\u0445 \u043d\u0430\u043c\u0438\u0440\u0430 \u0441\u0432\u043e\u0435\u0442\u043e \u043c\u044f\u0441\u0442\u043e \u0432 \u0422\u0435\u043f\u043b\u0438\u0447\u043a\u0430 \u0431\u043b\u0438\u0437\u043e \u0434\u043e \u0421\u0438\u0445\u043e\u0442 IV.<\/p>\n<p>\u0422\u0435\u0437\u0438 \u0432\u043e\u0434\u043d\u0438 \u043f\u044a\u0442\u0438\u0449\u0430 \u0438\u0437\u0440\u0430\u0437\u044f\u0432\u0430\u0442 \u0444\u043e\u0440\u043c\u0430\u0442\u0430 \u043d\u0430 \u0433\u0440\u0430\u0434\u0430, \u043d\u043e \u043e\u043a\u043e\u043b\u043d\u0438\u0442\u0435 \u043f\u043b\u0430\u043d\u0438\u043d\u0438 \u0434\u0435\u0444\u0438\u043d\u0438\u0440\u0430\u0442 \u043a\u043e\u043d\u0442\u0443\u0440\u0438\u0442\u0435 \u043c\u0443. \u0422\u0440\u0435\u043d\u0447\u0438\u043d \u0435 \u0440\u0430\u0437\u043f\u043e\u043b\u043e\u0436\u0435\u043d \u043c\u0435\u0436\u0434\u0443 \u0437\u0430\u043f\u0430\u0434\u043d\u0438\u0442\u0435 \u0441\u043a\u043b\u043e\u043d\u043e\u0432\u0435 \u043d\u0430 \u0411\u0435\u043b\u0438\u0442\u0435 \u041a\u0430\u0440\u043f\u0430\u0442\u0438 \u0438 \u0438\u0437\u0442\u043e\u0447\u043d\u0438\u0442\u0435 \u043c\u0430\u0441\u0438\u0432\u0438 \u043d\u0430 \u041f\u043e\u0432\u0430\u0436\u0441\u043a\u0438 \u0418\u043d\u043e\u0432\u0435\u0446 \u0438 \u0421\u0442\u0440\u0430\u0436\u043e\u0432\u0441\u043a\u0438 \u0432\u044a\u0440\u0445\u043e\u0432\u0435. \u041f\u043e\u0434 \u043a\u043e\u0440\u043e\u043d\u0430\u0442\u0430 \u043d\u0430 \u041a\u043e\u0437\u0438\u0435\u0445\u043e \u0432\u0440\u044a\u0445 - 363-\u043c\u0435\u0442\u0440\u043e\u0432 \u0445\u044a\u043b\u043c, \u043a\u043e\u0439\u0442\u043e \u043d\u044f\u043a\u043e\u0433\u0430 \u0435 \u0432\u044a\u0437\u043f\u0440\u0435\u043f\u044f\u0442\u0441\u0442\u0432\u0430\u043b \u043f\u044a\u0442\u0443\u0432\u0430\u043d\u0435\u0442\u043e - \u0441\u0435 \u043d\u0430\u043c\u0438\u0440\u0430 \u0433\u043e\u0440\u0441\u043a\u0438 \u043f\u0430\u0440\u043a \u0411\u0440\u0435\u0437\u0438\u043d\u0430, \u0447\u0438\u0438\u0442\u043e \u0437\u0430\u043b\u0435\u0441\u0435\u043d\u0438 \u0441\u043a\u043b\u043e\u043d\u043e\u0432\u0435 \u0441\u043c\u0435\u043a\u0447\u0430\u0432\u0430\u0442 \u0433\u0440\u0430\u0434\u0441\u043a\u0430\u0442\u0430 \u043c\u0440\u0435\u0436\u0430. \u041f\u0440\u0438\u0441\u044a\u0441\u0442\u0432\u0438\u0435\u0442\u043e \u043d\u0430 \u0445\u044a\u043b\u043c\u0430 \u043f\u0440\u0438\u0434\u0430\u0432\u0430 \u043d\u0435\u0440\u0430\u0432\u043d\u0430 \u0444\u043e\u0440\u043c\u0430 \u043d\u0430 \u0433\u0440\u0430\u0434\u0430, \u0443\u0434\u044a\u043b\u0436\u0430\u0432\u0430\u0439\u043a\u0438 \u0442\u0440\u0430\u043d\u0441\u043f\u043e\u0440\u0442\u043d\u0438\u0442\u0435 \u043c\u0430\u0440\u0448\u0440\u0443\u0442\u0438 \u0438 \u043e\u0433\u0440\u0430\u043d\u0438\u0447\u0430\u0432\u0430\u0439\u043a\u0438 \u0440\u0430\u0437\u0432\u0438\u0442\u0438\u0435\u0442\u043e \u0434\u043e \u043d\u0435\u043f\u0440\u0430\u0432\u0438\u043b\u043d\u0438 \u0434\u0436\u043e\u0431\u043e\u0432\u0435 \u043c\u0435\u0436\u0434\u0443 \u0431\u0438\u043b\u0430\u0442\u0430 \u0438 \u0440\u0435\u0447\u043d\u0438\u0442\u0435 \u0431\u0440\u0435\u0433\u043e\u0432\u0435. \u0412 \u0442\u0430\u0437\u0438 \u043e\u0431\u0441\u0442\u0430\u043d\u043e\u0432\u043a\u0430 \u0437\u0430\u0441\u0442\u0440\u043e\u0435\u043d\u043e\u0442\u043e \u043f\u0440\u043e\u0441\u0442\u0440\u0430\u043d\u0441\u0442\u0432\u043e \u0441\u0435 \u043f\u0440\u0435\u043f\u043b\u0438\u0442\u0430 \u0441\u044a\u0441 \u0437\u0435\u043b\u0435\u043d\u0438 \u043a\u043e\u0440\u0438\u0434\u043e\u0440\u0438, \u0437\u0430\u043f\u0430\u0437\u0432\u0430\u0439\u043a\u0438 \u0433\u043b\u0435\u0434\u043a\u0438\u0442\u0435 \u043a\u044a\u043c \u0441\u043a\u0430\u043b\u0430\u0442\u0430 \u043d\u0430 \u0437\u0430\u043c\u044a\u043a\u0430 \u043e\u0442 \u043c\u043d\u043e\u0436\u0435\u0441\u0442\u0432\u043e \u0433\u043b\u0435\u0434\u043d\u0438 \u0442\u043e\u0447\u043a\u0438.<\/p>\n<p>Perched atop the rocky escarpment, Tren\u010d\u00edn Castle occupies the city\u2019s most emblematic position. Since its enlargement in the thirteenth century, the fortress has seen the tenure of noble houses and sovereign rulers, from Mat\u00fa\u0161 \u010c\u00e1k Tren\u010d\u00ednsky to \u013dudov\u00edt the Great, \u017digmund of Luxembourg, the Z\u00e1po\u013esk\u00fd brothers and the Ilesh\u00e1zi family after 1600. A conflagration in 1790 reduced sections of the complex to ruins, and only in 1955 did systematic conservation and reconstruction begin. Further trials befell the west fortifications when a portion collapsed on March 7, 2003. Beneath the castle, the city centre lies in shadow, its streets winding around the former riverbed, now straddled by a modern thoroughfare.<\/p>\n<p>Below the fortress, a Gothic stairway ascends from the square to the parish church and adjacent defenses. Erected in 1568 to facilitate the movement of defenders between the city walls and the armory built a few years prior, these \u201cparish stairs\u201d endured fire damage in 1708 and were restored to their current form between 1978 and 1981. Their vaulted canopy shelters the pilgrim and the pilgrim\u2019s gaze alike, framing views of the castle above.<\/p>\n<p>The Church of the Nativity of the Virgin Mary presides over the old town with its tower rising above the narrow streets. Alongside it stands the only preserved Gothic structure in Tren\u010d\u00edn: the funeral chapel and ossuary of St. Michael, a somber testament to the city\u2019s medieval piety. Nearby, the Church of St. Cosmas and Damian in the Biskupice district dates to the mid\u2010thirteenth century, its simple lines speaking to the village origins of what is now a city neighbourhood.<\/p>\n<p>A solitary city gate survives from the full complement of medieval portals. Known as the Lower Gate, or Turkish Gate, it showcases a pointed Gothic arch over which two Latin inscriptions proclaim both divine and civic protection. One inscription reads, \u201cSi Deus non custodit civitatem, frustra vigilat qui custodit eam\u201d\u2014an admonition that even the most vigilant guard remains helpless without higher safeguarding. The city coat of arms, emblazoned between the inscriptions, affirms Tren\u010d\u00edn\u2019s municipal identity.<\/p>\n<p>Long before the medieval rulers shaped Tren\u010d\u00edn, Roman legions wintered here. A Latin inscription carved into the castle rock in 179 AD marks the northernmost evidence of the Marcomannic Wars, when the encampment of Laugaricio endured the rigours of a Central European winter. Rediscovered in the nineteenth century, the inscription now resides behind the Hotel Elizabeth, a modern landmark that bears the name of the empress for whom it was once dedicated.<\/p>\n<p>Peace Square, where courtly processions once paraded, is now graced by a Plague Column crowned with the Holy Trinity. Erected in 1712 at the behest of Count Mikul\u00e1\u0161 Ile\u0161h\u00e1zi, it commemorates the great epidemic of 1710. The white stone column pierces the square\u2019s axial space, recalling both the fragility of life and the city\u2019s resilience.<\/p>\n<p>On the main square\u2019s western flank stands the Piarist Church of St. Francis Xavier, once a Jesuit establishment, its Baroque fa\u00e7ade restored most recently in May 2016. Nearby, an Evangelical church built around 1795 marks the city\u2019s growing religious diversity, while the modest Chapel of St. Anne, built in 1789, occupies its own niche on a nearby square. In 1913, the Jewish community completed a neoclassical synagogue on the site of an older house of worship; today it serves as a cultural centre, accommodating exhibitions and concerts that recall the community\u2019s once\u2010vibrant presence. In Mat\u00fa\u0161ov\u00e1 Street, the Executioner\u2019s House stands as a rare urban relic of medieval justice, housing both the executioner\u2019s quarters and a chilling torture chamber.<\/p>\n<p>Tren\u010d\u00edn\u2019s position at key crossroads has fostered trade since Roman times. Its riverine location once enabled the transport of timber, salt and agricultural produce downriver, while overland routes connected it to Bratislava, \u017dilina and beyond. Today the city remains a hub of commerce and industry, hosting the headquarters and branches of national and international firms. Fashion fairs trace their origins to early exhibitions held in the castle courtyard; the city\u2019s reputation as a centre of sartorial display endures in seasonal events that attract designers and buyers to its streets.<\/p>\n<p>As the eighth\u2010largest city by population in Slovakia, Tren\u010d\u00edn administers nine surrounding districts\u2014B\u00e1novce nad Bebravou, Ilava, Myjava, Nov\u00e9 Mesto nad V\u00e1hom, Partiz\u00e1nske, Pova\u017esk\u00e1 Bystrica, Prievidza, P\u00fachov and Tren\u010d\u00edn itself\u2014providing regional governance and services. Its own agglomeration extends northeastward along the V\u00e1h, encompassing the towns of Nem\u0161ov\u00e1, Tren\u010dianske Teplice, Nov\u00e1 Dubnica, Dubnica nad V\u00e1hom and Ilava. This continuous urbanised corridor exemplifies the central Pova\u017eie region\u2019s development, where industrial zones and residential neighbourhoods interlace with patches of forest and farmland.<\/p>\n<p>Rail transport links Tren\u010d\u00edn to Bratislava and \u017dilina via Line 120, whose modernization has been completed, and to Chynorany via Line 143. In 2017, a new railway bridge opened, prompting the construction of a replacement summer swimming pool and additional housing along Slivkov\u00e1 and \u0160afr\u00e1nov\u00e1 streets. Plans for a redesigned bus station promise a modern terminal directly connected to the railway hub, reflecting the city\u2019s commitment to intermodal transit. Four stations serve Tren\u010d\u00edn: the main Tren\u010d\u00edn station on both lines, Tren\u010d\u00edn\u2013Predmestie on Line 143, Tren\u010d\u00edn\u2013Zlatovce on Line 120 and the Tren\u010d\u00edn\u2013Opatov\u00e1 halt.<\/p>\n<p>Road infrastructure is anchored by the D1 Motorway\u2019s Chocholn\u00e1\u2013Nem\u0161ov\u00e1 section and state roads I\/61 and II\/507. The planned R2 expressway will relieve I\/9 traffic along the city\u2019s southwestern edge. Since March 2015, the southeastern bypass\u2014featuring a second V\u00e1h bridge\u2014diverts vehicles away from the historic centre, flowing along four lanes of Elektri\u010dn\u00e1 Street toward Dubnica. Its second stage will tunnel through the Brezina massif, linking V\u00fdchodn\u00e1 Street to Kubr\u00e1 and easing congestion around SNP Square by the Hotel Elizabeth.<\/p>\n<p>Above the Biskupice district, Tren\u010d\u00edn Airport supports both military and civilian aviation. The on-site company Leteck\u00e9 opravovne Tren\u010d\u00edn undertakes maintenance of aircraft and helicopters from around the globe. Although scheduled commercial flights are limited, the airport\u2019s operations underscore Tren\u010d\u00edn\u2019s role in regional aeronautics and logistics.<\/p>\n<p>Within city limits, Transdev Tren\u010d\u00edn operates a network of bus lines numbered 1 through 31, fulfilling public service obligations. Proposals once considered trolleybus extensions to Dubnica have given way to bus\u2010only routes, while future ambitions include raising the tracks of the B\u00e1novec railway line to street level, forging a link between the centre and southern districts.<\/p>\n<p>On the V\u00e1h Waterway\u2019s projected course, Tren\u010d\u00edn has constructed a lock to manage river\u2010level differences at its dam. A modest dock accommodates cruise vessels, sports boats and rescue craft, and plans for a full\u2010scale port remain under consideration. Such waterborne transit would reaffirm Tren\u010d\u00edn\u2019s ancient role as a riverine node, even as land and air networks have come to dominate.<\/p>\n<p>Demographically, Tren\u010d\u00edn\u2019s 2001 census recorded 65.8 percent Roman Catholic adherents, 7.1 percent Lutheran, and 22.3 percent reporting no religious affiliation; ethnically, it was 95.3 percent Slovak and 2.4 percent Czech. By 2018 the population had modestly increased to over 55,000, reflecting steady economic growth, low unemployment and a comparatively high standard of living. Winters linger beneath the surrounding heights, summers remain temperate by national measures, and the prevailing winds between mountain chains shape daily weather patterns.<\/p>\n<p>Cultural life in Tren\u010d\u00edn pulses with music and sport. Since 1997, Pohoda festival has drawn the largest audiences of any Slovak music event, occupying the airport grounds each summer with an eclectic program. In ice hockey, the local club ranks among the nation\u2019s elite, its rink a gathering place for fervent supporters. Exhibitions and fairs continue in the castle precincts and municipal halls, sustaining a tradition that stretches back to early trade gatherings.<\/p>\n<p>As Tren\u010d\u00edn looks forward, it balances heritage and innovation. The gradual restoration of its monuments\u2014churches, synagogues and fortifications\u2014is matched by investments in transport and public space. New housing developments rise on former agricultural land, while planning efforts seek to preserve green corridors along streams and hills. The city strives to strengthen its profile as a regional tourist destination, promoting its architectural ensemble and natural setting without resorting to formulaic appeals. Its narrative remains one of continuity and adaptation: a city shaped by rivers, hills and history, carrying its past into the shaping of tomorrow.<\/p>","protected":false},"excerpt":{"rendered":"<p>\u0422\u0440\u0435\u043d\u0447\u0438\u043d, \u0433\u0440\u0430\u0434 \u0441 \u043d\u0430\u0434 55 000 \u0436\u0438\u0442\u0435\u043b\u0438, \u0435 \u043e\u0441\u043c\u0430\u0442\u0430 \u043f\u043e \u0433\u043e\u043b\u0435\u043c\u0438\u043d\u0430 \u043e\u0431\u0449\u0438\u043d\u0430 \u0432 \u0421\u043b\u043e\u0432\u0430\u043a\u0438\u044f. \u0421\u0433\u0443\u0448\u0435\u043d \u0432 \u0437\u0430\u043f\u0430\u0434\u043d\u0430\u0442\u0430 \u0447\u0430\u0441\u0442 \u043d\u0430 \u0441\u0442\u0440\u0430\u043d\u0430\u0442\u0430, \u0442\u043e\u0437\u0438 \u0438\u0441\u0442\u043e\u0440\u0438\u0447\u0435\u0441\u043a\u0438 \u0433\u0440\u0430\u0434\u0441\u043a\u0438 \u0446\u0435\u043d\u0442\u044a\u0440 \u0435 \u0441\u0442\u0440\u0430\u0442\u0435\u0433\u0438\u0447\u0435\u0441\u043a\u0438 \u0440\u0430\u0437\u043f\u043e\u043b\u043e\u0436\u0435\u043d \u0432 \u0446\u0435\u043d\u0442\u0440\u0430\u043b\u043d\u0430\u0442\u0430 \u0434\u043e\u043b\u0438\u043d\u0430 \u043d\u0430 \u0440\u0435\u043a\u0430 \u0412\u0430\u0445, \u043d\u0430 \u043e\u043a\u043e\u043b\u043e 95 \u043a\u0438\u043b\u043e\u043c\u0435\u0442\u0440\u0430 (59 \u043c\u0438\u043b\u0438) \u043e\u0442 \u0441\u0442\u043e\u043b\u0438\u0446\u0430\u0442\u0430 \u0411\u0440\u0430\u0442\u0438\u0441\u043b\u0430\u0432\u0430. \u0411\u043b\u0438\u0437\u043e\u0441\u0442\u0442\u0430 \u043c\u0443 \u0434\u043e \u0447\u0435\u0448\u043a\u0430\u0442\u0430 \u0433\u0440\u0430\u043d\u0438\u0446\u0430, \u0441\u044a\u0447\u0435\u0442\u0430\u043d\u0430 \u0441 \u0431\u043e\u0433\u0430\u0442\u043e\u0442\u043e \u043c\u0443 \u043a\u0443\u043b\u0442\u0443\u0440\u043d\u043e \u043d\u0430\u0441\u043b\u0435\u0434\u0441\u0442\u0432\u043e, \u043f\u0440\u0435\u0432\u044a\u0440\u043d\u0430\u0445\u0430 \u0422\u0440\u0435\u043d\u0447\u0438\u043d \u0432\u044a\u0432 \u0432\u0430\u0436\u0435\u043d \u043a\u0440\u044a\u0441\u0442\u043e\u043f\u044a\u0442 \u043d\u0430 \u0446\u0435\u043d\u0442\u0440\u0430\u043b\u043d\u043e\u0435\u0432\u0440\u043e\u043f\u0435\u0439\u0441\u043a\u0430\u0442\u0430 \u0438\u0441\u0442\u043e\u0440\u0438\u044f \u0438 \u0441\u044a\u0432\u0440\u0435\u043c\u0435\u043d\u043d\u0438\u044f \u0441\u043b\u043e\u0432\u0430\u0448\u043a\u0438 \u0436\u0438\u0432\u043e\u0442.<\/p>","protected":false},"author":1,"featured_media":3989,"parent":13300,"menu_order":0,"comment_status":"closed","ping_status":"closed","template":"elementor_theme","meta":{"_eb_attr":"","footnotes":""},"class_list":["post-13318","page","type-page","status-publish","has-post-thumbnail"],"_links":{"self":[{"href":"https:\/\/travelshelper.com\/bg\/wp-json\/wp\/v2\/pages\/13318","targetHints":{"allow":["GET"]}}],"collection":[{"href":"https:\/\/travelshelper.com\/bg\/wp-json\/wp\/v2\/pages"}],"about":[{"href":"https:\/\/travelshelper.com\/bg\/wp-json\/wp\/v2\/types\/page"}],"author":[{"embeddable":true,"href":"https:\/\/travelshelper.com\/bg\/wp-json\/wp\/v2\/users\/1"}],"replies":[{"embeddable":true,"href":"https:\/\/travelshelper.com\/bg\/wp-json\/wp\/v2\/comments?post=13318"}],"version-history":[{"count":0,"href":"https:\/\/travelshelper.com\/bg\/wp-json\/wp\/v2\/pages\/13318\/revisions"}],"up":[{"embeddable":true,"href":"https:\/\/travelshelper.com\/bg\/wp-json\/wp\/v2\/pages\/13300"}],"wp:featuredmedia":[{"embeddable":true,"href":"https:\/\/travelshelper.com\/bg\/wp-json\/wp\/v2\/media\/3989"}],"wp:attachment":[{"href":"https:\/\/travelshelper.com\/bg\/wp-json\/wp\/v2\/media?parent=13318"}],"curies":[{"name":"wp","href":"https:\/\/api.w.org\/{rel}","templated":true}]}}